{"id":447953,"date":"2025-02-26T09:46:40","date_gmt":"2025-02-26T08:46:40","guid":{"rendered":"https:\/\/www.pricetornado.com\/da\/produkt\/peugeot-paris-peberkvaern-18-cm-natur-boeg\/"},"modified":"2026-04-29T05:30:18","modified_gmt":"2026-04-29T03:30:18","slug":"peugeot-paris-peberkvaern-18-cm-natur-boeg","status":"publish","type":"product","link":"https:\/\/www.pricetornado.com\/da\/produkt\/peugeot-paris-peberkvaern-18-cm-natur-boeg\/","title":{"rendered":"Peugeot Paris Peberkv\u00e6rn 18 cm Natur B\u00f8g"},"content":{"rendered":"<p>K\u00f8b billig Peugeot Paris Peberkv\u00e6rn 18 cm Natur B\u00f8g!<br \/>\nPeugeot Paris peberkv\u00e6rnen er ikonet blandt kv\u00e6rne og et klassisk valg til ethvert k\u00f8kken. Modellen p\u00e5 18 cm er fremstillet i natur b\u00f8g fra ansvarligt forvaltede skove og b\u00e6rer PEFC-certificeringen. Det sikrer, at tr\u00e6et kommer fra b\u00e6redygtige og kontrollerede kilder, hvilket gavner b\u00e5de milj\u00f8et og lokalsamfund verden over.Robust kv\u00e6rnmekanisme i anti-korrosionsbelagt st\u00e5l sikrer lang levetid og p\u00e5lidelig brug.Livstidsgaranti p\u00e5 selve mekanismen for maksimal tryghed.Fem \u00e5rs garanti p\u00e5 hele peberkv\u00e6rnen.Ergonomisk formet, s\u00e5 kv\u00e6rnen ligger behageligt i h\u00e5nden.Justerbar kv\u00e6rnegrad \u2013 v\u00e6lg mellem fin- og grovkv\u00e6rnet peber efter dine pr\u00e6ferencer.Velegnet til b\u00e5de peberkorn og korianderfr\u00f8 for ekstra alsidighed i k\u00f8kkenet.Med Peugeot Paris peberkv\u00e6rn f\u00e5r du ikke blot en solid og langtidsholdbar kv\u00e6rn, men ogs\u00e5 et ansvarligt valg, der bidrager til b\u00e6redygtighed gennem PEFC-certificeringen. til dit k\u00f8kken.<\/p>\n<p>Sammenlign priser p\u00e5 Peugeot Paris Peberkv\u00e6rn 18 cm Natur B\u00f8g og k\u00f8b online til den billigste pris, samt p\u00e5 tilbud!\u00a0\u00a0Tjek den bedste pris, produkt beskrivelse, video, test, anmeldelser osv.<\/p>\n<p><strong>Brand: <\/strong>Peugeot<br \/>\n<strong>EAN: <\/strong>4006950003517<br \/>\n<strong>Producentens varenr.:<\/strong> 4006950003517<\/p>\n<p><strong>P.S.<\/strong><br \/>\nTilmeld dig til &#8220;Opret Gratis Prisfald Alarm&#8221;, og bliv underrettet med det samme om prisfald p\u00e5 Peugeot Paris Peberkv\u00e6rn 18 cm Natur B\u00f8g, og f\u00e5 den billigste pris!<\/p>\n<p>&nbsp;<\/p>\n<p>&nbsp;<\/p>\n","protected":false},"excerpt":{"rendered":"<p>K\u00f8b billig Peugeot Paris Peberkv\u00e6rn 18 cm Natur B\u00f8g! Peugeot Paris peberkv\u00e6rnen er ikonet blandt kv\u00e6rne og et klassisk valg til ethvert k\u00f8kken. Modellen p\u00e5 18 cm er fremstillet i natur b\u00f8g fra ansvarligt forvaltede skove og b\u00e6rer PEFC-certificeringen. Det sikrer, at tr\u00e6et kommer fra b\u00e6redygtige og kontrollerede kilder, hvilket gavner b\u00e5de milj\u00f8et og lokalsamfund [&hellip;]<\/p>\n","protected":false},"featured_media":999980000004479530,"template":"","meta":[],"store":[1272516],"product_brand":[1272520],"product_cat":[1272410],"product_tag":[1272681,1275187],"class_list":{"0":"post-447953","1":"product","2":"type-product","3":"status-publish","4":"has-post-thumbnail","6":"store-butik24","7":"product_brand-peugeot","8":"product_cat-koekkengrej","9":"product_tag-koekkengrej","10":"product_tag-peugeot","11":"pa_maerke-peugeot","13":"first","14":"instock","15":"product-type-external"},"_links":{"self":[{"href":"https:\/\/www.pricetornado.com\/da\/wp-json\/wp\/v2\/product\/447953","targetHints":{"allow":["GET"]}}],"collection":[{"href":"https:\/\/www.pricetornado.com\/da\/wp-json\/wp\/v2\/product"}],"about":[{"href":"https:\/\/www.pricetornado.com\/da\/wp-json\/wp\/v2\/types\/product"}],"wp:featuredmedia":[{"embeddable":true,"href":"https:\/\/www.pricetornado.com\/da\/wp-json\/"}],"wp:attachment":[{"href":"https:\/\/www.pricetornado.com\/da\/wp-json\/wp\/v2\/media?parent=447953"}],"wp:term":[{"taxonomy":"store","embeddable":true,"href":"https:\/\/www.pricetornado.com\/da\/wp-json\/wp\/v2\/store?post=447953"},{"taxonomy":"product_brand","embeddable":true,"href":"https:\/\/www.pricetornado.com\/da\/wp-json\/wp\/v2\/product_brand?post=447953"},{"taxonomy":"product_cat","embeddable":true,"href":"https:\/\/www.pricetornado.com\/da\/wp-json\/wp\/v2\/product_cat?post=447953"},{"taxonomy":"product_tag","embeddable":true,"href":"https:\/\/www.pricetornado.com\/da\/wp-json\/wp\/v2\/product_tag?post=447953"}],"curies":[{"name":"wp","href":"https:\/\/api.w.org\/{rel}","templated":true}]}}