{"id":447949,"date":"2025-02-26T12:20:51","date_gmt":"2025-02-26T11:20:51","guid":{"rendered":"https:\/\/www.pricetornado.com\/da\/produkt\/scanpan-to-go-termoflaske-500ml-aluminium-primrose-yellow\/"},"modified":"2026-04-19T08:00:45","modified_gmt":"2026-04-19T06:00:45","slug":"scanpan-to-go-termoflaske-500ml-aluminium-primrose-yellow","status":"publish","type":"product","link":"https:\/\/www.pricetornado.com\/da\/produkt\/scanpan-to-go-termoflaske-500ml-aluminium-primrose-yellow\/","title":{"rendered":"Scanpan To Go Termoflaske &#8211; 500ml &#8211; Aluminium &#8211; Primrose Yellow"},"content":{"rendered":"<p>K\u00f8b billig Scanpan To Go Termoflaske &#8211; 500ml &#8211; Aluminium &#8211; Primrose Yellow!<br \/>\nOplev en stilfuld og funktionel termoflaske til din aktive hverdag. i Primrose Yellow er designet med fokus p\u00e5 mode, funktionalitet og b\u00e6redygtighed. Modellen er lavet af let aluminium, som g\u00f8r den nem at tage med overalt \u2013 ideel hvad enten du er p\u00e5 farten, i fitnesscentret eller p\u00e5 arbejde.Termoflaskens vakuumisolerede konstruktion holder dine drikkevarer kolde i op til 24 timer og varme i op til 12 timer. Det giver dig friheden til at have din foretrukne drik klar, uanset hvad dagen byder p\u00e5.Den ridsefaste pulverlakering beskytter flasken mod dagligdagens brug, mens den kondensfri overflade sikrer, at ydersiden forbliver t\u00f8r og komfortabel at holde om. Det luftt\u00e6tte skruel\u00e5g forhindrer l\u00e6kager, s\u00e5 dine tasker forbliver t\u00f8rre, og flasken er selvf\u00f8lgelig BPA-fri for din sikkerhed.Find den farve, der passer til din personlighed eller outfit \u2013 Scanpan To Go termoflasker f\u00e5s i flere nuancer og bliver hurtigt en af dine daglige accessories. Flaskerne er genanvendelige og passer perfekt ind i en b\u00e6redygtig livsstil. for flere smarte og funktionelle l\u00f8sninger til din hverdag.<\/p>\n<p>Sammenlign priser p\u00e5 Scanpan To Go Termoflaske &#8211; 500ml &#8211; Aluminium &#8211; Primrose Yellow og k\u00f8b online til den billigste pris, samt p\u00e5 tilbud!\u00a0\u00a0Tjek den bedste pris, produkt beskrivelse, video, test, anmeldelser osv.<\/p>\n<p><strong>Brand: <\/strong>Scanpan<br \/>\n<strong>EAN: <\/strong>083421197511<br \/>\n<strong>Producentens varenr.:<\/strong> 083421197511<\/p>\n<p><strong>P.S.<\/strong><br \/>\nTilmeld dig til &#8220;Opret Gratis Prisfald Alarm&#8221;, og bliv underrettet med det samme om prisfald p\u00e5 Scanpan To Go Termoflaske &#8211; 500ml &#8211; Aluminium &#8211; Primrose Yellow, og f\u00e5 den billigste pris!<\/p>\n<p>&nbsp;<\/p>\n<p>&nbsp;<\/p>\n","protected":false},"excerpt":{"rendered":"<p>K\u00f8b billig Scanpan To Go Termoflaske &#8211; 500ml &#8211; Aluminium &#8211; Primrose Yellow! Oplev en stilfuld og funktionel termoflaske til din aktive hverdag. i Primrose Yellow er designet med fokus p\u00e5 mode, funktionalitet og b\u00e6redygtighed. Modellen er lavet af let aluminium, som g\u00f8r den nem at tage med overalt \u2013 ideel hvad enten du er [&hellip;]<\/p>\n","protected":false},"featured_media":999980000004479490,"template":"","meta":[],"store":[1272516],"product_brand":[1272521],"product_cat":[831418],"product_tag":[1272683,1275184],"class_list":{"0":"post-447949","1":"product","2":"type-product","3":"status-publish","4":"has-post-thumbnail","6":"store-butik24","7":"product_brand-scanpan","8":"product_cat-koekkenudstyr","9":"product_tag-koekkenudstyr","10":"product_tag-scanpan","11":"pa_maerke-scanpan","13":"first","14":"instock","15":"product-type-external"},"_links":{"self":[{"href":"https:\/\/www.pricetornado.com\/da\/wp-json\/wp\/v2\/product\/447949","targetHints":{"allow":["GET"]}}],"collection":[{"href":"https:\/\/www.pricetornado.com\/da\/wp-json\/wp\/v2\/product"}],"about":[{"href":"https:\/\/www.pricetornado.com\/da\/wp-json\/wp\/v2\/types\/product"}],"wp:featuredmedia":[{"embeddable":true,"href":"https:\/\/www.pricetornado.com\/da\/wp-json\/"}],"wp:attachment":[{"href":"https:\/\/www.pricetornado.com\/da\/wp-json\/wp\/v2\/media?parent=447949"}],"wp:term":[{"taxonomy":"store","embeddable":true,"href":"https:\/\/www.pricetornado.com\/da\/wp-json\/wp\/v2\/store?post=447949"},{"taxonomy":"product_brand","embeddable":true,"href":"https:\/\/www.pricetornado.com\/da\/wp-json\/wp\/v2\/product_brand?post=447949"},{"taxonomy":"product_cat","embeddable":true,"href":"https:\/\/www.pricetornado.com\/da\/wp-json\/wp\/v2\/product_cat?post=447949"},{"taxonomy":"product_tag","embeddable":true,"href":"https:\/\/www.pricetornado.com\/da\/wp-json\/wp\/v2\/product_tag?post=447949"}],"curies":[{"name":"wp","href":"https:\/\/api.w.org\/{rel}","templated":true}]}}