{"id":447938,"date":"2025-02-25T10:25:50","date_gmt":"2025-02-25T09:25:50","guid":{"rendered":"https:\/\/www.pricetornado.com\/da\/produkt\/nedis-fuld-motion-tv-vaegbeslag-13-86-maksimal-vaegt-60-kg-vipbar-kan-drejes-minimum-vaegafstand-70-mm-maksimal-vaegafstand-1020-mm-3-drejepunkter-abs-staal-sort\/"},"modified":"2026-04-21T03:00:26","modified_gmt":"2026-04-21T01:00:26","slug":"nedis-fuld-motion-tv-vaegbeslag-13-86-maksimal-vaegt-60-kg-vipbar-kan-drejes-minimum-vaegafstand-70-mm-maksimal-vaegafstand-1020-mm-3-drejepunkter-abs-staal-sort","status":"publish","type":"product","link":"https:\/\/www.pricetornado.com\/da\/produkt\/nedis-fuld-motion-tv-vaegbeslag-13-86-maksimal-vaegt-60-kg-vipbar-kan-drejes-minimum-vaegafstand-70-mm-maksimal-vaegafstand-1020-mm-3-drejepunkter-abs-staal-sort\/","title":{"rendered":"Nedis &#8211; Fuld Motion TV V\u00e6gbeslag | 13 &#8211; 86 &quot; | Maksimal v\u00e6gt: 60 kg | Vipbar | Kan drejes | Minimum v\u00e6gafstand: 70 mm | Maksimal v\u00e6gafstand: 1020 mm | 3 Drejepunkt(er) | ABS \/ St\u00e5l | Sort &#8211; TVWM1790BK"},"content":{"rendered":"<p>K\u00f8b billig Nedis &#8211; Fuld Motion TV V\u00e6gbeslag | 13 &#8211; 86 &quot; | Maksimal v\u00e6gt: 60 kg | Vipbar | Kan drejes | Minimum v\u00e6gafstand: 70 mm | Maksimal v\u00e6gafstand: 1020 mm | 3 Drejepunkt(er) | ABS \/ St\u00e5l | Sort &#8211; TVWM1790BK!<br \/>\nOplev maksimal fleksibilitet og komfort med Nedis long arm full motion TV-v\u00e6gbeslag, der passer til tv-sk\u00e6rme fra 13&quot; til 86&quot; og underst\u00f8tter en v\u00e6gt p\u00e5 op til 60 kg. Med fuld bev\u00e6gelsesevne kan du nemt forl\u00e6nge, dreje, vippe og rotere tv\u2019et, s\u00e5 du altid opn\u00e5r den optimale synsvinkel \u2013 uanset hvor du sidder i rummet.Beslaget er fremstillet af slidst\u00e6rkt ABS og st\u00e5l, hvilket garanterer b\u00e5de lang holdbarhed og stabilitet. Denne solide konstruktion bidrager til en sikker og p\u00e5lidelig monteringsl\u00f8sning, der beskytter dit tv.Det pladsbesparende beslag kan monteres med en minimumsafstand p\u00e5 kun 70 mm fra v\u00e6ggen og kan udtr\u00e6kkes helt op til 1020 mm, s\u00e5 du kan placere dit tv, hvor det passer bedst. Beslaget egner sig b\u00e5de til traditionelle v\u00e6gmonteringer og hj\u00f8rneinstallationer, hvilket giver dig maksimal frihed i indretningen.Med de mange justeringsmuligheder kan du altid finindstille dit tv, s\u00e5 det passer pr\u00e6cist til dine behov og indretning.Den integrerede kabelstyring holder dine ledninger organiserede og ude af syne. Det sikrer et stilrent og ordentligt udtryk omkring dit tv-omr\u00e5de.Nedis long arm full motion TV-v\u00e6gbeslag kombinerer funktionalitet og alsidighed med sikker montering og avancerede justeringsmuligheder. Opgrader din tv-oplevelse med en diskret, sikker og fleksibel v\u00e6gl\u00f8sning, der giver dig fuld kontrol over indretningen.<\/p>\n<p>Sammenlign priser p\u00e5 Nedis &#8211; Fuld Motion TV V\u00e6gbeslag | 13 &#8211; 86 &quot; | Maksimal v\u00e6gt: 60 kg | Vipbar | Kan drejes | Minimum v\u00e6gafstand: 70 mm | Maksimal v\u00e6gafstand: 1020 mm | 3 Drejepunkt(er) | ABS \/ St\u00e5l | Sort &#8211; TVWM1790BK og k\u00f8b online til den billigste pris, samt p\u00e5 tilbud!\u00a0\u00a0Tjek den bedste pris, produkt beskrivelse, video, test, anmeldelser osv.<\/p>\n<p><strong>Brand: <\/strong>Nedis<br \/>\n<strong>EAN: <\/strong>5412810455713<br \/>\n<strong>Producentens varenr.:<\/strong> 5412810455713<\/p>\n<p><strong>P.S.<\/strong><br \/>\nTilmeld dig til &#8220;Opret Gratis Prisfald Alarm&#8221;, og bliv underrettet med det samme om prisfald p\u00e5 Nedis &#8211; Fuld Motion TV V\u00e6gbeslag | 13 &#8211; 86 &quot; | Maksimal v\u00e6gt: 60 kg | Vipbar | Kan drejes | Minimum v\u00e6gafstand: 70 mm | Maksimal v\u00e6gafstand: 1020 mm | 3 Drejepunkt(er) | ABS \/ St\u00e5l | Sort &#8211; TVWM1790BK, og f\u00e5 den billigste pris!<\/p>\n<p>&nbsp;<\/p>\n<p>&nbsp;<\/p>\n","protected":false},"excerpt":{"rendered":"<p>K\u00f8b billig Nedis &#8211; Fuld Motion TV V\u00e6gbeslag | 13 &#8211; 86 &quot; | Maksimal v\u00e6gt: 60 kg | Vipbar | Kan drejes | Minimum v\u00e6gafstand: 70 mm | Maksimal v\u00e6gafstand: 1020 mm | 3 Drejepunkt(er) | ABS \/ St\u00e5l | Sort &#8211; TVWM1790BK! Oplev maksimal fleksibilitet og komfort med Nedis long arm full motion [&hellip;]<\/p>\n","protected":false},"featured_media":999980000004479380,"template":"","meta":[],"store":[1272516],"product_brand":[1272517],"product_cat":[1272427],"product_tag":[1272678,1275178],"class_list":{"0":"post-447938","1":"product","2":"type-product","3":"status-publish","4":"has-post-thumbnail","6":"store-butik24","7":"product_brand-nedis","8":"product_cat-beslag","9":"product_tag-beslag","10":"product_tag-nedis","11":"pa_maerke-nedis","13":"first","14":"instock","15":"product-type-external"},"_links":{"self":[{"href":"https:\/\/www.pricetornado.com\/da\/wp-json\/wp\/v2\/product\/447938","targetHints":{"allow":["GET"]}}],"collection":[{"href":"https:\/\/www.pricetornado.com\/da\/wp-json\/wp\/v2\/product"}],"about":[{"href":"https:\/\/www.pricetornado.com\/da\/wp-json\/wp\/v2\/types\/product"}],"wp:featuredmedia":[{"embeddable":true,"href":"https:\/\/www.pricetornado.com\/da\/wp-json\/"}],"wp:attachment":[{"href":"https:\/\/www.pricetornado.com\/da\/wp-json\/wp\/v2\/media?parent=447938"}],"wp:term":[{"taxonomy":"store","embeddable":true,"href":"https:\/\/www.pricetornado.com\/da\/wp-json\/wp\/v2\/store?post=447938"},{"taxonomy":"product_brand","embeddable":true,"href":"https:\/\/www.pricetornado.com\/da\/wp-json\/wp\/v2\/product_brand?post=447938"},{"taxonomy":"product_cat","embeddable":true,"href":"https:\/\/www.pricetornado.com\/da\/wp-json\/wp\/v2\/product_cat?post=447938"},{"taxonomy":"product_tag","embeddable":true,"href":"https:\/\/www.pricetornado.com\/da\/wp-json\/wp\/v2\/product_tag?post=447938"}],"curies":[{"name":"wp","href":"https:\/\/api.w.org\/{rel}","templated":true}]}}