{"id":447933,"date":"2025-02-25T16:17:41","date_gmt":"2025-02-25T15:17:41","guid":{"rendered":"https:\/\/www.pricetornado.com\/da\/produkt\/nedis-heat-alarm-batteri-batteri-levetid-op-til-1-aar-med-testknap-85-db-abs-hvid-dtcth10wt\/"},"modified":"2026-04-18T02:30:37","modified_gmt":"2026-04-18T00:30:37","slug":"nedis-heat-alarm-batteri-batteri-levetid-op-til-1-aar-med-testknap-85-db-abs-hvid-dtcth10wt","status":"publish","type":"product","link":"https:\/\/www.pricetornado.com\/da\/produkt\/nedis-heat-alarm-batteri-batteri-levetid-op-til-1-aar-med-testknap-85-db-abs-hvid-dtcth10wt\/","title":{"rendered":"Nedis &#8211; Heat Alarm | Batteri | Batteri levetid op til: 1 \u00c5r | Med testknap | 85 dB | ABS | Hvid &#8211; DTCTH10WT"},"content":{"rendered":"<p>K\u00f8b billig Nedis &#8211; Heat Alarm | Batteri | Batteri levetid op til: 1 \u00c5r | Med testknap | 85 dB | ABS | Hvid &#8211; DTCTH10WT!<br \/>\n\u00d8g sikkerheden i dit hjem med denne p\u00e5lidelige varmedetektor, der er s\u00e6rligt velegnet til rum hvor en traditionel r\u00f8galarm ikke er optimal, f.eks. p\u00e5 k\u00f8kkenet. Varmdetektoren reagerer straks, n\u00e5r temperaturen n\u00e5r 54\u00b0C eller derover, og udl\u00f8ser en kraftig sirene p\u00e5 over 85 dB \u2013 nok til at v\u00e6kke sovende personer og sikre tidlig varsling ved fare.Varmedetektoren er fremstillet af holdbart ABS-plast, som er valgt for sin styrke og varmebestandighed. Det kompakte og lette design g\u00f8r det nemt at placere enheden pr\u00e6cis, hvor det er n\u00f8dvendigt. Den batteridrevne varmedetektor bruger et 9V DC batteri, der holder op til et \u00e5r f\u00f8r udskiftning og minimerer behovet for vedligeholdelse.V\u00e6lg denne varmedetektor for en effektiv og enkel l\u00f8sning til brandsikring \u2013 s\u00e6rligt i rum hvor r\u00f8galarmer ikke egner sig. Se hele udvalget af produkter for flere smarte sikkerhedsl\u00f8sninger til dit hjem.<\/p>\n<p>Sammenlign priser p\u00e5 Nedis &#8211; Heat Alarm | Batteri | Batteri levetid op til: 1 \u00c5r | Med testknap | 85 dB | ABS | Hvid &#8211; DTCTH10WT og k\u00f8b online til den billigste pris, samt p\u00e5 tilbud!\u00a0\u00a0Tjek den bedste pris, produkt beskrivelse, video, test, anmeldelser osv.<\/p>\n<p><strong>Brand: <\/strong>Nedis<br \/>\n<strong>EAN: <\/strong>5412810269228<br \/>\n<strong>Producentens varenr.:<\/strong> 5412810269228<\/p>\n<p><strong>P.S.<\/strong><br \/>\nTilmeld dig til &#8220;Opret Gratis Prisfald Alarm&#8221;, og bliv underrettet med det samme om prisfald p\u00e5 Nedis &#8211; Heat Alarm | Batteri | Batteri levetid op til: 1 \u00c5r | Med testknap | 85 dB | ABS | Hvid &#8211; DTCTH10WT, og f\u00e5 den billigste pris!<\/p>\n<p>&nbsp;<\/p>\n<p>&nbsp;<\/p>\n","protected":false},"excerpt":{"rendered":"<p>K\u00f8b billig Nedis &#8211; Heat Alarm | Batteri | Batteri levetid op til: 1 \u00c5r | Med testknap | 85 dB | ABS | Hvid &#8211; DTCTH10WT! \u00d8g sikkerheden i dit hjem med denne p\u00e5lidelige varmedetektor, der er s\u00e6rligt velegnet til rum hvor en traditionel r\u00f8galarm ikke er optimal, f.eks. p\u00e5 k\u00f8kkenet. Varmdetektoren reagerer straks, [&hellip;]<\/p>\n","protected":false},"featured_media":999980000004479330,"template":"","meta":[],"store":[1272516],"product_brand":[1272517],"product_cat":[1272469],"product_tag":[1273060,1275178],"class_list":{"0":"post-447933","1":"product","2":"type-product","3":"status-publish","4":"has-post-thumbnail","6":"store-butik24","7":"product_brand-nedis","8":"product_cat-detektorer","9":"product_tag-detektorer","10":"product_tag-nedis","11":"pa_maerke-nedis","13":"first","14":"instock","15":"product-type-external"},"_links":{"self":[{"href":"https:\/\/www.pricetornado.com\/da\/wp-json\/wp\/v2\/product\/447933","targetHints":{"allow":["GET"]}}],"collection":[{"href":"https:\/\/www.pricetornado.com\/da\/wp-json\/wp\/v2\/product"}],"about":[{"href":"https:\/\/www.pricetornado.com\/da\/wp-json\/wp\/v2\/types\/product"}],"wp:featuredmedia":[{"embeddable":true,"href":"https:\/\/www.pricetornado.com\/da\/wp-json\/"}],"wp:attachment":[{"href":"https:\/\/www.pricetornado.com\/da\/wp-json\/wp\/v2\/media?parent=447933"}],"wp:term":[{"taxonomy":"store","embeddable":true,"href":"https:\/\/www.pricetornado.com\/da\/wp-json\/wp\/v2\/store?post=447933"},{"taxonomy":"product_brand","embeddable":true,"href":"https:\/\/www.pricetornado.com\/da\/wp-json\/wp\/v2\/product_brand?post=447933"},{"taxonomy":"product_cat","embeddable":true,"href":"https:\/\/www.pricetornado.com\/da\/wp-json\/wp\/v2\/product_cat?post=447933"},{"taxonomy":"product_tag","embeddable":true,"href":"https:\/\/www.pricetornado.com\/da\/wp-json\/wp\/v2\/product_tag?post=447933"}],"curies":[{"name":"wp","href":"https:\/\/api.w.org\/{rel}","templated":true}]}}