{"id":447931,"date":"2025-02-26T00:02:39","date_gmt":"2025-02-25T23:02:39","guid":{"rendered":"https:\/\/www.pricetornado.com\/da\/produkt\/nedis-teleskoproer-til-stoevsuger-32-mm-580-mm-980-mm-chrome-soelv-vctu11032\/"},"modified":"2026-04-17T05:30:14","modified_gmt":"2026-04-17T03:30:14","slug":"nedis-teleskoproer-til-stoevsuger-32-mm-580-mm-980-mm-chrome-soelv-vctu11032","status":"publish","type":"product","link":"https:\/\/www.pricetornado.com\/da\/produkt\/nedis-teleskoproer-til-stoevsuger-32-mm-580-mm-980-mm-chrome-soelv-vctu11032\/","title":{"rendered":"Nedis &#8211; Teleskopr\u00f8r til St\u00f8vsuger | 32 mm | 580 mm | 980 mm | Chrome | S\u00f8lv &#8211; VCTU11032"},"content":{"rendered":"<p>K\u00f8b billig Nedis &#8211; Teleskopr\u00f8r til St\u00f8vsuger | 32 mm | 580 mm | 980 mm | Chrome | S\u00f8lv &#8211; VCTU11032!<br \/>\nDette teleskopr\u00f8r til st\u00f8vsuger er kompatibelt med alle st\u00f8vsugere, der har en 32 mm tilslutning \u2013 hvilket g\u00f8r det ideelt til de fleste standardmodeller. R\u00f8ret er fremstillet i holdbart og forkromet st\u00e5l, hvilket sikrer en slidst\u00e6rk og korrosionsbestandig overflade, der er nem at reng\u00f8re og giver lang levetid, selv ved hyppig brug.Takket v\u00e6re det teleskopiske design kan l\u00e6ngden p\u00e5 r\u00f8ret nemt justeres mellem 580 mm og 980 mm. Dette g\u00f8r det nemt at tilpasse arbejdsr\u00e6kken, s\u00e5 du kan n\u00e5 selv besv\u00e6rlige omr\u00e5der og samtidig opbevare r\u00f8ret kompakt, n\u00e5r det ikke er i brug. Med steplock-systemet kan du hurtigt og pr\u00e6cist l\u00e5se l\u00e6ngden, s\u00e5 r\u00f8ret bliver siddende sikkert under hele reng\u00f8ringen.Opgrader reng\u00f8ringsudstyret med et robust og fleksibelt teleskopr\u00f8r, som g\u00f8r st\u00f8vsugningen b\u00e5de nemmere og mere effektiv. Se flere smarte l\u00f8sninger blandt vores til hjemmet.<\/p>\n<p>Sammenlign priser p\u00e5 Nedis &#8211; Teleskopr\u00f8r til St\u00f8vsuger | 32 mm | 580 mm | 980 mm | Chrome | S\u00f8lv &#8211; VCTU11032 og k\u00f8b online til den billigste pris, samt p\u00e5 tilbud!\u00a0\u00a0Tjek den bedste pris, produkt beskrivelse, video, test, anmeldelser osv.<\/p>\n<p><strong>Brand: <\/strong>Nedis<br \/>\n<strong>EAN: <\/strong>5412810286058<br \/>\n<strong>Producentens varenr.:<\/strong> 5412810286058<\/p>\n<p><strong>P.S.<\/strong><br \/>\nTilmeld dig til &#8220;Opret Gratis Prisfald Alarm&#8221;, og bliv underrettet med det samme om prisfald p\u00e5 Nedis &#8211; Teleskopr\u00f8r til St\u00f8vsuger | 32 mm | 580 mm | 980 mm | Chrome | S\u00f8lv &#8211; VCTU11032, og f\u00e5 den billigste pris!<\/p>\n<p>&nbsp;<\/p>\n<p>&nbsp;<\/p>\n","protected":false},"excerpt":{"rendered":"<p>K\u00f8b billig Nedis &#8211; Teleskopr\u00f8r til St\u00f8vsuger | 32 mm | 580 mm | 980 mm | Chrome | S\u00f8lv &#8211; VCTU11032! Dette teleskopr\u00f8r til st\u00f8vsuger er kompatibelt med alle st\u00f8vsugere, der har en 32 mm tilslutning \u2013 hvilket g\u00f8r det ideelt til de fleste standardmodeller. R\u00f8ret er fremstillet i holdbart og forkromet st\u00e5l, hvilket [&hellip;]<\/p>\n","protected":false},"featured_media":999980000004479310,"template":"","meta":[],"store":[1272516],"product_brand":[1272517],"product_cat":[1272466],"product_tag":[1275178,1272776],"class_list":{"0":"post-447931","1":"product","2":"type-product","3":"status-publish","4":"has-post-thumbnail","6":"store-butik24","7":"product_brand-nedis","8":"product_cat-stoevsugning","9":"product_tag-nedis","10":"product_tag-stoevsugning","11":"pa_maerke-nedis","13":"first","14":"instock","15":"product-type-external"},"_links":{"self":[{"href":"https:\/\/www.pricetornado.com\/da\/wp-json\/wp\/v2\/product\/447931","targetHints":{"allow":["GET"]}}],"collection":[{"href":"https:\/\/www.pricetornado.com\/da\/wp-json\/wp\/v2\/product"}],"about":[{"href":"https:\/\/www.pricetornado.com\/da\/wp-json\/wp\/v2\/types\/product"}],"wp:featuredmedia":[{"embeddable":true,"href":"https:\/\/www.pricetornado.com\/da\/wp-json\/"}],"wp:attachment":[{"href":"https:\/\/www.pricetornado.com\/da\/wp-json\/wp\/v2\/media?parent=447931"}],"wp:term":[{"taxonomy":"store","embeddable":true,"href":"https:\/\/www.pricetornado.com\/da\/wp-json\/wp\/v2\/store?post=447931"},{"taxonomy":"product_brand","embeddable":true,"href":"https:\/\/www.pricetornado.com\/da\/wp-json\/wp\/v2\/product_brand?post=447931"},{"taxonomy":"product_cat","embeddable":true,"href":"https:\/\/www.pricetornado.com\/da\/wp-json\/wp\/v2\/product_cat?post=447931"},{"taxonomy":"product_tag","embeddable":true,"href":"https:\/\/www.pricetornado.com\/da\/wp-json\/wp\/v2\/product_tag?post=447931"}],"curies":[{"name":"wp","href":"https:\/\/api.w.org\/{rel}","templated":true}]}}