{"id":447925,"date":"2025-02-25T05:40:13","date_gmt":"2025-02-25T04:40:13","guid":{"rendered":"https:\/\/www.pricetornado.com\/da\/produkt\/nedis-smartlife-noeglefinder-batteri-1x-cr2032-batterier-medfoelger-bluetooth-version-4-0-batteri-levetid-op-til-1-aar-hvid-1-stk-btkf10wt\/"},"modified":"2026-03-11T01:30:40","modified_gmt":"2026-03-11T00:30:40","slug":"nedis-smartlife-noeglefinder-batteri-1x-cr2032-batterier-medfoelger-bluetooth-version-4-0-batteri-levetid-op-til-1-aar-hvid-1-stk-btkf10wt","status":"publish","type":"product","link":"https:\/\/www.pricetornado.com\/da\/produkt\/nedis-smartlife-noeglefinder-batteri-1x-cr2032-batterier-medfoelger-bluetooth-version-4-0-batteri-levetid-op-til-1-aar-hvid-1-stk-btkf10wt\/","title":{"rendered":"Nedis &#8211; SmartLife N\u00f8glefinder | Batteri | 1x CR2032 | Batterier medf\u00f8lger | Bluetooth\u00ae version: 4.0 | Batteri levetid op til: 1 \u00c5r | Hvid | 1 stk. &#8211; BTKF10WT"},"content":{"rendered":"<p>K\u00f8b billig Nedis &#8211; SmartLife N\u00f8glefinder | Batteri | 1x CR2032 | Batterier medf\u00f8lger | Bluetooth\u00ae version: 4.0 | Batteri levetid op til: 1 \u00c5r | Hvid | 1 stk. &#8211; BTKF10WT!<br \/>\nMed Nedis SmartLife Bluetooth-tracker kan du nemt holde styr p\u00e5 n\u00f8gler, punge, tasker, kufferter, mobiltelefoner \u2013 eller endda dine b\u00f8rn eller k\u00e6ledyr. Denne kompakte sporingsenhed i let plast vejer kun 9 gram og m\u00e5ler 38 x 39 x 7 mm. Den diskrete og brugervenlige tracker kan nemt fastg\u00f8res til dine ejendele med den medf\u00f8lgende snor.Trackeren anvender Bluetooth 4.0 med en r\u00e6kkevidde p\u00e5 op til 50 meter, s\u00e5 du hurtigt kan finde tabte ejendele. Gennem den gratis Nedis SmartLife-app f\u00e5r du adgang til smarte s\u00f8gefunktioner:Tryk p\u00e5 en knap i appen for at f\u00e5 trackeren til at afspille en lyd, s\u00e5 du kan finde dine ting.Tryk p\u00e5 knappen p\u00e5 trackeren for at f\u00e5 din telefon til at give lyd fra sig \u2013 selv hvis den er p\u00e5 lydl\u00f8s eller vibrerer.Du kan v\u00e6lge mellem 6 forskellige ringetoner og indstille lydstyrken til 2 niveauer, s\u00e5 lyden passer til dit behov. Via appen kan du ogs\u00e5 aktivere en alarm, der advarer dig, hvis trackeren og din telefon mister forbindelsen \u2013 s\u00e5 du aldrig glemmer dine v\u00e6rdigenstande.Hvis trackeren kommer uden for Bluetooth-r\u00e6kkevidde, viser Nedis SmartLife-appen dig den seneste kendte placering, hvor forbindelsen blev registreret. Har du fortsat brug for hj\u00e6lp, kan du via appen dele trackeren med familie eller venner, s\u00e5 de kan hj\u00e6lpe med at finde dine ting.Nedis SmartLife Bluetooth-tracker benytter et CR2032-knapcellebatteri med op til 1 \u00e5rs batterilevetid, s\u00e5 du ikke skal bekymre dig om hyppige udskiftninger. Plastkonstruktionen og den medf\u00f8lgende snor g\u00f8r den let at s\u00e6tte fast p\u00e5 dine ejendele for optimal fleksibilitet og tryghed. og g\u00f8r din hverdag mere overskuelig med effektiv tracking.<\/p>\n<p>Sammenlign priser p\u00e5 Nedis &#8211; SmartLife N\u00f8glefinder | Batteri | 1x CR2032 | Batterier medf\u00f8lger | Bluetooth\u00ae version: 4.0 | Batteri levetid op til: 1 \u00c5r | Hvid | 1 stk. &#8211; BTKF10WT og k\u00f8b online til den billigste pris, samt p\u00e5 tilbud!\u00a0\u00a0Tjek den bedste pris, produkt beskrivelse, video, test, anmeldelser osv.<\/p>\n<p><strong>Brand: <\/strong>Nedis<br \/>\n<strong>EAN: <\/strong>5412810401604<br \/>\n<strong>Producentens varenr.:<\/strong> 5412810401604<\/p>\n<p><strong>P.S.<\/strong><br \/>\nTilmeld dig til &#8220;Opret Gratis Prisfald Alarm&#8221;, og bliv underrettet med det samme om prisfald p\u00e5 Nedis &#8211; SmartLife N\u00f8glefinder | Batteri | 1x CR2032 | Batterier medf\u00f8lger | Bluetooth\u00ae version: 4.0 | Batteri levetid op til: 1 \u00c5r | Hvid | 1 stk. &#8211; BTKF10WT, og f\u00e5 den billigste pris!<\/p>\n<p>&nbsp;<\/p>\n<p>&nbsp;<\/p>\n","protected":false},"excerpt":{"rendered":"<p>K\u00f8b billig Nedis &#8211; SmartLife N\u00f8glefinder | Batteri | 1x CR2032 | Batterier medf\u00f8lger | Bluetooth\u00ae version: 4.0 | Batteri levetid op til: 1 \u00c5r | Hvid | 1 stk. &#8211; BTKF10WT! Med Nedis SmartLife Bluetooth-tracker kan du nemt holde styr p\u00e5 n\u00f8gler, punge, tasker, kufferter, mobiltelefoner \u2013 eller endda dine b\u00f8rn eller k\u00e6ledyr. Denne [&hellip;]<\/p>\n","protected":false},"featured_media":0,"template":"","meta":[],"store":[1272516],"product_brand":[1272517],"product_cat":[1272469],"product_tag":[1273060,1275178],"class_list":{"0":"post-447925","1":"product","2":"type-product","3":"status-publish","5":"store-butik24","6":"product_brand-nedis","7":"product_cat-detektorer","8":"product_tag-detektorer","9":"product_tag-nedis","10":"pa_maerke-nedis","12":"first","13":"instock","14":"product-type-external"},"_links":{"self":[{"href":"https:\/\/www.pricetornado.com\/da\/wp-json\/wp\/v2\/product\/447925","targetHints":{"allow":["GET"]}}],"collection":[{"href":"https:\/\/www.pricetornado.com\/da\/wp-json\/wp\/v2\/product"}],"about":[{"href":"https:\/\/www.pricetornado.com\/da\/wp-json\/wp\/v2\/types\/product"}],"wp:attachment":[{"href":"https:\/\/www.pricetornado.com\/da\/wp-json\/wp\/v2\/media?parent=447925"}],"wp:term":[{"taxonomy":"store","embeddable":true,"href":"https:\/\/www.pricetornado.com\/da\/wp-json\/wp\/v2\/store?post=447925"},{"taxonomy":"product_brand","embeddable":true,"href":"https:\/\/www.pricetornado.com\/da\/wp-json\/wp\/v2\/product_brand?post=447925"},{"taxonomy":"product_cat","embeddable":true,"href":"https:\/\/www.pricetornado.com\/da\/wp-json\/wp\/v2\/product_cat?post=447925"},{"taxonomy":"product_tag","embeddable":true,"href":"https:\/\/www.pricetornado.com\/da\/wp-json\/wp\/v2\/product_tag?post=447925"}],"curies":[{"name":"wp","href":"https:\/\/api.w.org\/{rel}","templated":true}]}}