{"id":447921,"date":"2025-02-22T08:13:21","date_gmt":"2025-02-22T07:13:21","guid":{"rendered":"https:\/\/www.pricetornado.com\/da\/produkt\/nedis-speaker-mount-kompatibel-med-sonos-era300-vaeg-5-kg-swivel-tilt-vipbar-kan-drejes-abs-metal-hvid-spmt5900wt\/"},"modified":"2026-04-15T01:26:26","modified_gmt":"2026-04-14T23:26:26","slug":"nedis-speaker-mount-kompatibel-med-sonos-era300-vaeg-5-kg-swivel-tilt-vipbar-kan-drejes-abs-metal-hvid-spmt5900wt","status":"publish","type":"product","link":"https:\/\/www.pricetornado.com\/da\/produkt\/nedis-speaker-mount-kompatibel-med-sonos-era300-vaeg-5-kg-swivel-tilt-vipbar-kan-drejes-abs-metal-hvid-spmt5900wt\/","title":{"rendered":"Nedis &#8211; Speaker Mount | Kompatibel med: Sonos\u00ae Era300 | V\u00e6g | 5 kg | Swivel \/ Tilt | Vipbar | Kan drejes | ABS \/ Metal | Hvid &#8211; SPMT5900WT"},"content":{"rendered":"<p>K\u00f8b billig Nedis &#8211; Speaker Mount | Kompatibel med: Sonos\u00ae Era300 | V\u00e6g | 5 kg | Swivel \/ Tilt | Vipbar | Kan drejes | ABS \/ Metal | Hvid &#8211; SPMT5900WT!<br \/>\nOpgrader din Sonos\u00ae Era300-lydoplevelse med Nedis v\u00e6gbeslag, et specialdesignet tilbeh\u00f8r, der kombinerer stil og funktionalitet. Beslaget er fremstillet i holdbart ABS og metal, hvilket giver maksimal stabilitet og sikkerhed til din h\u00f8jttaler og kan b\u00e6re op til 5 kg. Det er skr\u00e6ddersyet til Sonos\u00ae Era300, s\u00e5 du f\u00e5r en perfekt pasform og tryg montering.Dette v\u00e6gbeslag giver uovertrufne vippe- og drejejusteringer, s\u00e5 du kan rotere din h\u00f8jttaler op til 90\u00b0 og vippe den fra 0\u00b0 til -18\u00b0. S\u00e5dan sikres, at din Sonos\u00ae Era300 altid er placeret optimalt for den bedste lydoplevelse, uanset hvor du er i rummet.Med sine rummelige men kompakte dimensioner p\u00e5 205 mm i l\u00e6ngden, 125 mm i bredden og 90 mm i h\u00f8jden integrerer beslaget sig elegant i dit hjem, samtidig med at det sparer plads. Monteringen p\u00e5 v\u00e6ggen holder h\u00f8jttaleren sikkert p\u00e5 plads og bidrager til et moderne og ryddeligt look.Integreret kabelstyring skjuler og organiserer alle kabler i monteringss\u00f8jlen, s\u00e5 du kan sige farvel til kabelrod. Installationen er hurtig og ligetil, hvilket g\u00f8r det let at skabe et f\u00f8rsteklasses lydmilj\u00f8 uden besv\u00e6r.G\u00f8r din Sonos\u00ae Era300-ops\u00e6tning komplet med dette intelligente og fleksible v\u00e6gbeslag fra Nedis. Opn\u00e5 optimal lyd, professionelt udseende og et hjem uden rod.<\/p>\n<p>Sammenlign priser p\u00e5 Nedis &#8211; Speaker Mount | Kompatibel med: Sonos\u00ae Era300 | V\u00e6g | 5 kg | Swivel \/ Tilt | Vipbar | Kan drejes | ABS \/ Metal | Hvid &#8211; SPMT5900WT og k\u00f8b online til den billigste pris, samt p\u00e5 tilbud!\u00a0\u00a0Tjek den bedste pris, produkt beskrivelse, video, test, anmeldelser osv.<\/p>\n<p><strong>Brand: <\/strong>Nedis<br \/>\n<strong>EAN: <\/strong>5412810451975<br \/>\n<strong>Producentens varenr.:<\/strong> 5412810451975<\/p>\n<p><strong>P.S.<\/strong><br \/>\nTilmeld dig til &#8220;Opret Gratis Prisfald Alarm&#8221;, og bliv underrettet med det samme om prisfald p\u00e5 Nedis &#8211; Speaker Mount | Kompatibel med: Sonos\u00ae Era300 | V\u00e6g | 5 kg | Swivel \/ Tilt | Vipbar | Kan drejes | ABS \/ Metal | Hvid &#8211; SPMT5900WT, og f\u00e5 den billigste pris!<\/p>\n<p>&nbsp;<\/p>\n<p>&nbsp;<\/p>\n","protected":false},"excerpt":{"rendered":"<p>K\u00f8b billig Nedis &#8211; Speaker Mount | Kompatibel med: Sonos\u00ae Era300 | V\u00e6g | 5 kg | Swivel \/ Tilt | Vipbar | Kan drejes | ABS \/ Metal | Hvid &#8211; SPMT5900WT! Opgrader din Sonos\u00ae Era300-lydoplevelse med Nedis v\u00e6gbeslag, et specialdesignet tilbeh\u00f8r, der kombinerer stil og funktionalitet. Beslaget er fremstillet i holdbart ABS og [&hellip;]<\/p>\n","protected":false},"featured_media":0,"template":"","meta":[],"store":[1272516],"product_brand":[1272517],"product_cat":[1272427],"product_tag":[1272678,1275178],"class_list":{"0":"post-447921","1":"product","2":"type-product","3":"status-publish","5":"store-butik24","6":"product_brand-nedis","7":"product_cat-beslag","8":"product_tag-beslag","9":"product_tag-nedis","10":"pa_maerke-nedis","12":"first","13":"instock","14":"product-type-external"},"_links":{"self":[{"href":"https:\/\/www.pricetornado.com\/da\/wp-json\/wp\/v2\/product\/447921","targetHints":{"allow":["GET"]}}],"collection":[{"href":"https:\/\/www.pricetornado.com\/da\/wp-json\/wp\/v2\/product"}],"about":[{"href":"https:\/\/www.pricetornado.com\/da\/wp-json\/wp\/v2\/types\/product"}],"wp:attachment":[{"href":"https:\/\/www.pricetornado.com\/da\/wp-json\/wp\/v2\/media?parent=447921"}],"wp:term":[{"taxonomy":"store","embeddable":true,"href":"https:\/\/www.pricetornado.com\/da\/wp-json\/wp\/v2\/store?post=447921"},{"taxonomy":"product_brand","embeddable":true,"href":"https:\/\/www.pricetornado.com\/da\/wp-json\/wp\/v2\/product_brand?post=447921"},{"taxonomy":"product_cat","embeddable":true,"href":"https:\/\/www.pricetornado.com\/da\/wp-json\/wp\/v2\/product_cat?post=447921"},{"taxonomy":"product_tag","embeddable":true,"href":"https:\/\/www.pricetornado.com\/da\/wp-json\/wp\/v2\/product_tag?post=447921"}],"curies":[{"name":"wp","href":"https:\/\/api.w.org\/{rel}","templated":true}]}}