{"id":447919,"date":"2025-02-23T06:51:53","date_gmt":"2025-02-23T05:51:53","guid":{"rendered":"https:\/\/www.pricetornado.com\/da\/produkt\/nedis-fast-tv-vaegbeslag-43-100-maksimal-vaegt-75-kg-minimum-vaegafstand-9-50-mm-staal-sort-tvwm5090bk\/"},"modified":"2026-04-20T04:10:15","modified_gmt":"2026-04-20T02:10:15","slug":"nedis-fast-tv-vaegbeslag-43-100-maksimal-vaegt-75-kg-minimum-vaegafstand-9-50-mm-staal-sort-tvwm5090bk","status":"publish","type":"product","link":"https:\/\/www.pricetornado.com\/da\/produkt\/nedis-fast-tv-vaegbeslag-43-100-maksimal-vaegt-75-kg-minimum-vaegafstand-9-50-mm-staal-sort-tvwm5090bk\/","title":{"rendered":"Nedis &#8211; Fast TV V\u00e6gbeslag | 43 &#8211; 100 &quot; | Maksimal v\u00e6gt: 75 kg | Minimum v\u00e6gafstand: 9.50 mm | St\u00e5l | Sort &#8211; TVWM5090BK"},"content":{"rendered":"<p>K\u00f8b billig Nedis &#8211; Fast TV V\u00e6gbeslag | 43 &#8211; 100 &quot; | Maksimal v\u00e6gt: 75 kg | Minimum v\u00e6gafstand: 9.50 mm | St\u00e5l | Sort &#8211; TVWM5090BK!<br \/>\nDet universelle Nedis Micro-Gap faste tv-v\u00e6gbeslag giver dig den nyeste teknologi inden for tv-montering og et ultraslankt design, der passer til store tv-sk\u00e6rme fra 43&quot; til 100&quot;. Med et mikromellemrum p\u00e5 kun 9,5 mm fra v\u00e6ggen f\u00e5r du en diskret, pladsbesparende installation og et moderne udtryk i dit hjem.V\u00e6gbeslaget er lavet i holdbart st\u00e5l, hvilket sikrer maksimal stabilitet og en b\u00e6reevne op til 75 kg. Dermed kan du trygt montere selv de st\u00f8rste og tungeste tv-modeller sikkert p\u00e5 v\u00e6ggen.Integreret v\u00e6gplade i \u00e9t stykke g\u00f8r monteringen enkel og sikker.Indbygget bobleniveau sikrer en pr\u00e6cis og vandret placering.Kickstand-designet giver nem adgang til kabler og letter vedligeholdelse.Effektiv kabelh\u00e5ndtering holder installationen overskuelig og ryddelig.St\u00e6rk magnetisk kontakt holder tv\u2019et sikkert p\u00e5 plads og forhindrer bev\u00e6gelser.Sideforskydningsbeslag kan justeres for at passe til forskellige VESA-m\u00f8nstre, hvilket \u00f8ger kompatibiliteten.VESA-indikatorm\u00e6rker hj\u00e6lper med pr\u00e6cis ops\u00e6tning og positionering.Et dekorativt betr\u00e6k skjuler monteringshuller for et p\u00e6nt og ryddeligt look.Dette v\u00e6gbeslag underst\u00f8tter mange VESA-standarder: 200&#215;200, 300&#215;200, 400&#215;200, 300&#215;300, 400&#215;300, 400&#215;400, 600&#215;400, 800&#215;400 og 800&#215;600. Det sikrer, at beslaget passer til en lang r\u00e6kke tv-modeller.Opgrader din hjemmeunderholdning med et Nedis Micro-Gap fast tv-v\u00e6gbeslag, der kombinerer moderne design, p\u00e5lidelig funktion og maksimal sikkerhed for dit tv. hos Butik24.<\/p>\n<p>Sammenlign priser p\u00e5 Nedis &#8211; Fast TV V\u00e6gbeslag | 43 &#8211; 100 &quot; | Maksimal v\u00e6gt: 75 kg | Minimum v\u00e6gafstand: 9.50 mm | St\u00e5l | Sort &#8211; TVWM5090BK og k\u00f8b online til den billigste pris, samt p\u00e5 tilbud!\u00a0\u00a0Tjek den bedste pris, produkt beskrivelse, video, test, anmeldelser osv.<\/p>\n<p><strong>Brand: <\/strong>Nedis<br \/>\n<strong>EAN: <\/strong>5412810450459<br \/>\n<strong>Producentens varenr.:<\/strong> 5412810450459<\/p>\n<p><strong>P.S.<\/strong><br \/>\nTilmeld dig til &#8220;Opret Gratis Prisfald Alarm&#8221;, og bliv underrettet med det samme om prisfald p\u00e5 Nedis &#8211; Fast TV V\u00e6gbeslag | 43 &#8211; 100 &quot; | Maksimal v\u00e6gt: 75 kg | Minimum v\u00e6gafstand: 9.50 mm | St\u00e5l | Sort &#8211; TVWM5090BK, og f\u00e5 den billigste pris!<\/p>\n<p>&nbsp;<\/p>\n<p>&nbsp;<\/p>\n","protected":false},"excerpt":{"rendered":"<p>K\u00f8b billig Nedis &#8211; Fast TV V\u00e6gbeslag | 43 &#8211; 100 &quot; | Maksimal v\u00e6gt: 75 kg | Minimum v\u00e6gafstand: 9.50 mm | St\u00e5l | Sort &#8211; TVWM5090BK! Det universelle Nedis Micro-Gap faste tv-v\u00e6gbeslag giver dig den nyeste teknologi inden for tv-montering og et ultraslankt design, der passer til store tv-sk\u00e6rme fra 43&quot; til 100&quot;. [&hellip;]<\/p>\n","protected":false},"featured_media":999980000004479190,"template":"","meta":[],"store":[1272516],"product_brand":[1272517],"product_cat":[1272427],"product_tag":[1272678,1275178],"class_list":{"0":"post-447919","1":"product","2":"type-product","3":"status-publish","4":"has-post-thumbnail","6":"store-butik24","7":"product_brand-nedis","8":"product_cat-beslag","9":"product_tag-beslag","10":"product_tag-nedis","11":"pa_maerke-nedis","13":"first","14":"instock","15":"product-type-external"},"_links":{"self":[{"href":"https:\/\/www.pricetornado.com\/da\/wp-json\/wp\/v2\/product\/447919","targetHints":{"allow":["GET"]}}],"collection":[{"href":"https:\/\/www.pricetornado.com\/da\/wp-json\/wp\/v2\/product"}],"about":[{"href":"https:\/\/www.pricetornado.com\/da\/wp-json\/wp\/v2\/types\/product"}],"wp:featuredmedia":[{"embeddable":true,"href":"https:\/\/www.pricetornado.com\/da\/wp-json\/"}],"wp:attachment":[{"href":"https:\/\/www.pricetornado.com\/da\/wp-json\/wp\/v2\/media?parent=447919"}],"wp:term":[{"taxonomy":"store","embeddable":true,"href":"https:\/\/www.pricetornado.com\/da\/wp-json\/wp\/v2\/store?post=447919"},{"taxonomy":"product_brand","embeddable":true,"href":"https:\/\/www.pricetornado.com\/da\/wp-json\/wp\/v2\/product_brand?post=447919"},{"taxonomy":"product_cat","embeddable":true,"href":"https:\/\/www.pricetornado.com\/da\/wp-json\/wp\/v2\/product_cat?post=447919"},{"taxonomy":"product_tag","embeddable":true,"href":"https:\/\/www.pricetornado.com\/da\/wp-json\/wp\/v2\/product_tag?post=447919"}],"curies":[{"name":"wp","href":"https:\/\/api.w.org\/{rel}","templated":true}]}}