{"id":447918,"date":"2025-02-24T06:46:20","date_gmt":"2025-02-24T05:46:20","guid":{"rendered":"https:\/\/www.pricetornado.com\/da\/produkt\/nedis-speaker-mount-kompatibel-med-universal-gulv-4-5-kg-hoejde-justerbar-abs-staal-sort-spmt2750bk\/"},"modified":"2026-04-20T11:00:36","modified_gmt":"2026-04-20T09:00:36","slug":"nedis-speaker-mount-kompatibel-med-universal-gulv-4-5-kg-hoejde-justerbar-abs-staal-sort-spmt2750bk","status":"publish","type":"product","link":"https:\/\/www.pricetornado.com\/da\/produkt\/nedis-speaker-mount-kompatibel-med-universal-gulv-4-5-kg-hoejde-justerbar-abs-staal-sort-spmt2750bk\/","title":{"rendered":"Nedis &#8211; Speaker Mount | Kompatibel med: Universal | Gulv | 4.5 kg | H\u00f8jde justerbar | ABS \/ St\u00e5l | Sort &#8211; SPMT2750BK"},"content":{"rendered":"<p>K\u00f8b billig Nedis &#8211; Speaker Mount | Kompatibel med: Universal | Gulv | 4.5 kg | H\u00f8jde justerbar | ABS \/ St\u00e5l | Sort &#8211; SPMT2750BK!<br \/>\nDette matsorte universalgulvstativ fra Nedis er ideelt til de fleste satellith\u00f8jttalere og sm\u00e5 reolh\u00f8jttalere med en maksimal v\u00e6gt p\u00e5 4,5 kg. Det diskrete design sikrer, at stativet let passer ind i hjemmets indretning, mens det robuste stativ giver optimal stabilitet og underst\u00f8tter dine h\u00f8jttalere sikkert.Stativet har manuel clutch-udl\u00f8ser, som g\u00f8r det muligt at justere h\u00f8jden pr\u00e6cist mellem 763 mm og 1036 mm. P\u00e5 den m\u00e5de kan du placere dine h\u00f8jttalere i den ideelle lytteh\u00f8jde og opn\u00e5 den bedst mulige lydoplevelse derhjemme.Stativet er fremstillet i holdbart ABS og st\u00e5l, hvilket giver b\u00e5de styrke og lang levetid. Den v\u00e6gtede fod sikrer stabilitet og reducerer sekund\u00e6re vibrationer. Der medf\u00f8lger st\u00e5lpigge til t\u00e6ppebelagte gulve og gummipuder til h\u00e5rde overflader som tr\u00e6 og fliser, hvilket akustisk isolerer stativet fra gulvet og videre forbedrer lydkvaliteten.Med den integrerede interne kabelstyring holdes kablerne organiserede og skjulte, s\u00e5 dit lydsystem fremst\u00e5r ryddeligt uden synlige ledninger.B\u00e6reevne op til 4,5 kg pr. stativ. Perfekt til b\u00e5de satellit- og reolh\u00f8jttalere.<\/p>\n<p>Sammenlign priser p\u00e5 Nedis &#8211; Speaker Mount | Kompatibel med: Universal | Gulv | 4.5 kg | H\u00f8jde justerbar | ABS \/ St\u00e5l | Sort &#8211; SPMT2750BK og k\u00f8b online til den billigste pris, samt p\u00e5 tilbud!\u00a0\u00a0Tjek den bedste pris, produkt beskrivelse, video, test, anmeldelser osv.<\/p>\n<p><strong>Brand: <\/strong>Nedis<br \/>\n<strong>EAN: <\/strong>5412810333912<br \/>\n<strong>Producentens varenr.:<\/strong> 5412810333912<\/p>\n<p><strong>P.S.<\/strong><br \/>\nTilmeld dig til &#8220;Opret Gratis Prisfald Alarm&#8221;, og bliv underrettet med det samme om prisfald p\u00e5 Nedis &#8211; Speaker Mount | Kompatibel med: Universal | Gulv | 4.5 kg | H\u00f8jde justerbar | ABS \/ St\u00e5l | Sort &#8211; SPMT2750BK, og f\u00e5 den billigste pris!<\/p>\n<p>&nbsp;<\/p>\n<p>&nbsp;<\/p>\n","protected":false},"excerpt":{"rendered":"<p>K\u00f8b billig Nedis &#8211; Speaker Mount | Kompatibel med: Universal | Gulv | 4.5 kg | H\u00f8jde justerbar | ABS \/ St\u00e5l | Sort &#8211; SPMT2750BK! Dette matsorte universalgulvstativ fra Nedis er ideelt til de fleste satellith\u00f8jttalere og sm\u00e5 reolh\u00f8jttalere med en maksimal v\u00e6gt p\u00e5 4,5 kg. Det diskrete design sikrer, at stativet let passer [&hellip;]<\/p>\n","protected":false},"featured_media":999980000004479180,"template":"","meta":[],"store":[1272516],"product_brand":[1272517],"product_cat":[1272427],"product_tag":[1272678,1275178],"class_list":{"0":"post-447918","1":"product","2":"type-product","3":"status-publish","4":"has-post-thumbnail","6":"store-butik24","7":"product_brand-nedis","8":"product_cat-beslag","9":"product_tag-beslag","10":"product_tag-nedis","11":"pa_maerke-nedis","13":"first","14":"instock","15":"product-type-external"},"_links":{"self":[{"href":"https:\/\/www.pricetornado.com\/da\/wp-json\/wp\/v2\/product\/447918","targetHints":{"allow":["GET"]}}],"collection":[{"href":"https:\/\/www.pricetornado.com\/da\/wp-json\/wp\/v2\/product"}],"about":[{"href":"https:\/\/www.pricetornado.com\/da\/wp-json\/wp\/v2\/types\/product"}],"wp:featuredmedia":[{"embeddable":true,"href":"https:\/\/www.pricetornado.com\/da\/wp-json\/"}],"wp:attachment":[{"href":"https:\/\/www.pricetornado.com\/da\/wp-json\/wp\/v2\/media?parent=447918"}],"wp:term":[{"taxonomy":"store","embeddable":true,"href":"https:\/\/www.pricetornado.com\/da\/wp-json\/wp\/v2\/store?post=447918"},{"taxonomy":"product_brand","embeddable":true,"href":"https:\/\/www.pricetornado.com\/da\/wp-json\/wp\/v2\/product_brand?post=447918"},{"taxonomy":"product_cat","embeddable":true,"href":"https:\/\/www.pricetornado.com\/da\/wp-json\/wp\/v2\/product_cat?post=447918"},{"taxonomy":"product_tag","embeddable":true,"href":"https:\/\/www.pricetornado.com\/da\/wp-json\/wp\/v2\/product_tag?post=447918"}],"curies":[{"name":"wp","href":"https:\/\/api.w.org\/{rel}","templated":true}]}}