{"id":447917,"date":"2025-02-20T00:32:55","date_gmt":"2025-02-19T23:32:55","guid":{"rendered":"https:\/\/www.pricetornado.com\/da\/produkt\/nedis-fast-tv-vaegbeslag-37-70-maksimal-vaegt-35-kg-minimum-vaegafstand-23-mm-staal-sort-tvwm1051bk\/"},"modified":"2026-04-22T01:26:08","modified_gmt":"2026-04-21T23:26:08","slug":"nedis-fast-tv-vaegbeslag-37-70-maksimal-vaegt-35-kg-minimum-vaegafstand-23-mm-staal-sort-tvwm1051bk","status":"publish","type":"product","link":"https:\/\/www.pricetornado.com\/da\/produkt\/nedis-fast-tv-vaegbeslag-37-70-maksimal-vaegt-35-kg-minimum-vaegafstand-23-mm-staal-sort-tvwm1051bk\/","title":{"rendered":"Nedis &#8211; Fast TV V\u00e6gbeslag | 37 &#8211; 70 &quot; | Maksimal v\u00e6gt: 35 kg | Minimum v\u00e6gafstand: 23 mm | St\u00e5l | Sort &#8211; TVWM1051BK"},"content":{"rendered":"<p>K\u00f8b billig Nedis &#8211; Fast TV V\u00e6gbeslag | 37 &#8211; 70 &quot; | Maksimal v\u00e6gt: 35 kg | Minimum v\u00e6gafstand: 23 mm | St\u00e5l | Sort &#8211; TVWM1051BK!<br \/>\nFastg\u00f8r dit TV helt t\u00e6t p\u00e5 v\u00e6ggen med dette TV-v\u00e6gbeslag fra Nedis, som giver et stilrent og diskret udseende med kun 23 mm afstand mellem v\u00e6g og TV. Beslaget er ideelt til de fleste fladsk\u00e6rme fra 37 til 70 tommer og f\u00e5r dit TV til at passe perfekt ind i din indretning.Dette v\u00e6gbeslag er konstrueret i robust st\u00e5l, hvilket sikrer en solid og p\u00e5lidelig fastg\u00f8relse. Den holdbare st\u00e5lramme underst\u00f8tter TV\u2019er med en v\u00e6gt p\u00e5 op til 35 kg, s\u00e5 du kan trygt montere selv store sk\u00e6rme.Underst\u00f8tter 10 VESA-standarder fra 100&#215;100 mm til 600&#215;400 mm, s\u00e5 det passer til langt de fleste TV-modeller i st\u00f8rrelsesintervallet.Alle n\u00f8dvendige monteringsmaterialer og en brugervenlig vejledning medf\u00f8lger, hvilket g\u00f8r installationen hurtig og enkel.V\u00e6lg dette Nedis TV-v\u00e6gbeslag for en sikker, pladsbesparende og langtidsholdbar l\u00f8sning, der lader dit TV integrere elegant med din v\u00e6g.<\/p>\n<p>Sammenlign priser p\u00e5 Nedis &#8211; Fast TV V\u00e6gbeslag | 37 &#8211; 70 &quot; | Maksimal v\u00e6gt: 35 kg | Minimum v\u00e6gafstand: 23 mm | St\u00e5l | Sort &#8211; TVWM1051BK og k\u00f8b online til den billigste pris, samt p\u00e5 tilbud!\u00a0\u00a0Tjek den bedste pris, produkt beskrivelse, video, test, anmeldelser osv.<\/p>\n<p><strong>Brand: <\/strong>Nedis<br \/>\n<strong>EAN: <\/strong>5412810329779<br \/>\n<strong>Producentens varenr.:<\/strong> 5412810329779<\/p>\n<p><strong>P.S.<\/strong><br \/>\nTilmeld dig til &#8220;Opret Gratis Prisfald Alarm&#8221;, og bliv underrettet med det samme om prisfald p\u00e5 Nedis &#8211; Fast TV V\u00e6gbeslag | 37 &#8211; 70 &quot; | Maksimal v\u00e6gt: 35 kg | Minimum v\u00e6gafstand: 23 mm | St\u00e5l | Sort &#8211; TVWM1051BK, og f\u00e5 den billigste pris!<\/p>\n<p>&nbsp;<\/p>\n<p>&nbsp;<\/p>\n","protected":false},"excerpt":{"rendered":"<p>K\u00f8b billig Nedis &#8211; Fast TV V\u00e6gbeslag | 37 &#8211; 70 &quot; | Maksimal v\u00e6gt: 35 kg | Minimum v\u00e6gafstand: 23 mm | St\u00e5l | Sort &#8211; TVWM1051BK! Fastg\u00f8r dit TV helt t\u00e6t p\u00e5 v\u00e6ggen med dette TV-v\u00e6gbeslag fra Nedis, som giver et stilrent og diskret udseende med kun 23 mm afstand mellem v\u00e6g og [&hellip;]<\/p>\n","protected":false},"featured_media":999980000004479170,"template":"","meta":[],"store":[1272516],"product_brand":[1272517],"product_cat":[1272427],"product_tag":[1272678,1275178],"class_list":{"0":"post-447917","1":"product","2":"type-product","3":"status-publish","4":"has-post-thumbnail","6":"store-butik24","7":"product_brand-nedis","8":"product_cat-beslag","9":"product_tag-beslag","10":"product_tag-nedis","11":"pa_maerke-nedis","13":"first","14":"instock","15":"product-type-external"},"_links":{"self":[{"href":"https:\/\/www.pricetornado.com\/da\/wp-json\/wp\/v2\/product\/447917","targetHints":{"allow":["GET"]}}],"collection":[{"href":"https:\/\/www.pricetornado.com\/da\/wp-json\/wp\/v2\/product"}],"about":[{"href":"https:\/\/www.pricetornado.com\/da\/wp-json\/wp\/v2\/types\/product"}],"wp:featuredmedia":[{"embeddable":true,"href":"https:\/\/www.pricetornado.com\/da\/wp-json\/"}],"wp:attachment":[{"href":"https:\/\/www.pricetornado.com\/da\/wp-json\/wp\/v2\/media?parent=447917"}],"wp:term":[{"taxonomy":"store","embeddable":true,"href":"https:\/\/www.pricetornado.com\/da\/wp-json\/wp\/v2\/store?post=447917"},{"taxonomy":"product_brand","embeddable":true,"href":"https:\/\/www.pricetornado.com\/da\/wp-json\/wp\/v2\/product_brand?post=447917"},{"taxonomy":"product_cat","embeddable":true,"href":"https:\/\/www.pricetornado.com\/da\/wp-json\/wp\/v2\/product_cat?post=447917"},{"taxonomy":"product_tag","embeddable":true,"href":"https:\/\/www.pricetornado.com\/da\/wp-json\/wp\/v2\/product_tag?post=447917"}],"curies":[{"name":"wp","href":"https:\/\/api.w.org\/{rel}","templated":true}]}}