{"id":447916,"date":"2025-02-25T17:19:55","date_gmt":"2025-02-25T16:19:55","guid":{"rendered":"https:\/\/www.pricetornado.com\/da\/produkt\/nedis-fast-tv-vaegbeslag-60-100-maksimal-vaegt-75-kg-minimum-vaegafstand-30-5-mm-metal-staal-sort-tvwm2070bk\/"},"modified":"2026-04-18T10:40:16","modified_gmt":"2026-04-18T08:40:16","slug":"nedis-fast-tv-vaegbeslag-60-100-maksimal-vaegt-75-kg-minimum-vaegafstand-30-5-mm-metal-staal-sort-tvwm2070bk","status":"publish","type":"product","link":"https:\/\/www.pricetornado.com\/da\/produkt\/nedis-fast-tv-vaegbeslag-60-100-maksimal-vaegt-75-kg-minimum-vaegafstand-30-5-mm-metal-staal-sort-tvwm2070bk\/","title":{"rendered":"Nedis &#8211; Fast TV V\u00e6gbeslag | 60 &#8211; 100 &quot; | Maksimal v\u00e6gt: 75 kg | Minimum v\u00e6gafstand: 30.5 mm | Metal \/ St\u00e5l | Sort &#8211; TVWM2070BK"},"content":{"rendered":"<p>K\u00f8b billig Nedis &#8211; Fast TV V\u00e6gbeslag | 60 &#8211; 100 &quot; | Maksimal v\u00e6gt: 75 kg | Minimum v\u00e6gafstand: 30.5 mm | Metal \/ St\u00e5l | Sort &#8211; TVWM2070BK!<br \/>\nMonter dette Nedis tv-v\u00e6gbeslag p\u00e5 v\u00e6ggen for en elegant og diskret finish til din hjemmebiograf. Beslaget er fremstillet af slidst\u00e6rkt metal og st\u00e5l, hvilket sikrer en st\u00e6rk og langtidsholdbar l\u00f8sning til din tv-montering. Det robuste design g\u00f8r det muligt at b\u00e6re tv op til 75 kg, s\u00e5 du trygt kan h\u00e6nge selv st\u00f8rre tv-sk\u00e6rme fra 60 til 100 tommer sikkert op.Installationen er b\u00e5de hurtig og enkel takket v\u00e6re den medf\u00f8lgende monteringsvejledning og de n\u00f8dvendige materialer. Det indbyggede vaterpas sikrer, at beslaget monteres helt lige, og quick release-kabler g\u00f8r det let at installere eller fjerne tv\u2019et ved behov.Beslagets faste design holder tv\u2019et i en afstand p\u00e5 blot 30,5 mm fra v\u00e6ggen, hvilket giver et stilrent og pladsbesparende udtryk i stuen eller opholdsrum.Dette v\u00e6gbeslag underst\u00f8tter en lang r\u00e6kke VESA-standarder fra 200&#215;200 til 900&#215;600 mm og passer dermed til mange forskellige tv-modeller.Med dette Nedis tv v\u00e6gbeslag f\u00e5r du en nem, sikker og professionel l\u00f8sning til at montere dit tv p\u00e5 v\u00e6ggen.<\/p>\n<p>Sammenlign priser p\u00e5 Nedis &#8211; Fast TV V\u00e6gbeslag | 60 &#8211; 100 &quot; | Maksimal v\u00e6gt: 75 kg | Minimum v\u00e6gafstand: 30.5 mm | Metal \/ St\u00e5l | Sort &#8211; TVWM2070BK og k\u00f8b online til den billigste pris, samt p\u00e5 tilbud!\u00a0\u00a0Tjek den bedste pris, produkt beskrivelse, video, test, anmeldelser osv.<\/p>\n<p><strong>Brand: <\/strong>Nedis<br \/>\n<strong>EAN: <\/strong>5412810327713<br \/>\n<strong>Producentens varenr.:<\/strong> 5412810327713<\/p>\n<p><strong>P.S.<\/strong><br \/>\nTilmeld dig til &#8220;Opret Gratis Prisfald Alarm&#8221;, og bliv underrettet med det samme om prisfald p\u00e5 Nedis &#8211; Fast TV V\u00e6gbeslag | 60 &#8211; 100 &quot; | Maksimal v\u00e6gt: 75 kg | Minimum v\u00e6gafstand: 30.5 mm | Metal \/ St\u00e5l | Sort &#8211; TVWM2070BK, og f\u00e5 den billigste pris!<\/p>\n<p>&nbsp;<\/p>\n<p>&nbsp;<\/p>\n","protected":false},"excerpt":{"rendered":"<p>K\u00f8b billig Nedis &#8211; Fast TV V\u00e6gbeslag | 60 &#8211; 100 &quot; | Maksimal v\u00e6gt: 75 kg | Minimum v\u00e6gafstand: 30.5 mm | Metal \/ St\u00e5l | Sort &#8211; TVWM2070BK! Monter dette Nedis tv-v\u00e6gbeslag p\u00e5 v\u00e6ggen for en elegant og diskret finish til din hjemmebiograf. Beslaget er fremstillet af slidst\u00e6rkt metal og st\u00e5l, hvilket sikrer [&hellip;]<\/p>\n","protected":false},"featured_media":999980000004479160,"template":"","meta":[],"store":[1272516],"product_brand":[1272517],"product_cat":[1272427],"product_tag":[1272678,1275178],"class_list":{"0":"post-447916","1":"product","2":"type-product","3":"status-publish","4":"has-post-thumbnail","6":"store-butik24","7":"product_brand-nedis","8":"product_cat-beslag","9":"product_tag-beslag","10":"product_tag-nedis","11":"pa_maerke-nedis","13":"first","14":"instock","15":"product-type-external"},"_links":{"self":[{"href":"https:\/\/www.pricetornado.com\/da\/wp-json\/wp\/v2\/product\/447916","targetHints":{"allow":["GET"]}}],"collection":[{"href":"https:\/\/www.pricetornado.com\/da\/wp-json\/wp\/v2\/product"}],"about":[{"href":"https:\/\/www.pricetornado.com\/da\/wp-json\/wp\/v2\/types\/product"}],"wp:featuredmedia":[{"embeddable":true,"href":"https:\/\/www.pricetornado.com\/da\/wp-json\/"}],"wp:attachment":[{"href":"https:\/\/www.pricetornado.com\/da\/wp-json\/wp\/v2\/media?parent=447916"}],"wp:term":[{"taxonomy":"store","embeddable":true,"href":"https:\/\/www.pricetornado.com\/da\/wp-json\/wp\/v2\/store?post=447916"},{"taxonomy":"product_brand","embeddable":true,"href":"https:\/\/www.pricetornado.com\/da\/wp-json\/wp\/v2\/product_brand?post=447916"},{"taxonomy":"product_cat","embeddable":true,"href":"https:\/\/www.pricetornado.com\/da\/wp-json\/wp\/v2\/product_cat?post=447916"},{"taxonomy":"product_tag","embeddable":true,"href":"https:\/\/www.pricetornado.com\/da\/wp-json\/wp\/v2\/product_tag?post=447916"}],"curies":[{"name":"wp","href":"https:\/\/api.w.org\/{rel}","templated":true}]}}