{"id":447913,"date":"2025-02-22T06:09:38","date_gmt":"2025-02-22T05:09:38","guid":{"rendered":"https:\/\/www.pricetornado.com\/da\/produkt\/nedis-fuld-motion-tv-vaegbeslag-37-70-maksimal-vaegt-35-kg-vipbar-kan-drejes-minimum-vaegafstand-79-mm-maksimal-vaegafstand-220-mm-2-drejepunkter-abs-staal-sort-t\/"},"modified":"2026-04-19T06:50:35","modified_gmt":"2026-04-19T04:50:35","slug":"nedis-fuld-motion-tv-vaegbeslag-37-70-maksimal-vaegt-35-kg-vipbar-kan-drejes-minimum-vaegafstand-79-mm-maksimal-vaegafstand-220-mm-2-drejepunkter-abs-staal-sort-t","status":"publish","type":"product","link":"https:\/\/www.pricetornado.com\/da\/produkt\/nedis-fuld-motion-tv-vaegbeslag-37-70-maksimal-vaegt-35-kg-vipbar-kan-drejes-minimum-vaegafstand-79-mm-maksimal-vaegafstand-220-mm-2-drejepunkter-abs-staal-sort-t\/","title":{"rendered":"Nedis &#8211; Fuld Motion TV V\u00e6gbeslag | 37 &#8211; 70 &quot; | Maksimal v\u00e6gt: 35 kg | Vipbar | Kan drejes | Minimum v\u00e6gafstand: 79 mm | Maksimal v\u00e6gafstand: 220 mm | 2 Drejepunkt(er) | ABS \/ St\u00e5l | Sort &#8211; TVWM1450BK"},"content":{"rendered":"<p>K\u00f8b billig Nedis &#8211; Fuld Motion TV V\u00e6gbeslag | 37 &#8211; 70 &quot; | Maksimal v\u00e6gt: 35 kg | Vipbar | Kan drejes | Minimum v\u00e6gafstand: 79 mm | Maksimal v\u00e6gafstand: 220 mm | 2 Drejepunkt(er) | ABS \/ St\u00e5l | Sort &#8211; TVWM1450BK!<br \/>\nFastg\u00f8r dit fjernsyn med dette TV-v\u00e6gbeslag fra Nedis for at opn\u00e5 maksimal fleksibilitet. Du kan vippe, dreje og rotere TV\u2019et, hvilket sikrer dig den perfekte synsvinkel under alle forhold \u2013 uanset om du sidder lige foran eller i en sk\u00e6v vinkel. Alle n\u00f8dvendige installationsmaterialer og en brugervenlig vejledning medf\u00f8lger, s\u00e5 du nemt og hurtigt kan montere beslaget.TV-v\u00e6gbeslaget er fremstillet af slidst\u00e6rke materialer som ABS og st\u00e5l, der s\u00f8rger for en robust og sikker montering. Disse materialer bidrager til h\u00f8j styrke og p\u00e5lidelighed, s\u00e5 v\u00e6gbeslaget kan underst\u00f8tte selv tunge fjernsyn sikkert og stabilt. Vip, drej og roter TV\u2019et for optimale synsvinkler. Juster sk\u00e6rmen med op til 20 graders vip for bedst muligt billede og mindre genskin. Roter TV\u2019et op til 170 grader for fleksibel placering i rummet. Giver ekstra bev\u00e6gelsesfrihed og nem justering. Op til 4 grader for at sikre, at sk\u00e6rmen forbliver vandret \u2013 selv p\u00e5 uj\u00e6vne v\u00e6gge.Beslaget inkluderer kabelstyring, der hj\u00e6lper med at holde dine ledninger organiserede og reducerer rod. Det giver en ren og stilfuld ops\u00e6tning omkring dit TV.V\u00e6lg Nedis TV-v\u00e6gbeslag for en st\u00e6rk, fleksibel og \u00e6stetisk l\u00f8sning til oph\u00e6ngning af dit fjernsyn. Se flere smarte l\u00f8sninger fra og find det rette tilbeh\u00f8r til dit hjem.<\/p>\n<p>Sammenlign priser p\u00e5 Nedis &#8211; Fuld Motion TV V\u00e6gbeslag | 37 &#8211; 70 &quot; | Maksimal v\u00e6gt: 35 kg | Vipbar | Kan drejes | Minimum v\u00e6gafstand: 79 mm | Maksimal v\u00e6gafstand: 220 mm | 2 Drejepunkt(er) | ABS \/ St\u00e5l | Sort &#8211; TVWM1450BK og k\u00f8b online til den billigste pris, samt p\u00e5 tilbud!\u00a0\u00a0Tjek den bedste pris, produkt beskrivelse, video, test, anmeldelser osv.<\/p>\n<p><strong>Brand: <\/strong>Nedis<br \/>\n<strong>EAN: <\/strong>5412810268627<br \/>\n<strong>Producentens varenr.:<\/strong> 5412810268627<\/p>\n<p><strong>P.S.<\/strong><br \/>\nTilmeld dig til &#8220;Opret Gratis Prisfald Alarm&#8221;, og bliv underrettet med det samme om prisfald p\u00e5 Nedis &#8211; Fuld Motion TV V\u00e6gbeslag | 37 &#8211; 70 &quot; | Maksimal v\u00e6gt: 35 kg | Vipbar | Kan drejes | Minimum v\u00e6gafstand: 79 mm | Maksimal v\u00e6gafstand: 220 mm | 2 Drejepunkt(er) | ABS \/ St\u00e5l | Sort &#8211; TVWM1450BK, og f\u00e5 den billigste pris!<\/p>\n<p>&nbsp;<\/p>\n<p>&nbsp;<\/p>\n","protected":false},"excerpt":{"rendered":"<p>K\u00f8b billig Nedis &#8211; Fuld Motion TV V\u00e6gbeslag | 37 &#8211; 70 &quot; | Maksimal v\u00e6gt: 35 kg | Vipbar | Kan drejes | Minimum v\u00e6gafstand: 79 mm | Maksimal v\u00e6gafstand: 220 mm | 2 Drejepunkt(er) | ABS \/ St\u00e5l | Sort &#8211; TVWM1450BK! Fastg\u00f8r dit fjernsyn med dette TV-v\u00e6gbeslag fra Nedis for at opn\u00e5 [&hellip;]<\/p>\n","protected":false},"featured_media":999980000004479130,"template":"","meta":[],"store":[1272516],"product_brand":[1272517],"product_cat":[1272427],"product_tag":[1272678,1275178],"class_list":{"0":"post-447913","1":"product","2":"type-product","3":"status-publish","4":"has-post-thumbnail","6":"store-butik24","7":"product_brand-nedis","8":"product_cat-beslag","9":"product_tag-beslag","10":"product_tag-nedis","11":"pa_maerke-nedis","13":"first","14":"instock","15":"product-type-external"},"_links":{"self":[{"href":"https:\/\/www.pricetornado.com\/da\/wp-json\/wp\/v2\/product\/447913","targetHints":{"allow":["GET"]}}],"collection":[{"href":"https:\/\/www.pricetornado.com\/da\/wp-json\/wp\/v2\/product"}],"about":[{"href":"https:\/\/www.pricetornado.com\/da\/wp-json\/wp\/v2\/types\/product"}],"wp:featuredmedia":[{"embeddable":true,"href":"https:\/\/www.pricetornado.com\/da\/wp-json\/"}],"wp:attachment":[{"href":"https:\/\/www.pricetornado.com\/da\/wp-json\/wp\/v2\/media?parent=447913"}],"wp:term":[{"taxonomy":"store","embeddable":true,"href":"https:\/\/www.pricetornado.com\/da\/wp-json\/wp\/v2\/store?post=447913"},{"taxonomy":"product_brand","embeddable":true,"href":"https:\/\/www.pricetornado.com\/da\/wp-json\/wp\/v2\/product_brand?post=447913"},{"taxonomy":"product_cat","embeddable":true,"href":"https:\/\/www.pricetornado.com\/da\/wp-json\/wp\/v2\/product_cat?post=447913"},{"taxonomy":"product_tag","embeddable":true,"href":"https:\/\/www.pricetornado.com\/da\/wp-json\/wp\/v2\/product_tag?post=447913"}],"curies":[{"name":"wp","href":"https:\/\/api.w.org\/{rel}","templated":true}]}}