{"id":447911,"date":"2025-02-20T19:50:04","date_gmt":"2025-02-20T18:50:04","guid":{"rendered":"https:\/\/www.pricetornado.com\/da\/produkt\/nedis-motion-detektor-alarm-batteri-3x-aaa-lr03-80-db-detektoromraade-1-10-m-detektorvinkel-10-loft-vaeg-hvid-amlrmmw40wt\/"},"modified":"2026-04-17T03:40:31","modified_gmt":"2026-04-17T01:40:31","slug":"nedis-motion-detektor-alarm-batteri-3x-aaa-lr03-80-db-detektoromraade-1-10-m-detektorvinkel-10-loft-vaeg-hvid-amlrmmw40wt","status":"publish","type":"product","link":"https:\/\/www.pricetornado.com\/da\/produkt\/nedis-motion-detektor-alarm-batteri-3x-aaa-lr03-80-db-detektoromraade-1-10-m-detektorvinkel-10-loft-vaeg-hvid-amlrmmw40wt\/","title":{"rendered":"Nedis &#8211; Motion Detektor Alarm | Batteri | 3x AAA\/LR03 | 80 dB | Detektoromr\u00e5de: 1.10 m | Detektorvinkel: 10 \u00b0 | Loft \/ V\u00e6g | Hvid &#8211; AMLRMMW40WT"},"content":{"rendered":"<p>K\u00f8b billig Nedis &#8211; Motion Detektor Alarm | Batteri | 3x AAA\/LR03 | 80 dB | Detektoromr\u00e5de: 1.10 m | Detektorvinkel: 10 \u00b0 | Loft \/ V\u00e6g | Hvid &#8211; AMLRMMW40WT!<br \/>\nDen brugervenlige Nedis bev\u00e6gelsesdetektor alarm registrerer bev\u00e6gelser ved hj\u00e6lp af en CDS-sensor, hvilket betyder, at der ikke er behov for en separat modtager. Dette g\u00f8r installationen enkel og g\u00f8r alarmen let at anvende til sikring af dine rum.Alarmen leveres med et monteringsbeslag, som kan justeres i en vinkel p\u00e5 mere end 300\u00b0. Den lave v\u00e6gt p\u00e5 kun 78 gram g\u00f8r det nemt at montere alarmen b\u00e5de p\u00e5 v\u00e6g og loft, s\u00e5 du effektivt kan beskytte et \u00f8nsket omr\u00e5de.Nedis bev\u00e6gelsesdetektor alarm giver dig en effektiv og hurtig l\u00f8sning til overv\u00e5gning og sikring af dine rum. Den tr\u00e5dl\u00f8se funktion og fleksible montage \u00e5bner for mange placeringsmuligheder, og den indbyggede sensor s\u00f8rger for p\u00e5lidelig bev\u00e6gelsesdetektion uden behov for ekstra enheder. hos Butik24.<\/p>\n<p>Sammenlign priser p\u00e5 Nedis &#8211; Motion Detektor Alarm | Batteri | 3x AAA\/LR03 | 80 dB | Detektoromr\u00e5de: 1.10 m | Detektorvinkel: 10 \u00b0 | Loft \/ V\u00e6g | Hvid &#8211; AMLRMMW40WT og k\u00f8b online til den billigste pris, samt p\u00e5 tilbud!\u00a0\u00a0Tjek den bedste pris, produkt beskrivelse, video, test, anmeldelser osv.<\/p>\n<p><strong>Brand: <\/strong>Nedis<br \/>\n<strong>EAN: <\/strong>5412810320950<br \/>\n<strong>Producentens varenr.:<\/strong> 5412810320950<\/p>\n<p><strong>P.S.<\/strong><br \/>\nTilmeld dig til &#8220;Opret Gratis Prisfald Alarm&#8221;, og bliv underrettet med det samme om prisfald p\u00e5 Nedis &#8211; Motion Detektor Alarm | Batteri | 3x AAA\/LR03 | 80 dB | Detektoromr\u00e5de: 1.10 m | Detektorvinkel: 10 \u00b0 | Loft \/ V\u00e6g | Hvid &#8211; AMLRMMW40WT, og f\u00e5 den billigste pris!<\/p>\n<p>&nbsp;<\/p>\n<p>&nbsp;<\/p>\n","protected":false},"excerpt":{"rendered":"<p>K\u00f8b billig Nedis &#8211; Motion Detektor Alarm | Batteri | 3x AAA\/LR03 | 80 dB | Detektoromr\u00e5de: 1.10 m | Detektorvinkel: 10 \u00b0 | Loft \/ V\u00e6g | Hvid &#8211; AMLRMMW40WT! Den brugervenlige Nedis bev\u00e6gelsesdetektor alarm registrerer bev\u00e6gelser ved hj\u00e6lp af en CDS-sensor, hvilket betyder, at der ikke er behov for en separat modtager. Dette [&hellip;]<\/p>\n","protected":false},"featured_media":999980000004479110,"template":"","meta":[],"store":[1272516],"product_brand":[1272517],"product_cat":[1272469],"product_tag":[1273060,1275178],"class_list":{"0":"post-447911","1":"product","2":"type-product","3":"status-publish","4":"has-post-thumbnail","6":"store-butik24","7":"product_brand-nedis","8":"product_cat-detektorer","9":"product_tag-detektorer","10":"product_tag-nedis","11":"pa_maerke-nedis","13":"first","14":"instock","15":"product-type-external"},"_links":{"self":[{"href":"https:\/\/www.pricetornado.com\/da\/wp-json\/wp\/v2\/product\/447911","targetHints":{"allow":["GET"]}}],"collection":[{"href":"https:\/\/www.pricetornado.com\/da\/wp-json\/wp\/v2\/product"}],"about":[{"href":"https:\/\/www.pricetornado.com\/da\/wp-json\/wp\/v2\/types\/product"}],"wp:featuredmedia":[{"embeddable":true,"href":"https:\/\/www.pricetornado.com\/da\/wp-json\/"}],"wp:attachment":[{"href":"https:\/\/www.pricetornado.com\/da\/wp-json\/wp\/v2\/media?parent=447911"}],"wp:term":[{"taxonomy":"store","embeddable":true,"href":"https:\/\/www.pricetornado.com\/da\/wp-json\/wp\/v2\/store?post=447911"},{"taxonomy":"product_brand","embeddable":true,"href":"https:\/\/www.pricetornado.com\/da\/wp-json\/wp\/v2\/product_brand?post=447911"},{"taxonomy":"product_cat","embeddable":true,"href":"https:\/\/www.pricetornado.com\/da\/wp-json\/wp\/v2\/product_cat?post=447911"},{"taxonomy":"product_tag","embeddable":true,"href":"https:\/\/www.pricetornado.com\/da\/wp-json\/wp\/v2\/product_tag?post=447911"}],"curies":[{"name":"wp","href":"https:\/\/api.w.org\/{rel}","templated":true}]}}