{"id":447907,"date":"2025-02-27T06:50:17","date_gmt":"2025-02-27T05:50:17","guid":{"rendered":"https:\/\/www.pricetornado.com\/da\/produkt\/alecto-bc-37-pande-termometer-infraroed-hvid\/"},"modified":"2026-04-29T09:30:10","modified_gmt":"2026-04-29T07:30:10","slug":"alecto-bc-37-pande-termometer-infraroed-hvid","status":"publish","type":"product","link":"https:\/\/www.pricetornado.com\/da\/produkt\/alecto-bc-37-pande-termometer-infraroed-hvid\/","title":{"rendered":"Alecto &#8211; BC-37 Pande termometer infrar\u00f8d hvid"},"content":{"rendered":"<p>K\u00f8b billig Alecto &#8211; BC-37 Pande termometer infrar\u00f8d hvid!<br \/>\nAlecto BC-37 er et infrar\u00f8dt termometer, der g\u00f8r det let og hurtigt at m\u00e5le dit barns temperatur p\u00e5 panden \u2013 uden ubehag for barnet, som det kan v\u00e6re med \u00f8re- eller endetermometre. Den avancerede infrar\u00f8de teknologi sikrer en kontaktfri, hygiejnisk og sikker m\u00e5ling med et klart resultat p\u00e5 det store, oplyste display. Temperatur kan afl\u00e6ses i b\u00e5de grader Celsius og Fahrenheit, og overskrides 37 \u00b0C (98,6 \u00b0F), f\u00e5r du straks besked via b\u00e5de lydsignal og en farveindikator, hvor det gr\u00f8nne lys skifter til r\u00f8dt. Funktionerne g\u00f8r det nemt ogs\u00e5 for uvante brugere at konstatere feber.Termometeret betjenes enkelt med kun \u00e9n knap og har et slankt design i let og holdbart plast, hvilket g\u00f8r det nemt at h\u00e5ndtere \u2013 b\u00e5de hjemme og professionelt. M\u00e5leresultatet vises hurtigt, p\u00e5 kun tre sekunder, og du f\u00e5r desuden pr\u00e6cise v\u00e6rdier med en decimal. Displayet har baggrundsbelysning, s\u00e5 du uden problemer kan m\u00e5le temperaturen, selv i m\u00f8rke omgivelser. Enheden lagrer automatisk de sidste 20 m\u00e5linger, s\u00e5 du nemt kan f\u00f8lge udviklingen over tid.Udover pr\u00e6cis feberm\u00e5ling hos b\u00f8rn er Alecto BC-37 ogs\u00e5 ideel til at m\u00e5le temperaturen p\u00e5 v\u00e6sker og overflader. Du kan hurtigt tjekke, om badevandet har den rette temperatur, om moderm\u00e6lken er klar, eller om gr\u00f8den ikke er for varm \u2013 alt sammen med \u00e9t og samme termometer.Som for\u00e6lder kender du m\u00e5ske allerede Alecto Baby for deres p\u00e5lidelige babyalarmer. Med BC-37 f\u00e5r du endnu et gennemt\u00e6nkt kvalitetsprodukt, der ofte klarer sig bedst i uafh\u00e6ngige tests. Det brugervenlige pandetermometer g\u00f8r b\u00e5de hverdagen nemmere og mere tryg, s\u00e5 du hurtigt kan reagere, hvis dit barn f\u00e5r feber. Med Alecto f\u00e5r du kvalitet, innovation og brugervenlighed i \u00e9t og samme produkt.<\/p>\n<p>Sammenlign priser p\u00e5 Alecto &#8211; BC-37 Pande termometer infrar\u00f8d hvid og k\u00f8b online til den billigste pris, samt p\u00e5 tilbud!\u00a0\u00a0Tjek den bedste pris, produkt beskrivelse, video, test, anmeldelser osv.<\/p>\n<p><strong>Brand: <\/strong>Alecto<br \/>\n<strong>EAN: <\/strong>8712412579488<br \/>\n<strong>Producentens varenr.:<\/strong> 8712412579488<\/p>\n<p><strong>P.S.<\/strong><br \/>\nTilmeld dig til &#8220;Opret Gratis Prisfald Alarm&#8221;, og bliv underrettet med det samme om prisfald p\u00e5 Alecto &#8211; BC-37 Pande termometer infrar\u00f8d hvid, og f\u00e5 den billigste pris!<\/p>\n<p>&nbsp;<\/p>\n<p>&nbsp;<\/p>\n","protected":false},"excerpt":{"rendered":"<p>K\u00f8b billig Alecto &#8211; BC-37 Pande termometer infrar\u00f8d hvid! Alecto BC-37 er et infrar\u00f8dt termometer, der g\u00f8r det let og hurtigt at m\u00e5le dit barns temperatur p\u00e5 panden \u2013 uden ubehag for barnet, som det kan v\u00e6re med \u00f8re- eller endetermometre. Den avancerede infrar\u00f8de teknologi sikrer en kontaktfri, hygiejnisk og sikker m\u00e5ling med et klart [&hellip;]<\/p>\n","protected":false},"featured_media":999980000004479070,"template":"","meta":[],"store":[1272516],"product_brand":[1272518],"product_cat":[1272475],"product_tag":[1275186,1273154],"class_list":{"0":"post-447907","1":"product","2":"type-product","3":"status-publish","4":"has-post-thumbnail","6":"store-butik24","7":"product_brand-alecto","8":"product_cat-sundhed","9":"product_tag-alecto","10":"product_tag-sundhed","11":"pa_maerke-alecto","13":"first","14":"instock","15":"product-type-external"},"_links":{"self":[{"href":"https:\/\/www.pricetornado.com\/da\/wp-json\/wp\/v2\/product\/447907","targetHints":{"allow":["GET"]}}],"collection":[{"href":"https:\/\/www.pricetornado.com\/da\/wp-json\/wp\/v2\/product"}],"about":[{"href":"https:\/\/www.pricetornado.com\/da\/wp-json\/wp\/v2\/types\/product"}],"wp:featuredmedia":[{"embeddable":true,"href":"https:\/\/www.pricetornado.com\/da\/wp-json\/"}],"wp:attachment":[{"href":"https:\/\/www.pricetornado.com\/da\/wp-json\/wp\/v2\/media?parent=447907"}],"wp:term":[{"taxonomy":"store","embeddable":true,"href":"https:\/\/www.pricetornado.com\/da\/wp-json\/wp\/v2\/store?post=447907"},{"taxonomy":"product_brand","embeddable":true,"href":"https:\/\/www.pricetornado.com\/da\/wp-json\/wp\/v2\/product_brand?post=447907"},{"taxonomy":"product_cat","embeddable":true,"href":"https:\/\/www.pricetornado.com\/da\/wp-json\/wp\/v2\/product_cat?post=447907"},{"taxonomy":"product_tag","embeddable":true,"href":"https:\/\/www.pricetornado.com\/da\/wp-json\/wp\/v2\/product_tag?post=447907"}],"curies":[{"name":"wp","href":"https:\/\/api.w.org\/{rel}","templated":true}]}}