{"id":447905,"date":"2025-02-25T14:54:55","date_gmt":"2025-02-25T13:54:55","guid":{"rendered":"https:\/\/www.pricetornado.com\/da\/produkt\/alecto-dbx-88-eco-full-eco-dect-babyalarm-med-display-hvid-blaa\/"},"modified":"2026-04-17T03:20:20","modified_gmt":"2026-04-17T01:20:20","slug":"alecto-dbx-88-eco-full-eco-dect-babyalarm-med-display-hvid-blaa","status":"publish","type":"product","link":"https:\/\/www.pricetornado.com\/da\/produkt\/alecto-dbx-88-eco-full-eco-dect-babyalarm-med-display-hvid-blaa\/","title":{"rendered":"Alecto &#8211; DBX-88 ECO Full Eco DECT babyalarm med display hvid\/bl\u00e5"},"content":{"rendered":"<p>K\u00f8b billig Alecto &#8211; DBX-88 ECO Full Eco DECT babyalarm med display hvid\/bl\u00e5!<br \/>\nAlecto DBX-88 ECO er en yderst p\u00e5lidelig babyalarm, der giver dig en sikker og problemfri overv\u00e5gning af dit barn. Takket v\u00e6re avanceret og sikker DECT-teknologi f\u00e5r du en krystalklar lydkvalitet og en 100% interferensfri forbindelse \u2013 helt uden forstyrrelser eller uvedkommende adgang. Babyalarmen har i flere \u00e5r ligget blandt de bedst s\u00e6lgende i Holland og har opn\u00e5et flotte anmeldelser hos forbrugerorganisationer, blandt andet for sin brugervenlighed og driftssikkerhed.Med den unikke ECO-tilstand f\u00e5r du optimal batterilevetid p\u00e5 for\u00e6ldreenheden \u2013 helt op til 166 timers standby. Samtidig neds\u00e6ttes str\u00e5lingen og milj\u00f8p\u00e5virkningen, hvilket g\u00f8r DBX-88 ECO til et ansvarligt og energivenligt valg for familien.For\u00e6ldreenheden oplades nemt via den medf\u00f8lgende dockingstation. Babyenheden er batteridrevet og kompatibel med AA-genopladelige batterier, s\u00e5 du kan placere den hvor som helst \u2013 selv steder uden adgang til str\u00f8m. Det g\u00f8r l\u00f8sningen b\u00e5de praktisk hjemme og p\u00e5 farten.Hold \u00f8je med temperaturen i b\u00f8rnev\u00e6relset direkte p\u00e5 for\u00e6ldreenhedens display, s\u00e5 du altid sikrer de bedste forhold for din baby. En smart LED-lydindikator visualiserer lydniveauet, s\u00e5 du ikke beh\u00f8ver skrue un\u00f8digt h\u00f8jt op for lyden.Alecto DBX-88 ECO har fem forprogrammerede vuggeviser, der hj\u00e6lper dit barn med at falde til ro samt natlys, som skaber trygge omgivelser. Med tovejskommunikation kan du tale til din baby og berolige den p\u00e5 afstand, n\u00e5r det er n\u00f8dvendigt.Alecto DBX-88 ECO er det ideelle valg til for\u00e6ldre, der \u00f8nsker en enkel, effektiv og milj\u00f8venlig overv\u00e5gning af deres baby. Udforsk ogs\u00e5 vores \u00f8vrige udvalg af .<\/p>\n<p>Sammenlign priser p\u00e5 Alecto &#8211; DBX-88 ECO Full Eco DECT babyalarm med display hvid\/bl\u00e5 og k\u00f8b online til den billigste pris, samt p\u00e5 tilbud!\u00a0\u00a0Tjek den bedste pris, produkt beskrivelse, video, test, anmeldelser osv.<\/p>\n<p><strong>Brand: <\/strong>Alecto<br \/>\n<strong>EAN: <\/strong>8712412560585<br \/>\n<strong>Producentens varenr.:<\/strong> 8712412560585<\/p>\n<p><strong>P.S.<\/strong><br \/>\nTilmeld dig til &#8220;Opret Gratis Prisfald Alarm&#8221;, og bliv underrettet med det samme om prisfald p\u00e5 Alecto &#8211; DBX-88 ECO Full Eco DECT babyalarm med display hvid\/bl\u00e5, og f\u00e5 den billigste pris!<\/p>\n<p>&nbsp;<\/p>\n<p>&nbsp;<\/p>\n","protected":false},"excerpt":{"rendered":"<p>K\u00f8b billig Alecto &#8211; DBX-88 ECO Full Eco DECT babyalarm med display hvid\/bl\u00e5! Alecto DBX-88 ECO er en yderst p\u00e5lidelig babyalarm, der giver dig en sikker og problemfri overv\u00e5gning af dit barn. Takket v\u00e6re avanceret og sikker DECT-teknologi f\u00e5r du en krystalklar lydkvalitet og en 100% interferensfri forbindelse \u2013 helt uden forstyrrelser eller uvedkommende adgang. [&hellip;]<\/p>\n","protected":false},"featured_media":999980000004479050,"template":"","meta":[],"store":[1272516],"product_brand":[1272518],"product_cat":[1272413],"product_tag":[1275186,1272706],"class_list":{"0":"post-447905","1":"product","2":"type-product","3":"status-publish","4":"has-post-thumbnail","6":"store-butik24","7":"product_brand-alecto","8":"product_cat-personlig-pleje","9":"product_tag-alecto","10":"product_tag-personlig-pleje","11":"pa_maerke-alecto","13":"first","14":"instock","15":"product-type-external"},"_links":{"self":[{"href":"https:\/\/www.pricetornado.com\/da\/wp-json\/wp\/v2\/product\/447905","targetHints":{"allow":["GET"]}}],"collection":[{"href":"https:\/\/www.pricetornado.com\/da\/wp-json\/wp\/v2\/product"}],"about":[{"href":"https:\/\/www.pricetornado.com\/da\/wp-json\/wp\/v2\/types\/product"}],"wp:featuredmedia":[{"embeddable":true,"href":"https:\/\/www.pricetornado.com\/da\/wp-json\/"}],"wp:attachment":[{"href":"https:\/\/www.pricetornado.com\/da\/wp-json\/wp\/v2\/media?parent=447905"}],"wp:term":[{"taxonomy":"store","embeddable":true,"href":"https:\/\/www.pricetornado.com\/da\/wp-json\/wp\/v2\/store?post=447905"},{"taxonomy":"product_brand","embeddable":true,"href":"https:\/\/www.pricetornado.com\/da\/wp-json\/wp\/v2\/product_brand?post=447905"},{"taxonomy":"product_cat","embeddable":true,"href":"https:\/\/www.pricetornado.com\/da\/wp-json\/wp\/v2\/product_cat?post=447905"},{"taxonomy":"product_tag","embeddable":true,"href":"https:\/\/www.pricetornado.com\/da\/wp-json\/wp\/v2\/product_tag?post=447905"}],"curies":[{"name":"wp","href":"https:\/\/api.w.org\/{rel}","templated":true}]}}