{"id":447904,"date":"2025-02-24T06:52:52","date_gmt":"2025-02-24T05:52:52","guid":{"rendered":"https:\/\/www.pricetornado.com\/da\/produkt\/alecto-dbx120-fuld-eco-dect-babyalarm-hvid-blaa\/"},"modified":"2026-04-17T04:30:20","modified_gmt":"2026-04-17T02:30:20","slug":"alecto-dbx120-fuld-eco-dect-babyalarm-hvid-blaa","status":"publish","type":"product","link":"https:\/\/www.pricetornado.com\/da\/produkt\/alecto-dbx120-fuld-eco-dect-babyalarm-hvid-blaa\/","title":{"rendered":"Alecto &#8211; DBX120 Fuld Eco DECT babyalarm hvid\/bl\u00e5"},"content":{"rendered":"<p>K\u00f8b billig Alecto &#8211; DBX120 Fuld Eco DECT babyalarm hvid\/bl\u00e5!<br \/>\nDet er altid betryggende at vide, at din baby sover trygt. Med Alecto DBX120 Full Eco DECT babyalarm f\u00e5r du krystalklar lyd og en sikker, interferensfri forbindelse, takket v\u00e6re DECT-teknologien. Du opfanger alle babyens lyde \u2013 fra blide s\u00f8vnlyde til opv\u00e5gninger og hyggelige samtaler med bamsen. DECT-standarden sikrer, at signalet er beskyttet mod forstyrrelser fra andre enheder og nabosignaler, s\u00e5 du aldrig g\u00e5r glip af et \u00f8jeblik.Talk-back-funktion, s\u00e5 du kan berolige din baby med din egen stemme via for\u00e6ldreenheden.Fem forprogrammerede vuggeviser, der forsigtigt hj\u00e6lper din baby med at falde i s\u00f8vn.Praktisk natlys, som du kan styre direkte fra for\u00e6ldreenheden og dermed skabe en tryg stemning.Indbygget temperaturm\u00e5ler, s\u00e5 du hele tiden kan holde \u00f8je med rumtemperaturen i b\u00f8rnev\u00e6relset.For\u00e6ldreenheden er udstyret med en genopladelig batteripakke, som giver op til 10 timers batterilevetid ved 80% standby og 20% modtagelse. Du f\u00e5r automatisk advarsel ved lavt batteriniveau og n\u00e5r du er uden for r\u00e6kkevidde. Med op til 50 meters r\u00e6kkevidde indend\u00f8rs og op til 300 meter udend\u00f8rs har du frihed til at bev\u00e6ge dig rundt i hjemmet eller haven. LCD-displayet giver dig et klart overblik over status og indstillinger.Du kan nemt justere mikrofonens f\u00f8lsomhed, ogs\u00e5 til stemme- og talk-back-funktionen, og f\u00f8lge lydniveauet via LED-indikatorer \u2013 s\u00e5 du ikke beh\u00f8ver enheden p\u00e5 fuld lydstyrke konstant.Babyalarmen er fremstillet i let og holdbart plast, hvilket g\u00f8r DBX120 nem at h\u00e5ndtere og tage med rundt i hjemmet. Den milj\u00f8venlige ECO-mode sikrer reduceret str\u00e5ling og sparer p\u00e5 batteriet, da babyalarmen kun sender, n\u00e5r der registreres lyd. Den automatiske st\u00f8jdetection s\u00f8rger for, at du altid bliver alarmeret, n\u00e5r det er n\u00f8dvendigt.Med Alecto DBX120 Full Eco DECT babyalarm f\u00e5r du en kombination af h\u00f8j kvalitet, driftsikkerhed og omfattende funktionalitet til en konkurrencedygtig pris. Opdag ogs\u00e5 vores udvalg af , og giv dit barn og din familie endnu mere komfort og tryghed i hverdagen.<\/p>\n<p>Sammenlign priser p\u00e5 Alecto &#8211; DBX120 Fuld Eco DECT babyalarm hvid\/bl\u00e5 og k\u00f8b online til den billigste pris, samt p\u00e5 tilbud!\u00a0\u00a0Tjek den bedste pris, produkt beskrivelse, video, test, anmeldelser osv.<\/p>\n<p><strong>Brand: <\/strong>Alecto<br \/>\n<strong>EAN: <\/strong>8712412586868<br \/>\n<strong>Producentens varenr.:<\/strong> 8712412586868<\/p>\n<p><strong>P.S.<\/strong><br \/>\nTilmeld dig til &#8220;Opret Gratis Prisfald Alarm&#8221;, og bliv underrettet med det samme om prisfald p\u00e5 Alecto &#8211; DBX120 Fuld Eco DECT babyalarm hvid\/bl\u00e5, og f\u00e5 den billigste pris!<\/p>\n<p>&nbsp;<\/p>\n<p>&nbsp;<\/p>\n","protected":false},"excerpt":{"rendered":"<p>K\u00f8b billig Alecto &#8211; DBX120 Fuld Eco DECT babyalarm hvid\/bl\u00e5! Det er altid betryggende at vide, at din baby sover trygt. Med Alecto DBX120 Full Eco DECT babyalarm f\u00e5r du krystalklar lyd og en sikker, interferensfri forbindelse, takket v\u00e6re DECT-teknologien. Du opfanger alle babyens lyde \u2013 fra blide s\u00f8vnlyde til opv\u00e5gninger og hyggelige samtaler med [&hellip;]<\/p>\n","protected":false},"featured_media":999980000004479040,"template":"","meta":[],"store":[1272516],"product_brand":[1272518],"product_cat":[1272413],"product_tag":[1275186,1272706],"class_list":{"0":"post-447904","1":"product","2":"type-product","3":"status-publish","4":"has-post-thumbnail","6":"store-butik24","7":"product_brand-alecto","8":"product_cat-personlig-pleje","9":"product_tag-alecto","10":"product_tag-personlig-pleje","11":"pa_maerke-alecto","13":"first","14":"instock","15":"product-type-external"},"_links":{"self":[{"href":"https:\/\/www.pricetornado.com\/da\/wp-json\/wp\/v2\/product\/447904","targetHints":{"allow":["GET"]}}],"collection":[{"href":"https:\/\/www.pricetornado.com\/da\/wp-json\/wp\/v2\/product"}],"about":[{"href":"https:\/\/www.pricetornado.com\/da\/wp-json\/wp\/v2\/types\/product"}],"wp:featuredmedia":[{"embeddable":true,"href":"https:\/\/www.pricetornado.com\/da\/wp-json\/"}],"wp:attachment":[{"href":"https:\/\/www.pricetornado.com\/da\/wp-json\/wp\/v2\/media?parent=447904"}],"wp:term":[{"taxonomy":"store","embeddable":true,"href":"https:\/\/www.pricetornado.com\/da\/wp-json\/wp\/v2\/store?post=447904"},{"taxonomy":"product_brand","embeddable":true,"href":"https:\/\/www.pricetornado.com\/da\/wp-json\/wp\/v2\/product_brand?post=447904"},{"taxonomy":"product_cat","embeddable":true,"href":"https:\/\/www.pricetornado.com\/da\/wp-json\/wp\/v2\/product_cat?post=447904"},{"taxonomy":"product_tag","embeddable":true,"href":"https:\/\/www.pricetornado.com\/da\/wp-json\/wp\/v2\/product_tag?post=447904"}],"curies":[{"name":"wp","href":"https:\/\/api.w.org\/{rel}","templated":true}]}}