{"id":447900,"date":"2025-02-25T13:15:46","date_gmt":"2025-02-25T12:15:46","guid":{"rendered":"https:\/\/www.pricetornado.com\/da\/produkt\/nedis-digital-vaekkeur-radio-led-display-tidsprojektion-am-fm-snooze-funktion-sleep-timer-antal-alarmer-2-sort-clar001bk\/"},"modified":"2026-04-21T10:01:19","modified_gmt":"2026-04-21T08:01:19","slug":"nedis-digital-vaekkeur-radio-led-display-tidsprojektion-am-fm-snooze-funktion-sleep-timer-antal-alarmer-2-sort-clar001bk","status":"publish","type":"product","link":"https:\/\/www.pricetornado.com\/da\/produkt\/nedis-digital-vaekkeur-radio-led-display-tidsprojektion-am-fm-snooze-funktion-sleep-timer-antal-alarmer-2-sort-clar001bk\/","title":{"rendered":"Nedis &#8211; Digital v\u00e6kkeur Radio | LED Display | Tidsprojektion | AM \/ FM | Snooze funktion | Sleep timer | Antal alarmer: 2 | Sort &#8211; CLAR001BK"},"content":{"rendered":"<p>K\u00f8b billig Nedis &#8211; Digital v\u00e6kkeur Radio | LED Display | Tidsprojektion | AM \/ FM | Snooze funktion | Sleep timer | Antal alarmer: 2 | Sort &#8211; CLAR001BK!<br \/>\nDette digitale v\u00e6kkeur fra Nedis er ideelt til at v\u00e5gne blidt op til lyden fra din foretrukne radiostation. Med mulighed for to separate alarmer kan b\u00e5de du og din partner indstille forskellige tidspunkter, s\u00e5 I kan v\u00e5gne uden at forstyrre hinanden. Snooze-funktionen lader dig uds\u00e6tte alarmen i 9 minutter ad gangen, s\u00e5 du kan tage dig lidt ekstra tid om morgenen, hvis det skulle v\u00e6re n\u00f8dvendigt.V\u00e6kkeuret har digital AM\/FM-radio med 20 forudindstillede stationer \u2013 10 p\u00e5 AM og 10 p\u00e5 FM. Det g\u00f8r det nemt at v\u00e6lge mellem nyheder, sport, klassisk, pop, dans eller andre genrer efter dit \u00f8nske. Sleep timer-funktionen giver dig mulighed for automatisk at slukke radioen efter et bestemt tidsrum, ideelt til afslapning f\u00f8r sengetid.Uret er udstyret med et 0,6&quot; r\u00f8dt LED-display, som sikrer tydelig visning af tiden \u2013 selv for de mest s\u00f8vndrukne \u00f8jne eller i m\u00f8rke omgivelser.Fremstillet af holdbart plastmateriale for lav v\u00e6gt og nem transport.Kompakte m\u00e5l: 130 mm (bredde) \u00d7 59 mm (h\u00f8jde) \u00d7 100 mm (dybde) \u2014 perfekt til natbordet eller p\u00e5 farten.Indbygget beskyttelse mod elektromagnetisk interferens for stabil drift. Hvis st\u00f8j opst\u00e5r, anbefales det at flytte eller nulstille enheden.Med dette praktiske og funktionsrige Nedis v\u00e6kkeur f\u00e5r du en enkel l\u00f8sning, der kombinerer radio, dobbelt alarm, sleep timer og tydelig LED-visning \u2013 perfekt til dagligdagen. Se hele vores udvalg af for flere smarte l\u00f8sninger til hjemmet.<\/p>\n<p>Sammenlign priser p\u00e5 Nedis &#8211; Digital v\u00e6kkeur Radio | LED Display | Tidsprojektion | AM \/ FM | Snooze funktion | Sleep timer | Antal alarmer: 2 | Sort &#8211; CLAR001BK og k\u00f8b online til den billigste pris, samt p\u00e5 tilbud!\u00a0\u00a0Tjek den bedste pris, produkt beskrivelse, video, test, anmeldelser osv.<\/p>\n<p><strong>Brand: <\/strong>Nedis<br \/>\n<strong>EAN: <\/strong>5412810274079<br \/>\n<strong>Producentens varenr.:<\/strong> 5412810274079<\/p>\n<p><strong>P.S.<\/strong><br \/>\nTilmeld dig til &#8220;Opret Gratis Prisfald Alarm&#8221;, og bliv underrettet med det samme om prisfald p\u00e5 Nedis &#8211; Digital v\u00e6kkeur Radio | LED Display | Tidsprojektion | AM \/ FM | Snooze funktion | Sleep timer | Antal alarmer: 2 | Sort &#8211; CLAR001BK, og f\u00e5 den billigste pris!<\/p>\n<p>&nbsp;<\/p>\n<p>&nbsp;<\/p>\n","protected":false},"excerpt":{"rendered":"<p>K\u00f8b billig Nedis &#8211; Digital v\u00e6kkeur Radio | LED Display | Tidsprojektion | AM \/ FM | Snooze funktion | Sleep timer | Antal alarmer: 2 | Sort &#8211; CLAR001BK! Dette digitale v\u00e6kkeur fra Nedis er ideelt til at v\u00e5gne blidt op til lyden fra din foretrukne radiostation. Med mulighed for to separate alarmer kan [&hellip;]<\/p>\n","protected":false},"featured_media":999980000004479000,"template":"","meta":[],"store":[1272516],"product_brand":[1272517],"product_cat":[1272454],"product_tag":[1275178,1272874],"class_list":{"0":"post-447900","1":"product","2":"type-product","3":"status-publish","4":"has-post-thumbnail","6":"store-butik24","7":"product_brand-nedis","8":"product_cat-ure","9":"product_tag-nedis","10":"product_tag-ure","11":"pa_maerke-nedis","13":"first","14":"instock","15":"product-type-external"},"_links":{"self":[{"href":"https:\/\/www.pricetornado.com\/da\/wp-json\/wp\/v2\/product\/447900","targetHints":{"allow":["GET"]}}],"collection":[{"href":"https:\/\/www.pricetornado.com\/da\/wp-json\/wp\/v2\/product"}],"about":[{"href":"https:\/\/www.pricetornado.com\/da\/wp-json\/wp\/v2\/types\/product"}],"wp:featuredmedia":[{"embeddable":true,"href":"https:\/\/www.pricetornado.com\/da\/wp-json\/"}],"wp:attachment":[{"href":"https:\/\/www.pricetornado.com\/da\/wp-json\/wp\/v2\/media?parent=447900"}],"wp:term":[{"taxonomy":"store","embeddable":true,"href":"https:\/\/www.pricetornado.com\/da\/wp-json\/wp\/v2\/store?post=447900"},{"taxonomy":"product_brand","embeddable":true,"href":"https:\/\/www.pricetornado.com\/da\/wp-json\/wp\/v2\/product_brand?post=447900"},{"taxonomy":"product_cat","embeddable":true,"href":"https:\/\/www.pricetornado.com\/da\/wp-json\/wp\/v2\/product_cat?post=447900"},{"taxonomy":"product_tag","embeddable":true,"href":"https:\/\/www.pricetornado.com\/da\/wp-json\/wp\/v2\/product_tag?post=447900"}],"curies":[{"name":"wp","href":"https:\/\/api.w.org\/{rel}","templated":true}]}}