{"id":447896,"date":"2025-02-22T11:01:23","date_gmt":"2025-02-22T10:01:23","guid":{"rendered":"https:\/\/www.pricetornado.com\/da\/produkt\/nedis-smartlife-bevaegelses-sensor-wi-fi-batteri-stroemforsyning-detektorvinkel-120-detektoromraade-10-0-m-hvid-wifism10cwt\/"},"modified":"2026-04-22T01:50:45","modified_gmt":"2026-04-21T23:50:45","slug":"nedis-smartlife-bevaegelses-sensor-wi-fi-batteri-stroemforsyning-detektorvinkel-120-detektoromraade-10-0-m-hvid-wifism10cwt","status":"publish","type":"product","link":"https:\/\/www.pricetornado.com\/da\/produkt\/nedis-smartlife-bevaegelses-sensor-wi-fi-batteri-stroemforsyning-detektorvinkel-120-detektoromraade-10-0-m-hvid-wifism10cwt\/","title":{"rendered":"Nedis &#8211; SmartLife Bev\u00e6gelses Sensor | Wi-Fi | Batteri \/ Str\u00f8mforsyning | Detektorvinkel: 120 \u00b0 | Detektoromr\u00e5de: 10.0 m | Hvid &#8211; WIFISM10CWT"},"content":{"rendered":"<p>K\u00f8b billig Nedis &#8211; SmartLife Bev\u00e6gelses Sensor | Wi-Fi | Batteri \/ Str\u00f8mforsyning | Detektorvinkel: 120 \u00b0 | Detektoromr\u00e5de: 10.0 m | Hvid &#8211; WIFISM10CWT!<br \/>\nDenne smarte Nedis SmartLife Wi-Fi-bev\u00e6gelsessensor har en detektionsvinkel p\u00e5 120\u00b0 og en r\u00e6kkevidde p\u00e5 op til 10 meter, hvilket g\u00f8r den ideel til b\u00e5de sikkerhedsoverv\u00e5gning og automatisering af hjemmets enheder. Den fungerer perfekt som en del af et tr\u00e5dl\u00f8st sikkerhedssystem eller til at t\u00e6nde lys og apparater, n\u00e5r du tr\u00e6der ind i et rum.Ops\u00e6tningen er utrolig enkel \u2013 du forbinder sensoren direkte til din Wi-Fi-router, uden behov for ekstra hub. Derfra kan du styre den og modtage alarmer via din smartphone eller tablet med den intuitive Nedis SmartLife app.Bev\u00e6gelsessensoren er fremstillet i let og holdbar plastik, hvilket g\u00f8r den nem at montere i forskellige milj\u00f8er. Den har fleksible str\u00f8mforsyningsmuligheder og kan bruges med enten to CR123A-batterier eller str\u00f8m via micro USB. Sensoren er beregnet til indend\u00f8rs brug og fungerer optimalt i temperaturer fra -10 til 45 \u00b0C.Sammen med andre Nedis SmartLife-enheder kan sensoren automatisere opgaver \u2013 fx automatisk t\u00e6nde lyset, n\u00e5r der registreres bev\u00e6gelse. Du kan ogs\u00e5 nyde stemmestyring via Amazon Alexa eller Google Home. Det g\u00f8r det nemt at inkludere sensoren i dit eksisterende smarthome-\u00f8kosystem.Med Nedis SmartLife sortimentet kan du styre alt fra p\u00e6rer, stikkontakter, fatninger, sensorer og kameraer let via en brugervenlig app \u2013 uden behov for ekstra udstyr. Uanset om du vil starte med \u00e9n enkelt sensor eller g\u00f8re hele boligen intelligent, tilbyder Nedis SmartLife enkel og tilg\u00e6ngelig teknologi, der passer til ethvert behov.<\/p>\n<p>Sammenlign priser p\u00e5 Nedis &#8211; SmartLife Bev\u00e6gelses Sensor | Wi-Fi | Batteri \/ Str\u00f8mforsyning | Detektorvinkel: 120 \u00b0 | Detektoromr\u00e5de: 10.0 m | Hvid &#8211; WIFISM10CWT og k\u00f8b online til den billigste pris, samt p\u00e5 tilbud!\u00a0\u00a0Tjek den bedste pris, produkt beskrivelse, video, test, anmeldelser osv.<\/p>\n<p><strong>Brand: <\/strong>Nedis<br \/>\n<strong>EAN: <\/strong>5412810269969<br \/>\n<strong>Producentens varenr.:<\/strong> 5412810269969<\/p>\n<p><strong>P.S.<\/strong><br \/>\nTilmeld dig til &#8220;Opret Gratis Prisfald Alarm&#8221;, og bliv underrettet med det samme om prisfald p\u00e5 Nedis &#8211; SmartLife Bev\u00e6gelses Sensor | Wi-Fi | Batteri \/ Str\u00f8mforsyning | Detektorvinkel: 120 \u00b0 | Detektoromr\u00e5de: 10.0 m | Hvid &#8211; WIFISM10CWT, og f\u00e5 den billigste pris!<\/p>\n<p>&nbsp;<\/p>\n<p>&nbsp;<\/p>\n","protected":false},"excerpt":{"rendered":"<p>K\u00f8b billig Nedis &#8211; SmartLife Bev\u00e6gelses Sensor | Wi-Fi | Batteri \/ Str\u00f8mforsyning | Detektorvinkel: 120 \u00b0 | Detektoromr\u00e5de: 10.0 m | Hvid &#8211; WIFISM10CWT! Denne smarte Nedis SmartLife Wi-Fi-bev\u00e6gelsessensor har en detektionsvinkel p\u00e5 120\u00b0 og en r\u00e6kkevidde p\u00e5 op til 10 meter, hvilket g\u00f8r den ideel til b\u00e5de sikkerhedsoverv\u00e5gning og automatisering af hjemmets enheder. [&hellip;]<\/p>\n","protected":false},"featured_media":999980000004478960,"template":"","meta":[],"store":[1272516],"product_brand":[1272517],"product_cat":[1272469],"product_tag":[1273060,1275178],"class_list":{"0":"post-447896","1":"product","2":"type-product","3":"status-publish","4":"has-post-thumbnail","6":"store-butik24","7":"product_brand-nedis","8":"product_cat-detektorer","9":"product_tag-detektorer","10":"product_tag-nedis","11":"pa_maerke-nedis","13":"first","14":"instock","15":"product-type-external"},"_links":{"self":[{"href":"https:\/\/www.pricetornado.com\/da\/wp-json\/wp\/v2\/product\/447896","targetHints":{"allow":["GET"]}}],"collection":[{"href":"https:\/\/www.pricetornado.com\/da\/wp-json\/wp\/v2\/product"}],"about":[{"href":"https:\/\/www.pricetornado.com\/da\/wp-json\/wp\/v2\/types\/product"}],"wp:featuredmedia":[{"embeddable":true,"href":"https:\/\/www.pricetornado.com\/da\/wp-json\/"}],"wp:attachment":[{"href":"https:\/\/www.pricetornado.com\/da\/wp-json\/wp\/v2\/media?parent=447896"}],"wp:term":[{"taxonomy":"store","embeddable":true,"href":"https:\/\/www.pricetornado.com\/da\/wp-json\/wp\/v2\/store?post=447896"},{"taxonomy":"product_brand","embeddable":true,"href":"https:\/\/www.pricetornado.com\/da\/wp-json\/wp\/v2\/product_brand?post=447896"},{"taxonomy":"product_cat","embeddable":true,"href":"https:\/\/www.pricetornado.com\/da\/wp-json\/wp\/v2\/product_cat?post=447896"},{"taxonomy":"product_tag","embeddable":true,"href":"https:\/\/www.pricetornado.com\/da\/wp-json\/wp\/v2\/product_tag?post=447896"}],"curies":[{"name":"wp","href":"https:\/\/api.w.org\/{rel}","templated":true}]}}