{"id":447894,"date":"2025-02-26T18:30:04","date_gmt":"2025-02-26T17:30:04","guid":{"rendered":"https:\/\/www.pricetornado.com\/da\/produkt\/lenco-pladespiller-med-direkte-usb-kodning-hvid-l-85-white\/"},"modified":"2026-04-17T10:00:37","modified_gmt":"2026-04-17T08:00:37","slug":"lenco-pladespiller-med-direkte-usb-kodning-hvid-l-85-white","status":"publish","type":"product","link":"https:\/\/www.pricetornado.com\/da\/produkt\/lenco-pladespiller-med-direkte-usb-kodning-hvid-l-85-white\/","title":{"rendered":"Lenco &#8211; Pladespiller med direkte USB-kodning Hvid &#8211; L-85 WHITE"},"content":{"rendered":"<p>K\u00f8b billig Lenco &#8211; Pladespiller med direkte USB-kodning Hvid &#8211; L-85 WHITE!<br \/>\nLenco L-85 er en halvautomatisk pladespiller, som f\u00e5r dine yndlingsplader til at lyde fantastisk. Det moderne design og de nyeste teknologier g\u00f8r denne pladespiller til et perfekt valg for enhver entusiast.Vil du have, at dine b\u00f8rn skal lytte til din yndlingsmusik fra fortiden? Lenco L-85 producerer en smuk lyd, dine b\u00f8rn vil blive forbl\u00f8ffet. Du kan ogs\u00e5 lade dem spille en plade selv, for pladespilleren er nem at bruge.Lenco L-85 er udstyret med en mekanisk arml\u00f8fter, MMC-n\u00e5l og en indbygget forforst\u00e6rker. Du kan spille i to hastigheder: 33 RPM og 45 RPM. Med det aftagelige plastikd\u00e6ksel forbliver pladespilleren altid st\u00f8vfri.I \u00e5renes l\u00f8b er dine plader m\u00e5ske blevet gamle og skr\u00f8belige. For at undg\u00e5 at miste din yndlingsmusik kan du nemt digitalisere din dyrebare vinylsamling p\u00e5 et USB-stik. Uanset hvor du er, har du altid din yndlingsmusik med dig.Lenco L-85 f\u00e5s i 3 farver: sort, gr\u00e5 og hvid.<\/p>\n<p>Sammenlign priser p\u00e5 Lenco &#8211; Pladespiller med direkte USB-kodning Hvid &#8211; L-85 WHITE og k\u00f8b online til den billigste pris, samt p\u00e5 tilbud!\u00a0\u00a0Tjek den bedste pris, produkt beskrivelse, video, test, anmeldelser osv.<\/p>\n<p><strong>Brand: <\/strong>Lenco<br \/>\n<strong>EAN: <\/strong>8711902033066<br \/>\n<strong>Producentens varenr.:<\/strong> 8711902033066<\/p>\n<p><strong>P.S.<\/strong><br \/>\nTilmeld dig til &#8220;Opret Gratis Prisfald Alarm&#8221;, og bliv underrettet med det samme om prisfald p\u00e5 Lenco &#8211; Pladespiller med direkte USB-kodning Hvid &#8211; L-85 WHITE, og f\u00e5 den billigste pris!<\/p>\n<p>&nbsp;<\/p>\n<p>&nbsp;<\/p>\n","protected":false},"excerpt":{"rendered":"<p>K\u00f8b billig Lenco &#8211; Pladespiller med direkte USB-kodning Hvid &#8211; L-85 WHITE! Lenco L-85 er en halvautomatisk pladespiller, som f\u00e5r dine yndlingsplader til at lyde fantastisk. Det moderne design og de nyeste teknologier g\u00f8r denne pladespiller til et perfekt valg for enhver entusiast.Vil du have, at dine b\u00f8rn skal lytte til din yndlingsmusik fra fortiden? [&hellip;]<\/p>\n","protected":false},"featured_media":999980000004478940,"template":"","meta":[],"store":[1272516],"product_brand":[1272526],"product_cat":[1272471],"product_tag":[1275188,1272790],"class_list":{"0":"post-447894","1":"product","2":"type-product","3":"status-publish","4":"has-post-thumbnail","6":"store-butik24","7":"product_brand-lenco","8":"product_cat-underholdning","9":"product_tag-lenco","10":"product_tag-underholdning","11":"pa_maerke-lenco","13":"first","14":"instock","15":"product-type-external"},"_links":{"self":[{"href":"https:\/\/www.pricetornado.com\/da\/wp-json\/wp\/v2\/product\/447894","targetHints":{"allow":["GET"]}}],"collection":[{"href":"https:\/\/www.pricetornado.com\/da\/wp-json\/wp\/v2\/product"}],"about":[{"href":"https:\/\/www.pricetornado.com\/da\/wp-json\/wp\/v2\/types\/product"}],"wp:featuredmedia":[{"embeddable":true,"href":"https:\/\/www.pricetornado.com\/da\/wp-json\/"}],"wp:attachment":[{"href":"https:\/\/www.pricetornado.com\/da\/wp-json\/wp\/v2\/media?parent=447894"}],"wp:term":[{"taxonomy":"store","embeddable":true,"href":"https:\/\/www.pricetornado.com\/da\/wp-json\/wp\/v2\/store?post=447894"},{"taxonomy":"product_brand","embeddable":true,"href":"https:\/\/www.pricetornado.com\/da\/wp-json\/wp\/v2\/product_brand?post=447894"},{"taxonomy":"product_cat","embeddable":true,"href":"https:\/\/www.pricetornado.com\/da\/wp-json\/wp\/v2\/product_cat?post=447894"},{"taxonomy":"product_tag","embeddable":true,"href":"https:\/\/www.pricetornado.com\/da\/wp-json\/wp\/v2\/product_tag?post=447894"}],"curies":[{"name":"wp","href":"https:\/\/api.w.org\/{rel}","templated":true}]}}