{"id":447892,"date":"2025-02-21T07:29:16","date_gmt":"2025-02-21T06:29:16","guid":{"rendered":"https:\/\/www.pricetornado.com\/da\/produkt\/lenco-baerbar-fm-radio-med-cd-pink-scd-24-pink\/"},"modified":"2026-04-18T02:39:50","modified_gmt":"2026-04-18T00:39:50","slug":"lenco-baerbar-fm-radio-med-cd-pink-scd-24-pink","status":"publish","type":"product","link":"https:\/\/www.pricetornado.com\/da\/produkt\/lenco-baerbar-fm-radio-med-cd-pink-scd-24-pink\/","title":{"rendered":"Lenco &#8211; B\u00e6rbar FM-radio med CD Pink &#8211; SCD-24 PINK"},"content":{"rendered":"<p>K\u00f8b billig Lenco &#8211; B\u00e6rbar FM-radio med CD Pink &#8211; SCD-24 PINK!<br \/>\nLenco SCD-24 Pink er en kompakt og b\u00e6rbar FM-radio med indbygget CD-afspiller, designet til b\u00e5de b\u00f8rn og voksne. Med sit enkle og farverige design er den nem at betjene og ideel til at tage med sig \u2013 uanset om du er i parken, til fest med vennerne, eller hjemme i stuen.Du kan hurtigt komme i gang ved blot at tilslutte den til en stikkontakt. Lenco SCD-24 har en indbygget CD-afspiller, der underst\u00f8tter CD, CD-R og CD-RW, s\u00e5 du kan afspille alle dine favorit-cd\u2019er. Den programmerbare hukommelse g\u00f8r det muligt at lagre og hurtigt finde dine foretrukne radiostationer eller musiknumre, hvilket giver personlig lyttegl\u00e6de n\u00e5r som helst.Det indbyggede h\u00e5ndtag og den lave v\u00e6gt g\u00f8r radioen nem at transportere. Den er fremstillet af en kombination af metal og plastik, hvilket giver en robust og slidst\u00e6rk konstruktion, der samtidig er let \u2013 perfekt til en b\u00e6rbar enhed.Lenco SCD-24 k\u00f8rer p\u00e5 str\u00f8m fra en almindelig stikkontakt (AC str\u00f8mforsyning). Standby-forbruget er lavt (0,46 watt), og off-mode forbruget er n\u00e6r nul, hvilket bidrager til energieffektivitet.Udover denne pink model f\u00e5s Lenco SCD-24 ogs\u00e5 i bl\u00e5\/sort, gr\u00f8n\/sort, lilla, r\u00f8d\/sort, hvid og sort\/s\u00f8lv, s\u00e5 du kan v\u00e6lge netop den farve, der passer til din stil.Tag din musik med dig, og f\u00e5 gl\u00e6de af god lyd med Lenco SCD-24 Pink \u2013 den perfekte, b\u00e6rbare FM-radio og CD-afspiller til alle lejligheder.<\/p>\n<p>Sammenlign priser p\u00e5 Lenco &#8211; B\u00e6rbar FM-radio med CD Pink &#8211; SCD-24 PINK og k\u00f8b online til den billigste pris, samt p\u00e5 tilbud!\u00a0\u00a0Tjek den bedste pris, produkt beskrivelse, video, test, anmeldelser osv.<\/p>\n<p><strong>Brand: <\/strong>Lenco<br \/>\n<strong>EAN: <\/strong>8711902022107<br \/>\n<strong>Producentens varenr.:<\/strong> 8711902022107<\/p>\n<p><strong>P.S.<\/strong><br \/>\nTilmeld dig til &#8220;Opret Gratis Prisfald Alarm&#8221;, og bliv underrettet med det samme om prisfald p\u00e5 Lenco &#8211; B\u00e6rbar FM-radio med CD Pink &#8211; SCD-24 PINK, og f\u00e5 den billigste pris!<\/p>\n<p>&nbsp;<\/p>\n<p>&nbsp;<\/p>\n","protected":false},"excerpt":{"rendered":"<p>K\u00f8b billig Lenco &#8211; B\u00e6rbar FM-radio med CD Pink &#8211; SCD-24 PINK! Lenco SCD-24 Pink er en kompakt og b\u00e6rbar FM-radio med indbygget CD-afspiller, designet til b\u00e5de b\u00f8rn og voksne. Med sit enkle og farverige design er den nem at betjene og ideel til at tage med sig \u2013 uanset om du er i parken, [&hellip;]<\/p>\n","protected":false},"featured_media":999980000004478920,"template":"","meta":[],"store":[1272516],"product_brand":[1272526],"product_cat":[1272439],"product_tag":[1275188,1272694],"class_list":{"0":"post-447892","1":"product","2":"type-product","3":"status-publish","4":"has-post-thumbnail","6":"store-butik24","7":"product_brand-lenco","8":"product_cat-radio-2","9":"product_tag-lenco","10":"product_tag-radio","11":"pa_maerke-lenco","13":"first","14":"instock","15":"product-type-external"},"_links":{"self":[{"href":"https:\/\/www.pricetornado.com\/da\/wp-json\/wp\/v2\/product\/447892","targetHints":{"allow":["GET"]}}],"collection":[{"href":"https:\/\/www.pricetornado.com\/da\/wp-json\/wp\/v2\/product"}],"about":[{"href":"https:\/\/www.pricetornado.com\/da\/wp-json\/wp\/v2\/types\/product"}],"wp:featuredmedia":[{"embeddable":true,"href":"https:\/\/www.pricetornado.com\/da\/wp-json\/"}],"wp:attachment":[{"href":"https:\/\/www.pricetornado.com\/da\/wp-json\/wp\/v2\/media?parent=447892"}],"wp:term":[{"taxonomy":"store","embeddable":true,"href":"https:\/\/www.pricetornado.com\/da\/wp-json\/wp\/v2\/store?post=447892"},{"taxonomy":"product_brand","embeddable":true,"href":"https:\/\/www.pricetornado.com\/da\/wp-json\/wp\/v2\/product_brand?post=447892"},{"taxonomy":"product_cat","embeddable":true,"href":"https:\/\/www.pricetornado.com\/da\/wp-json\/wp\/v2\/product_cat?post=447892"},{"taxonomy":"product_tag","embeddable":true,"href":"https:\/\/www.pricetornado.com\/da\/wp-json\/wp\/v2\/product_tag?post=447892"}],"curies":[{"name":"wp","href":"https:\/\/api.w.org\/{rel}","templated":true}]}}