{"id":447889,"date":"2025-02-23T08:27:01","date_gmt":"2025-02-23T07:27:01","guid":{"rendered":"https:\/\/www.pricetornado.com\/da\/produkt\/pillivuyt-gourmet-grydelap-205-x-205-cm-2-stk-sort\/"},"modified":"2026-04-21T02:40:22","modified_gmt":"2026-04-21T00:40:22","slug":"pillivuyt-gourmet-grydelap-205-x-205-cm-2-stk-sort","status":"publish","type":"product","link":"https:\/\/www.pricetornado.com\/da\/produkt\/pillivuyt-gourmet-grydelap-205-x-205-cm-2-stk-sort\/","title":{"rendered":"Pillivuyt Gourmet Grydelap 20,5 x 20,5 cm 2 stk. Sort"},"content":{"rendered":"<p>K\u00f8b billig Pillivuyt Gourmet Grydelap 20,5 x 20,5 cm 2 stk. Sort!<br \/>\nOpgrader dit k\u00f8kken med dette s\u00e6t af to sorte grydelapper fra Pillivuyt, ideelle til beskyttelse af dine h\u00e6nder under h\u00e5ndtering af varme gryder, pander og fade. Grydelapperne m\u00e5ler 20,5 x 20,5 cm, hvilket g\u00f8r dem kompakte og nemme at opbevare eller tage med p\u00e5 farten.Grydelapperne er fremstillet af 100 % bomulds kanvas og 100 % b\u00f8ffell\u00e6der. Den kraftigt v\u00e6vede kanvas er b\u00e5de slidst\u00e6rk og vandafvisende, hvilket g\u00f8r grydelapperne velegnede til daglig brug. B\u00f8ffell\u00e6deret er robust, har stor elasticitet og udvikler med tiden en smuk patina, der fremh\u00e6ver l\u00e6derets naturlige sk\u00f8nhed \u2013 is\u00e6r ved korrekt pleje.Den praktiske lomme p\u00e5 grydelapperne giver et sikkert og komfortabelt greb, s\u00e5 du nemt kan tage varme fade ud af ovnen eller flytte varme pander. De beskytter hele h\u00e5nden mod varme og hj\u00e6lper med at forhindre forbr\u00e6ndinger.. Find ogs\u00e5 et bredt udvalg af og tilbeh\u00f8r i vores butik.V\u00e6lg disse grydelapper for en kombination af holdbarhed, komfort og effektiv beskyttelse i dit k\u00f8kken.<\/p>\n<p>Sammenlign priser p\u00e5 Pillivuyt Gourmet Grydelap 20,5 x 20,5 cm 2 stk. Sort og k\u00f8b online til den billigste pris, samt p\u00e5 tilbud!\u00a0\u00a0Tjek den bedste pris, produkt beskrivelse, video, test, anmeldelser osv.<\/p>\n<p><strong>Brand: <\/strong>Pillivuyt<br \/>\n<strong>EAN: <\/strong>5722000295761<br \/>\n<strong>Producentens varenr.:<\/strong> 5722000295761<\/p>\n<p><strong>P.S.<\/strong><br \/>\nTilmeld dig til &#8220;Opret Gratis Prisfald Alarm&#8221;, og bliv underrettet med det samme om prisfald p\u00e5 Pillivuyt Gourmet Grydelap 20,5 x 20,5 cm 2 stk. Sort, og f\u00e5 den billigste pris!<\/p>\n<p>&nbsp;<\/p>\n<p>&nbsp;<\/p>\n","protected":false},"excerpt":{"rendered":"<p>K\u00f8b billig Pillivuyt Gourmet Grydelap 20,5 x 20,5 cm 2 stk. Sort! Opgrader dit k\u00f8kken med dette s\u00e6t af to sorte grydelapper fra Pillivuyt, ideelle til beskyttelse af dine h\u00e6nder under h\u00e5ndtering af varme gryder, pander og fade. Grydelapperne m\u00e5ler 20,5 x 20,5 cm, hvilket g\u00f8r dem kompakte og nemme at opbevare eller tage med [&hellip;]<\/p>\n","protected":false},"featured_media":999980000004478890,"template":"","meta":[],"store":[1272516],"product_brand":[1272529],"product_cat":[1272410],"product_tag":[1272681,1275179],"class_list":{"0":"post-447889","1":"product","2":"type-product","3":"status-publish","4":"has-post-thumbnail","6":"store-butik24","7":"product_brand-pillivuyt","8":"product_cat-koekkengrej","9":"product_tag-koekkengrej","10":"product_tag-pillivuyt","11":"pa_maerke-pillivuyt","13":"first","14":"instock","15":"product-type-external"},"_links":{"self":[{"href":"https:\/\/www.pricetornado.com\/da\/wp-json\/wp\/v2\/product\/447889","targetHints":{"allow":["GET"]}}],"collection":[{"href":"https:\/\/www.pricetornado.com\/da\/wp-json\/wp\/v2\/product"}],"about":[{"href":"https:\/\/www.pricetornado.com\/da\/wp-json\/wp\/v2\/types\/product"}],"wp:featuredmedia":[{"embeddable":true,"href":"https:\/\/www.pricetornado.com\/da\/wp-json\/"}],"wp:attachment":[{"href":"https:\/\/www.pricetornado.com\/da\/wp-json\/wp\/v2\/media?parent=447889"}],"wp:term":[{"taxonomy":"store","embeddable":true,"href":"https:\/\/www.pricetornado.com\/da\/wp-json\/wp\/v2\/store?post=447889"},{"taxonomy":"product_brand","embeddable":true,"href":"https:\/\/www.pricetornado.com\/da\/wp-json\/wp\/v2\/product_brand?post=447889"},{"taxonomy":"product_cat","embeddable":true,"href":"https:\/\/www.pricetornado.com\/da\/wp-json\/wp\/v2\/product_cat?post=447889"},{"taxonomy":"product_tag","embeddable":true,"href":"https:\/\/www.pricetornado.com\/da\/wp-json\/wp\/v2\/product_tag?post=447889"}],"curies":[{"name":"wp","href":"https:\/\/api.w.org\/{rel}","templated":true}]}}