{"id":447888,"date":"2025-02-22T03:38:02","date_gmt":"2025-02-22T02:38:02","guid":{"rendered":"https:\/\/www.pricetornado.com\/da\/produkt\/philips-s5898-35-shaver-series-5000-elektrisk-wet-dry-shaver\/"},"modified":"2026-04-22T09:00:27","modified_gmt":"2026-04-22T07:00:27","slug":"philips-s5898-35-shaver-series-5000-elektrisk-wet-dry-shaver","status":"publish","type":"product","link":"https:\/\/www.pricetornado.com\/da\/produkt\/philips-s5898-35-shaver-series-5000-elektrisk-wet-dry-shaver\/","title":{"rendered":"Philips S5898\/35 Shaver Series 5000 Elektrisk Wet &amp; Dry-shaver"},"content":{"rendered":"<p>K\u00f8b billig Philips S5898\/35 Shaver Series 5000 Elektrisk Wet &amp; Dry-shaver!<br \/>\nPhilips Series 5000 elektrisk barbermaskine giver en effektiv og behagelig barbering, der er n\u00e6nsom mod huden. Med avanceret teknologi og h\u00f8jtydende materialer f\u00e5r du en grundig barbering, uanset om du foretr\u00e6kker v\u00e5d eller t\u00f8r barbering \u2013 med gel, skum eller under bruseren.SteelPrecision-sk\u00e6rene foretager op til 90.000 sk\u00e6rehandlinger i minuttet og fjerner flere h\u00e5r pr. str\u00f8g for et glat resultat. De 45 selvslibende kvalitetsblade er fremstillet i Europa for lang holdbarhed. Den avancerede Power Adapt sensor registrerer h\u00e5rets t\u00e6thed 500 gange i sekundet og tilpasser automatisk kraften, s\u00e5 du f\u00e5r en effektiv, men sk\u00e5nsom barbering tilpasset dit sk\u00e6g.De 360\u00b0 fuldt fleksible hoveder f\u00f8lger ansigtets konturer og sikrer optimal hudkontakt. Dette giver en t\u00e6t og behagelig barbering, der tilpasser sig alle omr\u00e5der af ansigtet \u2013 ogs\u00e5 ved k\u00e6belinje og hals.Det indbyggede genopladelige lithium-ion batteri leverer op til 60 minutters tr\u00e5dl\u00f8s brug efter \u00e9n times opladning. Har du travlt, giver 5 minutters lynopladning nok str\u00f8m til en komplet barbering.Philips Series 5000 leverer en perfekt balance mellem komfort, ydeevne og brugervenlighed. Oplev enkelthed og pr\u00e6cision med avanceret teknologi, der sikrer et flot resultat hver dag. Udforsk flere innovative produkter i vores til din daglige pleje.<\/p>\n<p>Sammenlign priser p\u00e5 Philips S5898\/35 Shaver Series 5000 Elektrisk Wet &amp; Dry-shaver og k\u00f8b online til den billigste pris, samt p\u00e5 tilbud!\u00a0\u00a0Tjek den bedste pris, produkt beskrivelse, video, test, anmeldelser osv.<\/p>\n<p><strong>Brand: <\/strong>Philips<br \/>\n<strong>EAN: <\/strong>8720689008082<br \/>\n<strong>Producentens varenr.:<\/strong> 8720689008082<\/p>\n<p><strong>P.S.<\/strong><br \/>\nTilmeld dig til &#8220;Opret Gratis Prisfald Alarm&#8221;, og bliv underrettet med det samme om prisfald p\u00e5 Philips S5898\/35 Shaver Series 5000 Elektrisk Wet &amp; Dry-shaver, og f\u00e5 den billigste pris!<\/p>\n<p>&nbsp;<\/p>\n<p>&nbsp;<\/p>\n","protected":false},"excerpt":{"rendered":"<p>K\u00f8b billig Philips S5898\/35 Shaver Series 5000 Elektrisk Wet &amp; Dry-shaver! Philips Series 5000 elektrisk barbermaskine giver en effektiv og behagelig barbering, der er n\u00e6nsom mod huden. Med avanceret teknologi og h\u00f8jtydende materialer f\u00e5r du en grundig barbering, uanset om du foretr\u00e6kker v\u00e5d eller t\u00f8r barbering \u2013 med gel, skum eller under bruseren.SteelPrecision-sk\u00e6rene foretager op [&hellip;]<\/p>\n","protected":false},"featured_media":999980000004478880,"template":"","meta":[],"store":[1272516],"product_brand":[1272519],"product_cat":[1272429,1272413],"product_tag":[1272711,1272706,1275180],"class_list":{"0":"post-447888","1":"product","2":"type-product","3":"status-publish","4":"has-post-thumbnail","6":"store-butik24","7":"product_brand-philips","8":"product_cat-maend-personlig-pleje","9":"product_cat-personlig-pleje","10":"product_tag-maend","11":"product_tag-personlig-pleje","12":"product_tag-philips","13":"pa_maerke-philips","15":"first","16":"instock","17":"product-type-external"},"_links":{"self":[{"href":"https:\/\/www.pricetornado.com\/da\/wp-json\/wp\/v2\/product\/447888","targetHints":{"allow":["GET"]}}],"collection":[{"href":"https:\/\/www.pricetornado.com\/da\/wp-json\/wp\/v2\/product"}],"about":[{"href":"https:\/\/www.pricetornado.com\/da\/wp-json\/wp\/v2\/types\/product"}],"wp:featuredmedia":[{"embeddable":true,"href":"https:\/\/www.pricetornado.com\/da\/wp-json\/"}],"wp:attachment":[{"href":"https:\/\/www.pricetornado.com\/da\/wp-json\/wp\/v2\/media?parent=447888"}],"wp:term":[{"taxonomy":"store","embeddable":true,"href":"https:\/\/www.pricetornado.com\/da\/wp-json\/wp\/v2\/store?post=447888"},{"taxonomy":"product_brand","embeddable":true,"href":"https:\/\/www.pricetornado.com\/da\/wp-json\/wp\/v2\/product_brand?post=447888"},{"taxonomy":"product_cat","embeddable":true,"href":"https:\/\/www.pricetornado.com\/da\/wp-json\/wp\/v2\/product_cat?post=447888"},{"taxonomy":"product_tag","embeddable":true,"href":"https:\/\/www.pricetornado.com\/da\/wp-json\/wp\/v2\/product_tag?post=447888"}],"curies":[{"name":"wp","href":"https:\/\/api.w.org\/{rel}","templated":true}]}}