{"id":447886,"date":"2025-02-24T05:11:11","date_gmt":"2025-02-24T04:11:11","guid":{"rendered":"https:\/\/www.pricetornado.com\/da\/produkt\/philips-hue-centura-indbygningsspot\/"},"modified":"2026-04-21T03:30:21","modified_gmt":"2026-04-21T01:30:21","slug":"philips-hue-centura-indbygningsspot","status":"publish","type":"product","link":"https:\/\/www.pricetornado.com\/da\/produkt\/philips-hue-centura-indbygningsspot\/","title":{"rendered":"Philips HUE Centura indbygningsspot"},"content":{"rendered":"<p>K\u00f8b billig Philips HUE Centura indbygningsspot!<br \/>\nPhilips Hue Centura indbygningsspot tilbyder et perfekt udvalg af stemningsskabende lys til enhver lejlighed i hjemmet. Spotten er ideel til stuen, sovev\u00e6relset eller andre rum, hvor du \u00f8nsker b\u00e5de funktionelt og dekorativt lys. Med integrering i Philips Hue-systemet kan du styre belysningen via Bluetooth eller med en Hue Bridge for adgang til alle de smarte funktioner.Med Hue Bluetooth-appen kan du betjene op til 10 intelligente lyskilder i \u00e9t rum fra din smartphone. Hvis du tilf\u00f8jer en Hue Bridge (s\u00e6lges separat), f\u00e5r du mulighed for at styre op til 50 lyskilder i hele hjemmet samt indstille rutiner, automatisering og fjernstyring. Styr lyset nemt med stemmen via Amazon Alexa eller Google Assistant, n\u00e5r du parrer med kompatible enheder som Google Nest eller Amazon Echo.Skab personlig atmosf\u00e6re i dit hjem med mere end 16 millioner farver samt toner fra varmt til k\u00f8ligt hvidt lys. Med komplet lysd\u00e6mpning kan du tilpasse lysstyrken fra st\u00e6rkt til bl\u00f8d natbelysning efter behov \u2013 ideelt til b\u00e5de afslapning, fest og dagligt brug.Hue Centura er fremstillet i syntetiske materialer, hvilket g\u00f8r den b\u00e5de holdbar og nem at installere. Spotten bruger LED-teknologi, som sikrer h\u00f8j energieffektivitet og en lang levetid p\u00e5 op til 25.000 timer, s\u00e5 du undg\u00e5r hyppige udskiftninger. Den er desuden dobbeltisoleret (klasse II) for ekstra elektrisk sikkerhed.Nogle varianter af Centura-serien har justerbart spot-hoved, men dette er ikke bekr\u00e6ftet for denne model. Uanset ydes der en p\u00e5lidelig og let integrerbar indbygningsspot, der passer perfekt ind i det intelligente Philips Hue-lyssystem. og skab personlig, intelligent belysning i hele hjemmet.<\/p>\n<p>Sammenlign priser p\u00e5 Philips HUE Centura indbygningsspot og k\u00f8b online til den billigste pris, samt p\u00e5 tilbud!\u00a0\u00a0Tjek den bedste pris, produkt beskrivelse, video, test, anmeldelser osv.<\/p>\n<p><strong>Brand: <\/strong>Philips Hue<br \/>\n<strong>EAN: <\/strong>8719514338647<br \/>\n<strong>Producentens varenr.:<\/strong> 8719514338647<\/p>\n<p><strong>P.S.<\/strong><br \/>\nTilmeld dig til &#8220;Opret Gratis Prisfald Alarm&#8221;, og bliv underrettet med det samme om prisfald p\u00e5 Philips HUE Centura indbygningsspot, og f\u00e5 den billigste pris!<\/p>\n<p>&nbsp;<\/p>\n<p>&nbsp;<\/p>\n","protected":false},"excerpt":{"rendered":"<p>K\u00f8b billig Philips HUE Centura indbygningsspot! Philips Hue Centura indbygningsspot tilbyder et perfekt udvalg af stemningsskabende lys til enhver lejlighed i hjemmet. Spotten er ideel til stuen, sovev\u00e6relset eller andre rum, hvor du \u00f8nsker b\u00e5de funktionelt og dekorativt lys. Med integrering i Philips Hue-systemet kan du styre belysningen via Bluetooth eller med en Hue Bridge [&hellip;]<\/p>\n","protected":false},"featured_media":999980000004478860,"template":"","meta":[],"store":[1272516],"product_brand":[1272523],"product_cat":[1272407],"product_tag":[1272697,1272767],"class_list":{"0":"post-447886","1":"product","2":"type-product","3":"status-publish","4":"has-post-thumbnail","6":"store-butik24","7":"product_brand-philips-hue","8":"product_cat-belysning-2","9":"product_tag-belysning","10":"product_tag-philips-hue","11":"pa_maerke-philips-hue","13":"first","14":"instock","15":"product-type-external"},"_links":{"self":[{"href":"https:\/\/www.pricetornado.com\/da\/wp-json\/wp\/v2\/product\/447886","targetHints":{"allow":["GET"]}}],"collection":[{"href":"https:\/\/www.pricetornado.com\/da\/wp-json\/wp\/v2\/product"}],"about":[{"href":"https:\/\/www.pricetornado.com\/da\/wp-json\/wp\/v2\/types\/product"}],"wp:featuredmedia":[{"embeddable":true,"href":"https:\/\/www.pricetornado.com\/da\/wp-json\/"}],"wp:attachment":[{"href":"https:\/\/www.pricetornado.com\/da\/wp-json\/wp\/v2\/media?parent=447886"}],"wp:term":[{"taxonomy":"store","embeddable":true,"href":"https:\/\/www.pricetornado.com\/da\/wp-json\/wp\/v2\/store?post=447886"},{"taxonomy":"product_brand","embeddable":true,"href":"https:\/\/www.pricetornado.com\/da\/wp-json\/wp\/v2\/product_brand?post=447886"},{"taxonomy":"product_cat","embeddable":true,"href":"https:\/\/www.pricetornado.com\/da\/wp-json\/wp\/v2\/product_cat?post=447886"},{"taxonomy":"product_tag","embeddable":true,"href":"https:\/\/www.pricetornado.com\/da\/wp-json\/wp\/v2\/product_tag?post=447886"}],"curies":[{"name":"wp","href":"https:\/\/api.w.org\/{rel}","templated":true}]}}