{"id":447884,"date":"2025-02-20T21:47:27","date_gmt":"2025-02-20T20:47:27","guid":{"rendered":"https:\/\/www.pricetornado.com\/da\/produkt\/philips-hd9318-00-elkedel-17-l-hvid\/"},"modified":"2026-04-18T02:10:28","modified_gmt":"2026-04-18T00:10:28","slug":"philips-hd9318-00-elkedel-17-l-hvid","status":"publish","type":"product","link":"https:\/\/www.pricetornado.com\/da\/produkt\/philips-hd9318-00-elkedel-17-l-hvid\/","title":{"rendered":"Philips HD9318\/00 Elkedel 1,7 L &#8211; Hvid"},"content":{"rendered":"<p>K\u00f8b billig Philips HD9318\/00 Elkedel 1,7 L &#8211; Hvid!<br \/>\nOplev nem og hurtig tilberedning af dine varme drikke med Philips elkedel i let og holdbar plast. Med en kapacitet p\u00e5 1,7 liter kan du let brygge alt fra \u00e9n kop til flere, og materialet sikrer b\u00e5de lav v\u00e6gt og nem h\u00e5ndtering \u2013 selv n\u00e5r elkedlen er fyldt op. Den ledningsfri elkande har en 360\u00b0 centerkobling, s\u00e5 du ubesv\u00e6ret kan placere og l\u00f8fte elkedlen fra alle vinkler.Philips elkedlen har et fladt varmelegeme og en effekt p\u00e5 2200 W, hvilket giver hurtig og j\u00e6vn kogning samt kort ventetid p\u00e5 dine varme drikke. Et multisikkerhedssystem beskytter mod t\u00f8rkogning for ekstra sikkerhed, og en tydelig lysindikator viser, n\u00e5r elkedlen er i brug.Philips elkedel i plast er det ideelle valg til daglig brug, hvor funktionalitet, sikkerhed og brugervenlighed er i fokus. G\u00f8r din hverdag nemmere og mere effektiv med et p\u00e5lideligt valg fra Philips..<\/p>\n<p>Sammenlign priser p\u00e5 Philips HD9318\/00 Elkedel 1,7 L &#8211; Hvid og k\u00f8b online til den billigste pris, samt p\u00e5 tilbud!\u00a0\u00a0Tjek den bedste pris, produkt beskrivelse, video, test, anmeldelser osv.<\/p>\n<p><strong>Brand: <\/strong>Philips<br \/>\n<strong>EAN: <\/strong>8710103940999<br \/>\n<strong>Producentens varenr.:<\/strong> 8710103940999<\/p>\n<p><strong>P.S.<\/strong><br \/>\nTilmeld dig til &#8220;Opret Gratis Prisfald Alarm&#8221;, og bliv underrettet med det samme om prisfald p\u00e5 Philips HD9318\/00 Elkedel 1,7 L &#8211; Hvid, og f\u00e5 den billigste pris!<\/p>\n<p>&nbsp;<\/p>\n<p>&nbsp;<\/p>\n","protected":false},"excerpt":{"rendered":"<p>K\u00f8b billig Philips HD9318\/00 Elkedel 1,7 L &#8211; Hvid! Oplev nem og hurtig tilberedning af dine varme drikke med Philips elkedel i let og holdbar plast. Med en kapacitet p\u00e5 1,7 liter kan du let brygge alt fra \u00e9n kop til flere, og materialet sikrer b\u00e5de lav v\u00e6gt og nem h\u00e5ndtering \u2013 selv n\u00e5r elkedlen [&hellip;]<\/p>\n","protected":false},"featured_media":999980000004478840,"template":"","meta":[],"store":[1272516],"product_brand":[1272519],"product_cat":[831418],"product_tag":[1272683,1275180],"class_list":{"0":"post-447884","1":"product","2":"type-product","3":"status-publish","4":"has-post-thumbnail","6":"store-butik24","7":"product_brand-philips","8":"product_cat-koekkenudstyr","9":"product_tag-koekkenudstyr","10":"product_tag-philips","11":"pa_maerke-philips","13":"first","14":"instock","15":"product-type-external"},"_links":{"self":[{"href":"https:\/\/www.pricetornado.com\/da\/wp-json\/wp\/v2\/product\/447884","targetHints":{"allow":["GET"]}}],"collection":[{"href":"https:\/\/www.pricetornado.com\/da\/wp-json\/wp\/v2\/product"}],"about":[{"href":"https:\/\/www.pricetornado.com\/da\/wp-json\/wp\/v2\/types\/product"}],"wp:featuredmedia":[{"embeddable":true,"href":"https:\/\/www.pricetornado.com\/da\/wp-json\/"}],"wp:attachment":[{"href":"https:\/\/www.pricetornado.com\/da\/wp-json\/wp\/v2\/media?parent=447884"}],"wp:term":[{"taxonomy":"store","embeddable":true,"href":"https:\/\/www.pricetornado.com\/da\/wp-json\/wp\/v2\/store?post=447884"},{"taxonomy":"product_brand","embeddable":true,"href":"https:\/\/www.pricetornado.com\/da\/wp-json\/wp\/v2\/product_brand?post=447884"},{"taxonomy":"product_cat","embeddable":true,"href":"https:\/\/www.pricetornado.com\/da\/wp-json\/wp\/v2\/product_cat?post=447884"},{"taxonomy":"product_tag","embeddable":true,"href":"https:\/\/www.pricetornado.com\/da\/wp-json\/wp\/v2\/product_tag?post=447884"}],"curies":[{"name":"wp","href":"https:\/\/api.w.org\/{rel}","templated":true}]}}