{"id":447882,"date":"2025-02-21T06:56:29","date_gmt":"2025-02-21T05:56:29","guid":{"rendered":"https:\/\/www.pricetornado.com\/da\/produkt\/philips-sh30-50-skaer-til-shaver-series-1000-3000\/"},"modified":"2026-04-20T03:50:10","modified_gmt":"2026-04-20T01:50:10","slug":"philips-sh30-50-skaer-til-shaver-series-1000-3000","status":"publish","type":"product","link":"https:\/\/www.pricetornado.com\/da\/produkt\/philips-sh30-50-skaer-til-shaver-series-1000-3000\/","title":{"rendered":"Philips SH30\/50 Sk\u00e6r til shaver series 1000 &amp; 3000"},"content":{"rendered":"<p>K\u00f8b billig Philips SH30\/50 Sk\u00e6r til shaver series 1000 &amp; 3000!<br \/>\nGiv din Philips shaver nyt liv med disse originale udskiftningshoveder, der passer til Series 1000 (S1xxx), Series 3000 (S3xxx) og Star Wars SW3700 shavere. ComfortCut-bladesystemet med afrundede profiler glider bl\u00f8dt og sikkert hen over huden, s\u00e5 du minimerer irritation og sk\u00e6res\u00e5r ved t\u00f8r barbering.Sk\u00e6rhovederne har et klikbart design, s\u00e5 de er nemme at s\u00e6tte fast og tage af i blot to trin. N\u00e5r du har udskiftet sk\u00e6rhovederne, skal du huske at nulstille shaveren for at sikre optimal ydeevne. Udskiftningen b\u00f8r foretages cirka hver 24. m\u00e5ned for at opretholde maksimal effektivitet og hygiejne.Anbefalet udskiftning hver 24. m\u00e5ned for bedste resultat og hygiejneI l\u00f8bet af to \u00e5r barberer sk\u00e6rene ca. 9 millioner sk\u00e6gstubbe v\u00e6k fra dit ansigt. Ved at udskifte sk\u00e6rhovederne f\u00e5r du shaverens ydeevne tilbage p\u00e5 100 %, hvilket sikrer en pr\u00e6cis og komfortabel barbering hver dag. produkter hos Butik24, og oplev forskellen med skarpe og effektive udskiftningssk\u00e6r.<\/p>\n<p>Sammenlign priser p\u00e5 Philips SH30\/50 Sk\u00e6r til shaver series 1000 &amp; 3000 og k\u00f8b online til den billigste pris, samt p\u00e5 tilbud!\u00a0\u00a0Tjek den bedste pris, produkt beskrivelse, video, test, anmeldelser osv.<\/p>\n<p><strong>Brand: <\/strong>Philips<br \/>\n<strong>EAN: <\/strong>8710103767091<br \/>\n<strong>Producentens varenr.:<\/strong> 8710103767091<\/p>\n<p><strong>P.S.<\/strong><br \/>\nTilmeld dig til &#8220;Opret Gratis Prisfald Alarm&#8221;, og bliv underrettet med det samme om prisfald p\u00e5 Philips SH30\/50 Sk\u00e6r til shaver series 1000 &amp; 3000, og f\u00e5 den billigste pris!<\/p>\n<p>&nbsp;<\/p>\n<p>&nbsp;<\/p>\n","protected":false},"excerpt":{"rendered":"<p>K\u00f8b billig Philips SH30\/50 Sk\u00e6r til shaver series 1000 &amp; 3000! Giv din Philips shaver nyt liv med disse originale udskiftningshoveder, der passer til Series 1000 (S1xxx), Series 3000 (S3xxx) og Star Wars SW3700 shavere. ComfortCut-bladesystemet med afrundede profiler glider bl\u00f8dt og sikkert hen over huden, s\u00e5 du minimerer irritation og sk\u00e6res\u00e5r ved t\u00f8r barbering.Sk\u00e6rhovederne [&hellip;]<\/p>\n","protected":false},"featured_media":999980000004478820,"template":"","meta":[],"store":[1272516],"product_brand":[1272519],"product_cat":[1272429,1272413],"product_tag":[1272711,1272706,1275180],"class_list":{"0":"post-447882","1":"product","2":"type-product","3":"status-publish","4":"has-post-thumbnail","6":"store-butik24","7":"product_brand-philips","8":"product_cat-maend-personlig-pleje","9":"product_cat-personlig-pleje","10":"product_tag-maend","11":"product_tag-personlig-pleje","12":"product_tag-philips","13":"pa_maerke-philips","15":"first","16":"instock","17":"product-type-external"},"_links":{"self":[{"href":"https:\/\/www.pricetornado.com\/da\/wp-json\/wp\/v2\/product\/447882","targetHints":{"allow":["GET"]}}],"collection":[{"href":"https:\/\/www.pricetornado.com\/da\/wp-json\/wp\/v2\/product"}],"about":[{"href":"https:\/\/www.pricetornado.com\/da\/wp-json\/wp\/v2\/types\/product"}],"wp:featuredmedia":[{"embeddable":true,"href":"https:\/\/www.pricetornado.com\/da\/wp-json\/"}],"wp:attachment":[{"href":"https:\/\/www.pricetornado.com\/da\/wp-json\/wp\/v2\/media?parent=447882"}],"wp:term":[{"taxonomy":"store","embeddable":true,"href":"https:\/\/www.pricetornado.com\/da\/wp-json\/wp\/v2\/store?post=447882"},{"taxonomy":"product_brand","embeddable":true,"href":"https:\/\/www.pricetornado.com\/da\/wp-json\/wp\/v2\/product_brand?post=447882"},{"taxonomy":"product_cat","embeddable":true,"href":"https:\/\/www.pricetornado.com\/da\/wp-json\/wp\/v2\/product_cat?post=447882"},{"taxonomy":"product_tag","embeddable":true,"href":"https:\/\/www.pricetornado.com\/da\/wp-json\/wp\/v2\/product_tag?post=447882"}],"curies":[{"name":"wp","href":"https:\/\/api.w.org\/{rel}","templated":true}]}}