{"id":447880,"date":"2025-02-27T05:43:44","date_gmt":"2025-02-27T04:43:44","guid":{"rendered":"https:\/\/www.pricetornado.com\/da\/produkt\/philips-hx9054-87-sonicare-g3-premium-gum-care-tandboerstehoveder\/"},"modified":"2026-04-18T02:00:09","modified_gmt":"2026-04-18T00:00:09","slug":"philips-hx9054-87-sonicare-g3-premium-gum-care-tandboerstehoveder","status":"publish","type":"product","link":"https:\/\/www.pricetornado.com\/da\/produkt\/philips-hx9054-87-sonicare-g3-premium-gum-care-tandboerstehoveder\/","title":{"rendered":"Philips HX9054\/87 Sonicare G3 Premium Gum Care tandb\u00f8rstehoveder"},"content":{"rendered":"<p>K\u00f8b billig Philips HX9054\/87 Sonicare G3 Premium Gum Care tandb\u00f8rstehoveder!<br \/>\nOpn\u00e5 op til 7 gange sundere tandk\u00f8d p\u00e5 blot 2 uger med Philips Sonicare G3 Premium Gum Care tandb\u00f8rstehoveder. De bl\u00f8de, fleksible gummisider tilpasser sig tandk\u00f8dets konturer, hvilket \u00f8ger b\u00f8rstehovedets overfladekontakt markant og sikrer en effektiv fjernelse af plak langs tandk\u00f8dsranden.G3 Premium Gum Care-b\u00f8rstehovedet giver op til 2 gange st\u00f8rre overfladekontakt end DiamondClean b\u00f8rstehoveder og fjerner op til 10 gange mere plak end en manuel tandb\u00f8rste. Den specialudviklede, kurvede trimprofil maksimerer b\u00f8rsternes kontakt langs tandk\u00f8dsranden for en sk\u00e5nsom, men grundig reng\u00f8ring.Med BrushSync-tilstandsmatchning v\u00e6lger b\u00f8rstehovedet automatisk den optimale b\u00f8rstetilstand for bedste resultater (kr\u00e6ver kompatibelt Philips Sonicare h\u00e5ndtag). De bl\u00e5 indikatorb\u00f8rster falmer gradvist som en p\u00e5mindelse om, hvorn\u00e5r det er tid til at udskifte b\u00f8rstehovedet \u2013 s\u00e5 du altid opn\u00e5r optimal reng\u00f8ring.B\u00f8rstehovedet er grundigt testet og designet til at leve op til dine krav til mundpleje, med dokumenteret effekt for sundere tandk\u00f8d. De fleksible, gummibelagte b\u00f8rsteh\u00e5r absorberer overskydende tryk og beskytter tandk\u00f8det under b\u00f8rstning. produkter og styrk din daglige mundhygiejne med innovativ kvalitet.<\/p>\n<p>Sammenlign priser p\u00e5 Philips HX9054\/87 Sonicare G3 Premium Gum Care tandb\u00f8rstehoveder og k\u00f8b online til den billigste pris, samt p\u00e5 tilbud!\u00a0\u00a0Tjek den bedste pris, produkt beskrivelse, video, test, anmeldelser osv.<\/p>\n<p><strong>Brand: <\/strong>Philips<br \/>\n<strong>EAN: <\/strong>8720689037037<br \/>\n<strong>Producentens varenr.:<\/strong> 8720689037037<\/p>\n<p><strong>P.S.<\/strong><br \/>\nTilmeld dig til &#8220;Opret Gratis Prisfald Alarm&#8221;, og bliv underrettet med det samme om prisfald p\u00e5 Philips HX9054\/87 Sonicare G3 Premium Gum Care tandb\u00f8rstehoveder, og f\u00e5 den billigste pris!<\/p>\n<p>&nbsp;<\/p>\n<p>&nbsp;<\/p>\n","protected":false},"excerpt":{"rendered":"<p>K\u00f8b billig Philips HX9054\/87 Sonicare G3 Premium Gum Care tandb\u00f8rstehoveder! Opn\u00e5 op til 7 gange sundere tandk\u00f8d p\u00e5 blot 2 uger med Philips Sonicare G3 Premium Gum Care tandb\u00f8rstehoveder. De bl\u00f8de, fleksible gummisider tilpasser sig tandk\u00f8dets konturer, hvilket \u00f8ger b\u00f8rstehovedets overfladekontakt markant og sikrer en effektiv fjernelse af plak langs tandk\u00f8dsranden.G3 Premium Gum Care-b\u00f8rstehovedet giver [&hellip;]<\/p>\n","protected":false},"featured_media":999980000004478800,"template":"","meta":[],"store":[1272516],"product_brand":[1272519],"product_cat":[1272446],"product_tag":[1275180,1272715],"class_list":{"0":"post-447880","1":"product","2":"type-product","3":"status-publish","4":"has-post-thumbnail","6":"store-butik24","7":"product_brand-philips","8":"product_cat-tandpleje-2","9":"product_tag-philips","10":"product_tag-tandpleje","11":"pa_maerke-philips","13":"first","14":"instock","15":"sale","16":"product-type-external"},"_links":{"self":[{"href":"https:\/\/www.pricetornado.com\/da\/wp-json\/wp\/v2\/product\/447880","targetHints":{"allow":["GET"]}}],"collection":[{"href":"https:\/\/www.pricetornado.com\/da\/wp-json\/wp\/v2\/product"}],"about":[{"href":"https:\/\/www.pricetornado.com\/da\/wp-json\/wp\/v2\/types\/product"}],"wp:featuredmedia":[{"embeddable":true,"href":"https:\/\/www.pricetornado.com\/da\/wp-json\/"}],"wp:attachment":[{"href":"https:\/\/www.pricetornado.com\/da\/wp-json\/wp\/v2\/media?parent=447880"}],"wp:term":[{"taxonomy":"store","embeddable":true,"href":"https:\/\/www.pricetornado.com\/da\/wp-json\/wp\/v2\/store?post=447880"},{"taxonomy":"product_brand","embeddable":true,"href":"https:\/\/www.pricetornado.com\/da\/wp-json\/wp\/v2\/product_brand?post=447880"},{"taxonomy":"product_cat","embeddable":true,"href":"https:\/\/www.pricetornado.com\/da\/wp-json\/wp\/v2\/product_cat?post=447880"},{"taxonomy":"product_tag","embeddable":true,"href":"https:\/\/www.pricetornado.com\/da\/wp-json\/wp\/v2\/product_tag?post=447880"}],"curies":[{"name":"wp","href":"https:\/\/api.w.org\/{rel}","templated":true}]}}