{"id":447877,"date":"2025-02-25T03:00:19","date_gmt":"2025-02-25T02:00:19","guid":{"rendered":"https:\/\/www.pricetornado.com\/da\/produkt\/scanpan-20-cm-forskaererkniv-classic\/"},"modified":"2026-04-17T10:10:24","modified_gmt":"2026-04-17T08:10:24","slug":"scanpan-20-cm-forskaererkniv-classic","status":"publish","type":"product","link":"https:\/\/www.pricetornado.com\/da\/produkt\/scanpan-20-cm-forskaererkniv-classic\/","title":{"rendered":"Scanpan 20 cm forsk\u00e6rerkniv &#8211; Classic"},"content":{"rendered":"<p>K\u00f8b billig Scanpan 20 cm forsk\u00e6rerkniv &#8211; Classic!<br \/>\nScanpan Classic forsk\u00e6rerkniv p\u00e5 20 cm er ideel til at sk\u00e6re ensartede skiver af hele stege, skinker og kalkun med fuld kontrol og pr\u00e6cision. Perfekt til b\u00e5de hverdag og fest, hvor elegante serveringer er i fokus.Klingen er fremstillet af rustfrit, fuldsmedet tysk st\u00e5l (X-50 CrMoV15) for langtidsholdbarhed og korrosionsbestandighed.H\u00e6rdet til en Rockwell-h\u00e5rdhed p\u00e5 56\u201358 HRC, hvilket sikrer optimal balance mellem skarphed og slidstyrke.Konisk slebet klinge med en sk\u00e6revinkel p\u00e5 30\u00b0, der giver en effektiv og pr\u00e6cis sk\u00e6reevne med minimal friktion.Fuldtang-konstruktion for optimal v\u00e6gtfordeling og \u00f8get robusthed.Ovalt, ergonomisk udformet h\u00e5ndtag med komfortabel, buet profil.Bekl\u00e6dt med skridsikkert kunststof for sikkert greb og mindre h\u00e5ndtr\u00e6thed.H\u00e5ndtaget er diskret dekoreret med en indlagt logoplade i st\u00e5l, som fuldender det enkle design.Det anbefales at vaske kniven op i h\u00e5nden fremfor maskinopvask for at bevare klingens skarphed og beskytte materialet over tid.Classic-serien fra Scanpan tilbyder et bredt udvalg af kvalitetsknive i et enkelt, stilrent design til attraktive priser. Alle knive i serien lever op til det moderne k\u00f8kkens krav om holdbarhed, funktionalitet og sikkerhed.Classic-knivene kvalitetstestes individuelt efter Rockwell-metoden, s\u00e5 du er sikret den rette h\u00e5rdhed efter h\u00e6rdningsprocessen..<\/p>\n<p>Sammenlign priser p\u00e5 Scanpan 20 cm forsk\u00e6rerkniv &#8211; Classic og k\u00f8b online til den billigste pris, samt p\u00e5 tilbud!\u00a0\u00a0Tjek den bedste pris, produkt beskrivelse, video, test, anmeldelser osv.<\/p>\n<p><strong>Brand: <\/strong>Scanpan<br \/>\n<strong>EAN: <\/strong>083421924001<br \/>\n<strong>Producentens varenr.:<\/strong> 083421924001<\/p>\n<p><strong>P.S.<\/strong><br \/>\nTilmeld dig til &#8220;Opret Gratis Prisfald Alarm&#8221;, og bliv underrettet med det samme om prisfald p\u00e5 Scanpan 20 cm forsk\u00e6rerkniv &#8211; Classic, og f\u00e5 den billigste pris!<\/p>\n<p>&nbsp;<\/p>\n<p>&nbsp;<\/p>\n","protected":false},"excerpt":{"rendered":"<p>K\u00f8b billig Scanpan 20 cm forsk\u00e6rerkniv &#8211; Classic! Scanpan Classic forsk\u00e6rerkniv p\u00e5 20 cm er ideel til at sk\u00e6re ensartede skiver af hele stege, skinker og kalkun med fuld kontrol og pr\u00e6cision. Perfekt til b\u00e5de hverdag og fest, hvor elegante serveringer er i fokus.Klingen er fremstillet af rustfrit, fuldsmedet tysk st\u00e5l (X-50 CrMoV15) for langtidsholdbarhed [&hellip;]<\/p>\n","protected":false},"featured_media":999980000004478770,"template":"","meta":[],"store":[1272516],"product_brand":[1272521],"product_cat":[1272410],"product_tag":[1272681,1275184],"class_list":{"0":"post-447877","1":"product","2":"type-product","3":"status-publish","4":"has-post-thumbnail","6":"store-butik24","7":"product_brand-scanpan","8":"product_cat-koekkengrej","9":"product_tag-koekkengrej","10":"product_tag-scanpan","11":"pa_maerke-scanpan","13":"first","14":"instock","15":"product-type-external"},"_links":{"self":[{"href":"https:\/\/www.pricetornado.com\/da\/wp-json\/wp\/v2\/product\/447877","targetHints":{"allow":["GET"]}}],"collection":[{"href":"https:\/\/www.pricetornado.com\/da\/wp-json\/wp\/v2\/product"}],"about":[{"href":"https:\/\/www.pricetornado.com\/da\/wp-json\/wp\/v2\/types\/product"}],"wp:featuredmedia":[{"embeddable":true,"href":"https:\/\/www.pricetornado.com\/da\/wp-json\/"}],"wp:attachment":[{"href":"https:\/\/www.pricetornado.com\/da\/wp-json\/wp\/v2\/media?parent=447877"}],"wp:term":[{"taxonomy":"store","embeddable":true,"href":"https:\/\/www.pricetornado.com\/da\/wp-json\/wp\/v2\/store?post=447877"},{"taxonomy":"product_brand","embeddable":true,"href":"https:\/\/www.pricetornado.com\/da\/wp-json\/wp\/v2\/product_brand?post=447877"},{"taxonomy":"product_cat","embeddable":true,"href":"https:\/\/www.pricetornado.com\/da\/wp-json\/wp\/v2\/product_cat?post=447877"},{"taxonomy":"product_tag","embeddable":true,"href":"https:\/\/www.pricetornado.com\/da\/wp-json\/wp\/v2\/product_tag?post=447877"}],"curies":[{"name":"wp","href":"https:\/\/api.w.org\/{rel}","templated":true}]}}