{"id":447873,"date":"2025-02-23T07:02:10","date_gmt":"2025-02-23T06:02:10","guid":{"rendered":"https:\/\/www.pricetornado.com\/da\/produkt\/alecto-dvm-275c-ekstra-kamera-til-dvm-275-hvid-dvm-275c\/"},"modified":"2026-04-17T02:30:04","modified_gmt":"2026-04-17T00:30:04","slug":"alecto-dvm-275c-ekstra-kamera-til-dvm-275-hvid-dvm-275c","status":"publish","type":"product","link":"https:\/\/www.pricetornado.com\/da\/produkt\/alecto-dvm-275c-ekstra-kamera-til-dvm-275-hvid-dvm-275c\/","title":{"rendered":"Alecto &#8211; DVM-275C &#8211; Ekstra kamera til DVM-275 hvid &#8211; DVM-275C"},"content":{"rendered":"<p>K\u00f8b billig Alecto &#8211; DVM-275C &#8211; Ekstra kamera til DVM-275 hvid &#8211; DVM-275C!<br \/>\nDVM-275 babytelefonen med kamera leveres med et kamera (babyenhed) og 5&quot; farvesk\u00e6rm (for\u00e6ldreenhed). DVM-275 giver dig besked om aktiviteterne for din lille (e). Mens din lille lurer, vil du v\u00e6re helt opm\u00e6rksom, n\u00e5r du er i k\u00f8kkenet eller haven. Som for\u00e6lder vil du f\u00f8le dig helt beroliget, da du kan se alt i realtid. Babytelefonen har en 5&quot; farvesk\u00e6rm, der giver krystalklart billede og lyd i realtid. Men hvad nu hvis du har mere end et barn? Eller dit barn sover og leger i separate v\u00e6relser? Ville et ekstra kamera ikke v\u00e6re den perfekte l\u00f8sning? Med DVM-275&apos;s for\u00e6ldreenhed kan du overv\u00e5ge op til flere kameraer med 1 sk\u00e6rm.DVM-275C er et udvidelseskamera til standardpakken af DVM-275. Du kan tilslutte op til i alt 4 kameraer til en sk\u00e6rm. Billedet kan roteres hvert sekund, s\u00e5 du kan se, hvad der sker fra flere vinkler.Vores designere forst\u00e5r vigtigheden af et stilfuldt design, s\u00e5 du kan placere din for\u00e6ldreenhed i stuen. Men ogs\u00e5 babyenheden\/babyenhederne b\u00f8r ikke se mindre ud. S\u00e5 vi designede denne babytelefon med kamera som en i\u00f8jnefaldende og stilfuld enhed i et lille etui. Et \u00f8nskeligt produkt med fremragende kvalitet og funktionerAltid et klart billede af din baby med DVM-275 babytelefonen med kamera.Nogle gange sover din baby lige der, hvor du forlader dem, de kan polstres hvor som helst i deres tremmeseng, selv rundt om kanterne af madrassen. Med det brugervenlige panorerings- og vippekamera kan du flytte objektivet op og ned og fra venstre mod h\u00f8jre, s\u00e5 du f\u00e5r et perfekt billede af din baby.Med denne babytelefon med kamera fra Alecto k\u00f8ber du en enhed af h\u00f8j kvalitet til en attraktiv pris.<\/p>\n<p>Sammenlign priser p\u00e5 Alecto &#8211; DVM-275C &#8211; Ekstra kamera til DVM-275 hvid &#8211; DVM-275C og k\u00f8b online til den billigste pris, samt p\u00e5 tilbud!\u00a0\u00a0Tjek den bedste pris, produkt beskrivelse, video, test, anmeldelser osv.<\/p>\n<p><strong>Brand: <\/strong>Alecto<br \/>\n<strong>EAN: <\/strong>8712412584154<br \/>\n<strong>Producentens varenr.:<\/strong> 8712412584154<\/p>\n<p><strong>P.S.<\/strong><br \/>\nTilmeld dig til &#8220;Opret Gratis Prisfald Alarm&#8221;, og bliv underrettet med det samme om prisfald p\u00e5 Alecto &#8211; DVM-275C &#8211; Ekstra kamera til DVM-275 hvid &#8211; DVM-275C, og f\u00e5 den billigste pris!<\/p>\n<p>&nbsp;<\/p>\n<p>&nbsp;<\/p>\n","protected":false},"excerpt":{"rendered":"<p>K\u00f8b billig Alecto &#8211; DVM-275C &#8211; Ekstra kamera til DVM-275 hvid &#8211; DVM-275C! DVM-275 babytelefonen med kamera leveres med et kamera (babyenhed) og 5&quot; farvesk\u00e6rm (for\u00e6ldreenhed). DVM-275 giver dig besked om aktiviteterne for din lille (e). Mens din lille lurer, vil du v\u00e6re helt opm\u00e6rksom, n\u00e5r du er i k\u00f8kkenet eller haven. Som for\u00e6lder vil [&hellip;]<\/p>\n","protected":false},"featured_media":999980000004478730,"template":"","meta":[],"store":[1272516],"product_brand":[1272518],"product_cat":[1272510],"product_tag":[1275186,1272728],"class_list":{"0":"post-447873","1":"product","2":"type-product","3":"status-publish","4":"has-post-thumbnail","6":"store-butik24","7":"product_brand-alecto","8":"product_cat-babypleje","9":"product_tag-alecto","10":"product_tag-babypleje","11":"pa_maerke-alecto","13":"first","14":"instock","15":"product-type-external"},"_links":{"self":[{"href":"https:\/\/www.pricetornado.com\/da\/wp-json\/wp\/v2\/product\/447873","targetHints":{"allow":["GET"]}}],"collection":[{"href":"https:\/\/www.pricetornado.com\/da\/wp-json\/wp\/v2\/product"}],"about":[{"href":"https:\/\/www.pricetornado.com\/da\/wp-json\/wp\/v2\/types\/product"}],"wp:featuredmedia":[{"embeddable":true,"href":"https:\/\/www.pricetornado.com\/da\/wp-json\/"}],"wp:attachment":[{"href":"https:\/\/www.pricetornado.com\/da\/wp-json\/wp\/v2\/media?parent=447873"}],"wp:term":[{"taxonomy":"store","embeddable":true,"href":"https:\/\/www.pricetornado.com\/da\/wp-json\/wp\/v2\/store?post=447873"},{"taxonomy":"product_brand","embeddable":true,"href":"https:\/\/www.pricetornado.com\/da\/wp-json\/wp\/v2\/product_brand?post=447873"},{"taxonomy":"product_cat","embeddable":true,"href":"https:\/\/www.pricetornado.com\/da\/wp-json\/wp\/v2\/product_cat?post=447873"},{"taxonomy":"product_tag","embeddable":true,"href":"https:\/\/www.pricetornado.com\/da\/wp-json\/wp\/v2\/product_tag?post=447873"}],"curies":[{"name":"wp","href":"https:\/\/api.w.org\/{rel}","templated":true}]}}