{"id":447864,"date":"2025-02-23T23:15:02","date_gmt":"2025-02-23T22:15:02","guid":{"rendered":"https:\/\/www.pricetornado.com\/da\/produkt\/philips-led-50w-spot-gu10-sceneswitch-varm-hvid-3-skift-1-pak\/"},"modified":"2026-04-17T10:29:54","modified_gmt":"2026-04-17T08:29:54","slug":"philips-led-50w-spot-gu10-sceneswitch-varm-hvid-3-skift-1-pak","status":"publish","type":"product","link":"https:\/\/www.pricetornado.com\/da\/produkt\/philips-led-50w-spot-gu10-sceneswitch-varm-hvid-3-skift-1-pak\/","title":{"rendered":"PHILIPS LED 50W Spot GU10 sceneswitch, varm hvid 3 skift, 1 pak"},"content":{"rendered":"<p>K\u00f8b billig PHILIPS LED 50W Spot GU10 sceneswitch, varm hvid 3 skift, 1 pak!<br \/>\nMed Philips SceneSwitch LED spot GU10 kan du nemt tilpasse lysstemningen i hjemmet uden brug af ekstern d\u00e6mper. Brug blot din eksisterende kontakt til enkelt at skifte mellem tre forskellige lysindstillinger, der passer til enhver aktivitet og atmosf\u00e6re. Denne p\u00e6re er det ideelle valg til dig, der \u00f8nsker alsidig og energieffektiv belysning med lang levetid.P\u00e6ren er udstyret med indbygget hukommelseschip, der husker din seneste lysindstilling, hvis kontakten har v\u00e6ret slukket i mere end 6 sekunder. SceneSwitch LED teknologien giver ikke kun lavt str\u00f8mforbrug, men ogs\u00e5 en lang levetid p\u00e5 helt op til 15.000 timer og op til 50.000 t\u00e6nd\/sluk-cyklusser \u2013 hvilket g\u00f8r p\u00e6ren robust og \u00f8konomisk.P\u00e6ren er let at installere uden ekstra el-arbejde eller d\u00e6mper, hvilket sikrer brugervenlighed og st\u00f8rre sikkerhed. Philips SceneSwitch LED spot GU10 opfylder EU\u2019s RoHS-direktiv for milj\u00f8venlige materialer og st\u00f8rre tryghed i hjemmet. sortiment, og oplev smarte, energibesparende l\u00f8sninger til dit hjem.<\/p>\n<p>Sammenlign priser p\u00e5 PHILIPS LED 50W Spot GU10 sceneswitch, varm hvid 3 skift, 1 pak og k\u00f8b online til den billigste pris, samt p\u00e5 tilbud!\u00a0\u00a0Tjek den bedste pris, produkt beskrivelse, video, test, anmeldelser osv.<\/p>\n<p><strong>Brand: <\/strong>Philips<br \/>\n<strong>EAN: <\/strong>8719514307780<br \/>\n<strong>Producentens varenr.:<\/strong> 8719514307780<\/p>\n<p><strong>P.S.<\/strong><br \/>\nTilmeld dig til &#8220;Opret Gratis Prisfald Alarm&#8221;, og bliv underrettet med det samme om prisfald p\u00e5 PHILIPS LED 50W Spot GU10 sceneswitch, varm hvid 3 skift, 1 pak, og f\u00e5 den billigste pris!<\/p>\n<p>&nbsp;<\/p>\n<p>&nbsp;<\/p>\n","protected":false},"excerpt":{"rendered":"<p>K\u00f8b billig PHILIPS LED 50W Spot GU10 sceneswitch, varm hvid 3 skift, 1 pak! Med Philips SceneSwitch LED spot GU10 kan du nemt tilpasse lysstemningen i hjemmet uden brug af ekstern d\u00e6mper. Brug blot din eksisterende kontakt til enkelt at skifte mellem tre forskellige lysindstillinger, der passer til enhver aktivitet og atmosf\u00e6re. Denne p\u00e6re er [&hellip;]<\/p>\n","protected":false},"featured_media":999980000004478640,"template":"","meta":[],"store":[1272516],"product_brand":[1272519],"product_cat":[1272407],"product_tag":[1272697,1275180],"class_list":{"0":"post-447864","1":"product","2":"type-product","3":"status-publish","4":"has-post-thumbnail","6":"store-butik24","7":"product_brand-philips","8":"product_cat-belysning-2","9":"product_tag-belysning","10":"product_tag-philips","11":"pa_maerke-philips","13":"first","14":"instock","15":"product-type-external"},"_links":{"self":[{"href":"https:\/\/www.pricetornado.com\/da\/wp-json\/wp\/v2\/product\/447864","targetHints":{"allow":["GET"]}}],"collection":[{"href":"https:\/\/www.pricetornado.com\/da\/wp-json\/wp\/v2\/product"}],"about":[{"href":"https:\/\/www.pricetornado.com\/da\/wp-json\/wp\/v2\/types\/product"}],"wp:featuredmedia":[{"embeddable":true,"href":"https:\/\/www.pricetornado.com\/da\/wp-json\/"}],"wp:attachment":[{"href":"https:\/\/www.pricetornado.com\/da\/wp-json\/wp\/v2\/media?parent=447864"}],"wp:term":[{"taxonomy":"store","embeddable":true,"href":"https:\/\/www.pricetornado.com\/da\/wp-json\/wp\/v2\/store?post=447864"},{"taxonomy":"product_brand","embeddable":true,"href":"https:\/\/www.pricetornado.com\/da\/wp-json\/wp\/v2\/product_brand?post=447864"},{"taxonomy":"product_cat","embeddable":true,"href":"https:\/\/www.pricetornado.com\/da\/wp-json\/wp\/v2\/product_cat?post=447864"},{"taxonomy":"product_tag","embeddable":true,"href":"https:\/\/www.pricetornado.com\/da\/wp-json\/wp\/v2\/product_tag?post=447864"}],"curies":[{"name":"wp","href":"https:\/\/api.w.org\/{rel}","templated":true}]}}