{"id":447861,"date":"2025-02-22T09:17:00","date_gmt":"2025-02-22T08:17:00","guid":{"rendered":"https:\/\/www.pricetornado.com\/da\/produkt\/gardenlink-10m-cable\/"},"modified":"2026-04-17T02:30:11","modified_gmt":"2026-04-17T00:30:11","slug":"gardenlink-10m-cable","status":"publish","type":"product","link":"https:\/\/www.pricetornado.com\/da\/produkt\/gardenlink-10m-cable\/","title":{"rendered":"GardenLink 10m cable"},"content":{"rendered":"<p>K\u00f8b billig GardenLink 10m cable!<br \/>\nPhilips GardenLink 10m kabel er en del af GardenLink lav volt-serien og giver dig nem og sikker installation af udend\u00f8rslamper i haven. Du kan forbinde flere lamper til \u00e9n str\u00f8mforsyning, der tilsluttes en standard udend\u00f8rs stikkontakt, hvilket g\u00f8r det nemt at tilf\u00f8je ekstra lamper eller flytte dem efter behov. Ledningsf\u00f8ringen er enkel, og lavvolt-teknologien (24V) betyder, at der ikke er nogen risiko for elektrisk st\u00f8d \u2013 hverken for dig, b\u00f8rn eller k\u00e6ledyr.Kablet er fremstillet af h\u00f8j kvalitets PVC og korrosionsbestandige materialer, som sikrer lang holdbarhed og modstandsdygtighed over for snavs, vind og vejr. Med IP67\/IP65-klassificering er kablet effektivt beskyttet mod b\u00e5de st\u00f8v og vand, hvilket g\u00f8r det velegnet til permanent udend\u00f8rs brug \u00e5ret rundt.Den smarte twist &amp; lock-forbindelse g\u00f8r det muligt at installere og omplacere lamper hurtigt og uden brug af v\u00e6rkt\u00f8j, hvilket \u00f8ger brugeroplevelsen og g\u00f8r systemet ideelt til g\u00f8r-det-selv installationer. Det 10 meter lange kabel giver dig maksimal fleksibilitet til at tilpasse belysningen efter havens indretning. Systemet opfylder sikkerhedsstandarderne for SELV (Safety Extra-Low Voltage), hvilket sikrer et lavrisikomilj\u00f8 ved brug.Systemet leveres med 5 \u00e5rs garanti p\u00e5 LED-moduler (jf. produktfamiliets dokumentation)Opgrader dit udend\u00f8rs lysmilj\u00f8 med Philips GardenLink-serien og oplev let installation, lang holdbarhed og optimal sikkerhed. Se hele udvalget af produkter hos Butik24.<\/p>\n<p>Sammenlign priser p\u00e5 GardenLink 10m cable og k\u00f8b online til den billigste pris, samt p\u00e5 tilbud!\u00a0\u00a0Tjek den bedste pris, produkt beskrivelse, video, test, anmeldelser osv.<\/p>\n<p><strong>Brand: <\/strong>Philips<br \/>\n<strong>EAN: <\/strong>8720169269354<br \/>\n<strong>Producentens varenr.:<\/strong> 8720169269354<\/p>\n<p><strong>P.S.<\/strong><br \/>\nTilmeld dig til &#8220;Opret Gratis Prisfald Alarm&#8221;, og bliv underrettet med det samme om prisfald p\u00e5 GardenLink 10m cable, og f\u00e5 den billigste pris!<\/p>\n<p>&nbsp;<\/p>\n<p>&nbsp;<\/p>\n","protected":false},"excerpt":{"rendered":"<p>K\u00f8b billig GardenLink 10m cable! Philips GardenLink 10m kabel er en del af GardenLink lav volt-serien og giver dig nem og sikker installation af udend\u00f8rslamper i haven. Du kan forbinde flere lamper til \u00e9n str\u00f8mforsyning, der tilsluttes en standard udend\u00f8rs stikkontakt, hvilket g\u00f8r det nemt at tilf\u00f8je ekstra lamper eller flytte dem efter behov. Ledningsf\u00f8ringen [&hellip;]<\/p>\n","protected":false},"featured_media":999980000004478610,"template":"","meta":[],"store":[1272516],"product_brand":[1272519],"product_cat":[1272407],"product_tag":[1272697,1275180],"class_list":{"0":"post-447861","1":"product","2":"type-product","3":"status-publish","4":"has-post-thumbnail","6":"store-butik24","7":"product_brand-philips","8":"product_cat-belysning-2","9":"product_tag-belysning","10":"product_tag-philips","11":"pa_maerke-philips","13":"first","14":"instock","15":"product-type-external"},"_links":{"self":[{"href":"https:\/\/www.pricetornado.com\/da\/wp-json\/wp\/v2\/product\/447861","targetHints":{"allow":["GET"]}}],"collection":[{"href":"https:\/\/www.pricetornado.com\/da\/wp-json\/wp\/v2\/product"}],"about":[{"href":"https:\/\/www.pricetornado.com\/da\/wp-json\/wp\/v2\/types\/product"}],"wp:featuredmedia":[{"embeddable":true,"href":"https:\/\/www.pricetornado.com\/da\/wp-json\/"}],"wp:attachment":[{"href":"https:\/\/www.pricetornado.com\/da\/wp-json\/wp\/v2\/media?parent=447861"}],"wp:term":[{"taxonomy":"store","embeddable":true,"href":"https:\/\/www.pricetornado.com\/da\/wp-json\/wp\/v2\/store?post=447861"},{"taxonomy":"product_brand","embeddable":true,"href":"https:\/\/www.pricetornado.com\/da\/wp-json\/wp\/v2\/product_brand?post=447861"},{"taxonomy":"product_cat","embeddable":true,"href":"https:\/\/www.pricetornado.com\/da\/wp-json\/wp\/v2\/product_cat?post=447861"},{"taxonomy":"product_tag","embeddable":true,"href":"https:\/\/www.pricetornado.com\/da\/wp-json\/wp\/v2\/product_tag?post=447861"}],"curies":[{"name":"wp","href":"https:\/\/api.w.org\/{rel}","templated":true}]}}