{"id":447857,"date":"2025-02-23T16:17:30","date_gmt":"2025-02-23T15:17:30","guid":{"rendered":"https:\/\/www.pricetornado.com\/da\/produkt\/nedis-smartlife-koekkenvaegt-bluetooth-glas-plastik-hvid\/"},"modified":"2026-03-25T01:24:38","modified_gmt":"2026-03-25T00:24:38","slug":"nedis-smartlife-koekkenvaegt-bluetooth-glas-plastik-hvid","status":"publish","type":"product","link":"https:\/\/www.pricetornado.com\/da\/produkt\/nedis-smartlife-koekkenvaegt-bluetooth-glas-plastik-hvid\/","title":{"rendered":"NEDIS SmartLife k\u00f8kkenv\u00e6gt | Bluetooth\u00ae | Glas \/ Plastik | Hvid"},"content":{"rendered":"<p>K\u00f8b billig NEDIS SmartLife k\u00f8kkenv\u00e6gt | Bluetooth\u00ae | Glas \/ Plastik | Hvid!<br \/>\nNedis SmartLife Bluetooth-k\u00f8kkenv\u00e6gt er det ideelle valg for alle, der \u00f8nsker at opn\u00e5 eller fastholde v\u00e6gttab, spise sundere og f\u00e5 bedre styr p\u00e5 deres kost. Ern\u00e6ring udg\u00f8r ofte den st\u00f8rste udfordring ved sund livsstil, men med denne v\u00e6gt f\u00e5r du hurtig og n\u00f8jagtig indsigt i sammens\u00e6tningen af dine m\u00e5ltider. Via Nedis SmartLife-appen f\u00e5r du detaljerede oplysninger om kalorier, protein, kulhydrater, salt, fedt, fibre og andre vigtige ern\u00e6ringsparametre.K\u00f8kkenv\u00e6gten er designet med en slank profil og fremstillet i slidst\u00e6rkt glas og plast. Overfladen best\u00e5r af 4 mm tykt h\u00e6rdet glas, hvilket giver \u00f8get holdbarhed og sikrer mod ridser og st\u00f8d. Den maksimale v\u00e6gtkapacitet er 5 kg, og h\u00f8jpr\u00e6cisionssensorteknologien muligg\u00f8r n\u00f8jagtig vejning af alle ingredienser.Med indbygget Bluetooth og den gratis Nedis SmartLife-app kan du nemt overf\u00f8re m\u00e5leresultater direkte til din smartphone. Appen leverer en omfattende ern\u00e6ringsanalyse med oplysninger om blandt andet kalorier, protein, fedt, kolesterol, kulhydrater, fibre og natrium for mere end 5.000 f\u00f8devarer. P\u00e5 den m\u00e5de kan du tr\u00e6ffe informerede valg, overv\u00e5ge dine daglige n\u00e6ringsm\u00e5l og tilpasse din kost efter behov.Tarafunktion g\u00f8r det nemt at fratr\u00e6kke v\u00e6gten af sk\u00e5le eller beholdere for pr\u00e6cise m\u00e5linger.Let l\u00e6seligt LCD-display med baggrundsbelysning sikrer optimal synlighed, selv i svagt lys.Mulighed for hurtigt at skifte mellem m\u00e5leenheder: gram, ounce, milliliter og flydende ounce.Manuel t\u00e6nd\/sluk samt automatisk sluk for at spare p\u00e5 batteriet.Indikator for lavt batteriniveau giver dig besked, n\u00e5r det er tid til udskiftning.Overbelastningsindikator beskytter v\u00e6gten mod skader ved for h\u00f8j belastning.Automatisk energibesparende slukfunktion forl\u00e6nger batteriets levetid.Med Nedis SmartLife k\u00f8kkenv\u00e6gt f\u00e5r du en brugervenlig l\u00f8sning til at kontrollere dine portioner og skabe sundere spisevaner. Ved at kombinere pr\u00e6cis vejning med avanceret ern\u00e6ringsfeedback hj\u00e6lper denne v\u00e6gt dig med at opn\u00e5 og fastholde dine sundheds- og fitnessm\u00e5l.<\/p>\n<p>Sammenlign priser p\u00e5 NEDIS SmartLife k\u00f8kkenv\u00e6gt | Bluetooth\u00ae | Glas \/ Plastik | Hvid og k\u00f8b online til den billigste pris, samt p\u00e5 tilbud!\u00a0\u00a0Tjek den bedste pris, produkt beskrivelse, video, test, anmeldelser osv.<\/p>\n<p><strong>Brand: <\/strong>NEDIS<br \/>\n<strong>EAN: <\/strong>5412810443611<br \/>\n<strong>Producentens varenr.:<\/strong> 5412810443611<\/p>\n<p><strong>P.S.<\/strong><br \/>\nTilmeld dig til &#8220;Opret Gratis Prisfald Alarm&#8221;, og bliv underrettet med det samme om prisfald p\u00e5 NEDIS SmartLife k\u00f8kkenv\u00e6gt | Bluetooth\u00ae | Glas \/ Plastik | Hvid, og f\u00e5 den billigste pris!<\/p>\n<p>&nbsp;<\/p>\n<p>&nbsp;<\/p>\n","protected":false},"excerpt":{"rendered":"<p>K\u00f8b billig NEDIS SmartLife k\u00f8kkenv\u00e6gt | Bluetooth\u00ae | Glas \/ Plastik | Hvid! Nedis SmartLife Bluetooth-k\u00f8kkenv\u00e6gt er det ideelle valg for alle, der \u00f8nsker at opn\u00e5 eller fastholde v\u00e6gttab, spise sundere og f\u00e5 bedre styr p\u00e5 deres kost. Ern\u00e6ring udg\u00f8r ofte den st\u00f8rste udfordring ved sund livsstil, men med denne v\u00e6gt f\u00e5r du hurtig og [&hellip;]<\/p>\n","protected":false},"featured_media":0,"template":"","meta":[],"store":[1272516],"product_brand":[1272517],"product_cat":[1272462],"product_tag":[1275178,1272692],"class_list":{"0":"post-447857","1":"product","2":"type-product","3":"status-publish","5":"store-butik24","6":"product_brand-nedis","7":"product_cat-smart-home","8":"product_tag-nedis","9":"product_tag-smart-home","10":"pa_maerke-nedis","12":"first","13":"instock","14":"product-type-external"},"_links":{"self":[{"href":"https:\/\/www.pricetornado.com\/da\/wp-json\/wp\/v2\/product\/447857","targetHints":{"allow":["GET"]}}],"collection":[{"href":"https:\/\/www.pricetornado.com\/da\/wp-json\/wp\/v2\/product"}],"about":[{"href":"https:\/\/www.pricetornado.com\/da\/wp-json\/wp\/v2\/types\/product"}],"wp:attachment":[{"href":"https:\/\/www.pricetornado.com\/da\/wp-json\/wp\/v2\/media?parent=447857"}],"wp:term":[{"taxonomy":"store","embeddable":true,"href":"https:\/\/www.pricetornado.com\/da\/wp-json\/wp\/v2\/store?post=447857"},{"taxonomy":"product_brand","embeddable":true,"href":"https:\/\/www.pricetornado.com\/da\/wp-json\/wp\/v2\/product_brand?post=447857"},{"taxonomy":"product_cat","embeddable":true,"href":"https:\/\/www.pricetornado.com\/da\/wp-json\/wp\/v2\/product_cat?post=447857"},{"taxonomy":"product_tag","embeddable":true,"href":"https:\/\/www.pricetornado.com\/da\/wp-json\/wp\/v2\/product_tag?post=447857"}],"curies":[{"name":"wp","href":"https:\/\/api.w.org\/{rel}","templated":true}]}}