{"id":447856,"date":"2025-02-26T05:09:15","date_gmt":"2025-02-26T04:09:15","guid":{"rendered":"https:\/\/www.pricetornado.com\/da\/produkt\/nedis-smartlife-vand-kontrol-bluetooth-batteri-ip54-maksimalt-vandtryk-8-bar-android-ios\/"},"modified":"2026-03-11T03:32:47","modified_gmt":"2026-03-11T02:32:47","slug":"nedis-smartlife-vand-kontrol-bluetooth-batteri-ip54-maksimalt-vandtryk-8-bar-android-ios","status":"publish","type":"product","link":"https:\/\/www.pricetornado.com\/da\/produkt\/nedis-smartlife-vand-kontrol-bluetooth-batteri-ip54-maksimalt-vandtryk-8-bar-android-ios\/","title":{"rendered":"NEDIS SmartLife Vand Kontrol | Bluetooth\u00ae | Batteri | IP54 | Maksimalt vandtryk: 8 Bar | Android\u2122 \/ IOS"},"content":{"rendered":"<p>K\u00f8b billig NEDIS SmartLife Vand Kontrol | Bluetooth\u00ae | Batteri | IP54 | Maksimalt vandtryk: 8 Bar | Android\u2122 \/ IOS!<br \/>\nNedis SmartLife-vandstyring forvandler din udend\u00f8rs vandhane til en intelligent og tr\u00e5dl\u00f8s l\u00f8sning, du kan styre direkte fra din smartphone via Bluetooth. Monteringen sker nemt og uden brug af v\u00e6rkt\u00f8j mellem din vandhane og en haveslange eller sprinkler. Alt konfigureres hurtigt i Nedis SmartLife-appen p\u00e5 Android eller iOS, s\u00e5 du automatisk kan passe vandingen af planter og gr\u00e6s \u2013 ogs\u00e5 n\u00e5r du er v\u00e6k hjemmefra.Med SmartLife-appen kan du oprette op til 3 daglige vandingstidsplaner med varigheder fra 1 minut til 12 timer. Derudover tilbyder produktet en intervalfunktion, hvor ventilen kan \u00e5bnes i korte perioder (5 til 59 sekunder) med indbyggede pauser op til 15 minutter og 59 sekunder for at forhindre oversv\u00f8mmelse. Alt kan tilpasses til dine behov, og du bestemmer selv tider og dage.En integreret flowm\u00e5ler g\u00f8r det nemt at overv\u00e5ge vandforbruget: Appen viser hvor mange liter du bruger dagligt og pr\u00e6senterer et detaljeret forbrugsgraf for de seneste 10 dage. Den automatiske sikkerhedsfunktion s\u00f8rger samtidig for, at vandstr\u00f8mmen kun er aktiv, n\u00e5r det er planlagt, s\u00e5 du undg\u00e5r b\u00e5de spild og un\u00f8dvendigt forbrug.Vandstyringen er fremstillet af slidst\u00e6rkt plast og har en IP54-klassificering, der beskytter mod b\u00e5de st\u00f8v og vandst\u00e6nk. Den er helt tr\u00e5dl\u00f8s og drives af 4 AA-batterier (medf\u00f8lger ikke), som kan holde op til 6 m\u00e5neder. Enheden t\u00e5ler op til 8 bar vandtryk og temperaturer op til 50 \u00b0C, hvilket g\u00f8r den ideel til nordiske haver.Apparatet passer til de fleste almindelige udend\u00f8rs vandhaner med universalt 3\/4&quot; udl\u00f8bsgevind og 1&quot; indgangsgevind (adapter til 3\/4&quot; indgang medf\u00f8lger). Bluetooth-forbindelsen r\u00e6kker op til 50 meter, og du beh\u00f8ver ikke Wi-Fi ved vandhanen \u2013 du skal blot v\u00e6re inden for Bluetooth-r\u00e6kkevidde, n\u00e5r du vil foretage \u00e6ndringer i tidsplanen.Med Nedis SmartLife-vandstyring f\u00e5r du en p\u00e5lidelig og brugervenlig l\u00f8sning til intelligent havevanding i alle haves\u00e6soner \u2013 og du kan trygt tage p\u00e5 ferie, mens haven passes pr\u00e6cis efter dine \u00f8nsker. Se n\u00e6rmere p\u00e5 vores for flere smarte l\u00f8sninger til hjem og have.<\/p>\n<p>Sammenlign priser p\u00e5 NEDIS SmartLife Vand Kontrol | Bluetooth\u00ae | Batteri | IP54 | Maksimalt vandtryk: 8 Bar | Android\u2122 \/ IOS og k\u00f8b online til den billigste pris, samt p\u00e5 tilbud!\u00a0\u00a0Tjek den bedste pris, produkt beskrivelse, video, test, anmeldelser osv.<\/p>\n<p><strong>Brand: <\/strong>NEDIS<br \/>\n<strong>EAN: <\/strong>5412810334377<br \/>\n<strong>Producentens varenr.:<\/strong> 5412810334377<\/p>\n<p><strong>P.S.<\/strong><br \/>\nTilmeld dig til &#8220;Opret Gratis Prisfald Alarm&#8221;, og bliv underrettet med det samme om prisfald p\u00e5 NEDIS SmartLife Vand Kontrol | Bluetooth\u00ae | Batteri | IP54 | Maksimalt vandtryk: 8 Bar | Android\u2122 \/ IOS, og f\u00e5 den billigste pris!<\/p>\n<p>&nbsp;<\/p>\n<p>&nbsp;<\/p>\n","protected":false},"excerpt":{"rendered":"<p>K\u00f8b billig NEDIS SmartLife Vand Kontrol | Bluetooth\u00ae | Batteri | IP54 | Maksimalt vandtryk: 8 Bar | Android\u2122 \/ IOS! Nedis SmartLife-vandstyring forvandler din udend\u00f8rs vandhane til en intelligent og tr\u00e5dl\u00f8s l\u00f8sning, du kan styre direkte fra din smartphone via Bluetooth. Monteringen sker nemt og uden brug af v\u00e6rkt\u00f8j mellem din vandhane og en [&hellip;]<\/p>\n","protected":false},"featured_media":0,"template":"","meta":[],"store":[1272516],"product_brand":[1272517],"product_cat":[1272462],"product_tag":[1275178,1272692],"class_list":{"0":"post-447856","1":"product","2":"type-product","3":"status-publish","5":"store-butik24","6":"product_brand-nedis","7":"product_cat-smart-home","8":"product_tag-nedis","9":"product_tag-smart-home","10":"pa_maerke-nedis","12":"first","13":"instock","14":"product-type-external"},"_links":{"self":[{"href":"https:\/\/www.pricetornado.com\/da\/wp-json\/wp\/v2\/product\/447856","targetHints":{"allow":["GET"]}}],"collection":[{"href":"https:\/\/www.pricetornado.com\/da\/wp-json\/wp\/v2\/product"}],"about":[{"href":"https:\/\/www.pricetornado.com\/da\/wp-json\/wp\/v2\/types\/product"}],"wp:attachment":[{"href":"https:\/\/www.pricetornado.com\/da\/wp-json\/wp\/v2\/media?parent=447856"}],"wp:term":[{"taxonomy":"store","embeddable":true,"href":"https:\/\/www.pricetornado.com\/da\/wp-json\/wp\/v2\/store?post=447856"},{"taxonomy":"product_brand","embeddable":true,"href":"https:\/\/www.pricetornado.com\/da\/wp-json\/wp\/v2\/product_brand?post=447856"},{"taxonomy":"product_cat","embeddable":true,"href":"https:\/\/www.pricetornado.com\/da\/wp-json\/wp\/v2\/product_cat?post=447856"},{"taxonomy":"product_tag","embeddable":true,"href":"https:\/\/www.pricetornado.com\/da\/wp-json\/wp\/v2\/product_tag?post=447856"}],"curies":[{"name":"wp","href":"https:\/\/api.w.org\/{rel}","templated":true}]}}