{"id":447854,"date":"2025-02-26T17:25:28","date_gmt":"2025-02-26T16:25:28","guid":{"rendered":"https:\/\/www.pricetornado.com\/da\/produkt\/nedis-stoevsugerpose-5-stk-syntetisk-hvid\/"},"modified":"2026-04-19T06:09:59","modified_gmt":"2026-04-19T04:09:59","slug":"nedis-stoevsugerpose-5-stk-syntetisk-hvid","status":"publish","type":"product","link":"https:\/\/www.pricetornado.com\/da\/produkt\/nedis-stoevsugerpose-5-stk-syntetisk-hvid\/","title":{"rendered":"NEDIS St\u00f8vsugerpose | 5 stk. | Syntetisk | Hvid"},"content":{"rendered":"<p>K\u00f8b billig NEDIS St\u00f8vsugerpose | 5 stk. | Syntetisk | Hvid!<br \/>\nDisse st\u00f8vsugerposer er fremstillet i syntetisk materiale og er s\u00e6rligt udviklet til Nedis robotst\u00f8vsugere med selv-t\u00f8mningsstation. Posen g\u00f8r det muligt, at st\u00f8vbeholderen t\u00f8mmes automatisk hver gang robotst\u00f8vsugeren oplades, hvilket minimerer behovet for manuel h\u00e5ndtering og g\u00f8r reng\u00f8ringen endnu nemmere.Hver pose kan rumme op til 3 liter st\u00f8v og snavs, hvilket svarer til cirka 25 t\u00f8mningscyklusser, f\u00f8r den skal udskiftes. N\u00e5r posen er fuld, kan den nemt fjernes og smides ud, hvilket sikrer en hygiejnisk og enkel affaldsh\u00e5ndtering. De syntetiske materialer g\u00f8r posen let og kompatibel med de automatiserede t\u00f8mningssystemer i SmartLife-serien.Med disse st\u00f8vsugerposer f\u00e5r du en praktisk og hygiejnisk l\u00f8sning, der g\u00f8r det nemt at holde hjemmet rent i hverdagen. Se vores komplette sortiment af produkter for flere smarte l\u00f8sninger til dit hjem.<\/p>\n<p>Sammenlign priser p\u00e5 NEDIS St\u00f8vsugerpose | 5 stk. | Syntetisk | Hvid og k\u00f8b online til den billigste pris, samt p\u00e5 tilbud!\u00a0\u00a0Tjek den bedste pris, produkt beskrivelse, video, test, anmeldelser osv.<\/p>\n<p><strong>Brand: <\/strong>NEDIS<br \/>\n<strong>EAN: <\/strong>5412810450251<br \/>\n<strong>Producentens varenr.:<\/strong> 5412810450251<\/p>\n<p><strong>P.S.<\/strong><br \/>\nTilmeld dig til &#8220;Opret Gratis Prisfald Alarm&#8221;, og bliv underrettet med det samme om prisfald p\u00e5 NEDIS St\u00f8vsugerpose | 5 stk. | Syntetisk | Hvid, og f\u00e5 den billigste pris!<\/p>\n<p>&nbsp;<\/p>\n<p>&nbsp;<\/p>\n","protected":false},"excerpt":{"rendered":"<p>K\u00f8b billig NEDIS St\u00f8vsugerpose | 5 stk. | Syntetisk | Hvid! Disse st\u00f8vsugerposer er fremstillet i syntetisk materiale og er s\u00e6rligt udviklet til Nedis robotst\u00f8vsugere med selv-t\u00f8mningsstation. Posen g\u00f8r det muligt, at st\u00f8vbeholderen t\u00f8mmes automatisk hver gang robotst\u00f8vsugeren oplades, hvilket minimerer behovet for manuel h\u00e5ndtering og g\u00f8r reng\u00f8ringen endnu nemmere.Hver pose kan rumme op til [&hellip;]<\/p>\n","protected":false},"featured_media":999980000004478540,"template":"","meta":[],"store":[1272516],"product_brand":[1272517],"product_cat":[1272462],"product_tag":[1275178,1272692],"class_list":{"0":"post-447854","1":"product","2":"type-product","3":"status-publish","4":"has-post-thumbnail","6":"store-butik24","7":"product_brand-nedis","8":"product_cat-smart-home","9":"product_tag-nedis","10":"product_tag-smart-home","11":"pa_maerke-nedis","13":"first","14":"instock","15":"product-type-external"},"_links":{"self":[{"href":"https:\/\/www.pricetornado.com\/da\/wp-json\/wp\/v2\/product\/447854","targetHints":{"allow":["GET"]}}],"collection":[{"href":"https:\/\/www.pricetornado.com\/da\/wp-json\/wp\/v2\/product"}],"about":[{"href":"https:\/\/www.pricetornado.com\/da\/wp-json\/wp\/v2\/types\/product"}],"wp:featuredmedia":[{"embeddable":true,"href":"https:\/\/www.pricetornado.com\/da\/wp-json\/"}],"wp:attachment":[{"href":"https:\/\/www.pricetornado.com\/da\/wp-json\/wp\/v2\/media?parent=447854"}],"wp:term":[{"taxonomy":"store","embeddable":true,"href":"https:\/\/www.pricetornado.com\/da\/wp-json\/wp\/v2\/store?post=447854"},{"taxonomy":"product_brand","embeddable":true,"href":"https:\/\/www.pricetornado.com\/da\/wp-json\/wp\/v2\/product_brand?post=447854"},{"taxonomy":"product_cat","embeddable":true,"href":"https:\/\/www.pricetornado.com\/da\/wp-json\/wp\/v2\/product_cat?post=447854"},{"taxonomy":"product_tag","embeddable":true,"href":"https:\/\/www.pricetornado.com\/da\/wp-json\/wp\/v2\/product_tag?post=447854"}],"curies":[{"name":"wp","href":"https:\/\/api.w.org\/{rel}","templated":true}]}}