{"id":447849,"date":"2025-02-26T06:45:37","date_gmt":"2025-02-26T05:45:37","guid":{"rendered":"https:\/\/www.pricetornado.com\/da\/produkt\/philips-hue-essentielt-startsaet-2-e27-paerer-806-lm\/"},"modified":"2026-04-17T10:29:52","modified_gmt":"2026-04-17T08:29:52","slug":"philips-hue-essentielt-startsaet-2-e27-paerer-806-lm","status":"publish","type":"product","link":"https:\/\/www.pricetornado.com\/da\/produkt\/philips-hue-essentielt-startsaet-2-e27-paerer-806-lm\/","title":{"rendered":"Philips Hue Essentielt starts\u00e6t: 2 E27 p\u00e6rer (806 lm)"},"content":{"rendered":"<p>K\u00f8b billig Philips Hue Essentielt starts\u00e6t: 2 E27 p\u00e6rer (806 lm)!<br \/>\nTr\u00e6d ind i en verden af intelligent belysning med dette Philips Hue Essentielt starts\u00e6t med to p\u00e6rer med fuld farve og justerbart hvidt lys, som du nemt kan justere fra varmt og hyggeligt til k\u00f8ligt hvidt lys. Skab den perfekte stemning med j\u00e6vn d\u00e6mpning, millioner af farver og et bibliotek af belysningsscener designet af vores eksperter \u2013 eller lav din egen! Tilslut den medf\u00f8lgende Hue Bridge for at f\u00e5 adgang til den uendelige liste af funktioner. Styr med din stemme, appen eller ethvert intelligent tilbeh\u00f8r.<\/p>\n<p>Sammenlign priser p\u00e5 Philips Hue Essentielt starts\u00e6t: 2 E27 p\u00e6rer (806 lm) og k\u00f8b online til den billigste pris, samt p\u00e5 tilbud!\u00a0\u00a0Tjek den bedste pris, produkt beskrivelse, video, test, anmeldelser osv.<\/p>\n<p><strong>Brand: <\/strong>Philips Hue<br \/>\n<strong>EAN: <\/strong>8721103103635<br \/>\n<strong>Producentens varenr.:<\/strong> 8721103103635<\/p>\n<p><strong>P.S.<\/strong><br \/>\nTilmeld dig til &#8220;Opret Gratis Prisfald Alarm&#8221;, og bliv underrettet med det samme om prisfald p\u00e5 Philips Hue Essentielt starts\u00e6t: 2 E27 p\u00e6rer (806 lm), og f\u00e5 den billigste pris!<\/p>\n<p>&nbsp;<\/p>\n<p>&nbsp;<\/p>\n","protected":false},"excerpt":{"rendered":"<p>K\u00f8b billig Philips Hue Essentielt starts\u00e6t: 2 E27 p\u00e6rer (806 lm)! Tr\u00e6d ind i en verden af intelligent belysning med dette Philips Hue Essentielt starts\u00e6t med to p\u00e6rer med fuld farve og justerbart hvidt lys, som du nemt kan justere fra varmt og hyggeligt til k\u00f8ligt hvidt lys. Skab den perfekte stemning med j\u00e6vn d\u00e6mpning, [&hellip;]<\/p>\n","protected":false},"featured_media":999980000004478490,"template":"","meta":[],"store":[1272516],"product_brand":[1272523],"product_cat":[1272407],"product_tag":[1272697,1272767],"class_list":{"0":"post-447849","1":"product","2":"type-product","3":"status-publish","4":"has-post-thumbnail","6":"store-butik24","7":"product_brand-philips-hue","8":"product_cat-belysning-2","9":"product_tag-belysning","10":"product_tag-philips-hue","11":"pa_maerke-philips-hue","13":"first","14":"instock","15":"product-type-external"},"_links":{"self":[{"href":"https:\/\/www.pricetornado.com\/da\/wp-json\/wp\/v2\/product\/447849","targetHints":{"allow":["GET"]}}],"collection":[{"href":"https:\/\/www.pricetornado.com\/da\/wp-json\/wp\/v2\/product"}],"about":[{"href":"https:\/\/www.pricetornado.com\/da\/wp-json\/wp\/v2\/types\/product"}],"wp:featuredmedia":[{"embeddable":true,"href":"https:\/\/www.pricetornado.com\/da\/wp-json\/"}],"wp:attachment":[{"href":"https:\/\/www.pricetornado.com\/da\/wp-json\/wp\/v2\/media?parent=447849"}],"wp:term":[{"taxonomy":"store","embeddable":true,"href":"https:\/\/www.pricetornado.com\/da\/wp-json\/wp\/v2\/store?post=447849"},{"taxonomy":"product_brand","embeddable":true,"href":"https:\/\/www.pricetornado.com\/da\/wp-json\/wp\/v2\/product_brand?post=447849"},{"taxonomy":"product_cat","embeddable":true,"href":"https:\/\/www.pricetornado.com\/da\/wp-json\/wp\/v2\/product_cat?post=447849"},{"taxonomy":"product_tag","embeddable":true,"href":"https:\/\/www.pricetornado.com\/da\/wp-json\/wp\/v2\/product_tag?post=447849"}],"curies":[{"name":"wp","href":"https:\/\/api.w.org\/{rel}","templated":true}]}}