{"id":447841,"date":"2025-02-25T04:58:39","date_gmt":"2025-02-25T03:58:39","guid":{"rendered":"https:\/\/www.pricetornado.com\/da\/produkt\/philips-ultinon-pro9000-hl-led-h1\/"},"modified":"2026-05-09T13:10:24","modified_gmt":"2026-05-09T11:10:24","slug":"philips-ultinon-pro9000-hl-led-h1","status":"publish","type":"product","link":"https:\/\/www.pricetornado.com\/da\/produkt\/philips-ultinon-pro9000-hl-led-h1\/","title":{"rendered":"Philips Ultinon Pro9000 HL LED H1"},"content":{"rendered":"<p>K\u00f8b billig Philips Ultinon Pro9000 HL LED H1!<br \/>\nPhilips Ultinon Pro9000 HL LED H1 er det ideelle valg til bilister, der \u00f8nsker maksimal synlighed og sikkerhed p\u00e5 vejen. Med op til 250 % kraftigere lys end lovens mindstekrav for halogenp\u00e6rer f\u00e5r du en markant bedre belysning og optimal ydeevne. Den avancerede Lumileds TopContact LED-teknologi sikrer et k\u00f8ligt hvidt lys med en farvetemperatur p\u00e5 op til 5800 kelvin, hvilket er behageligt for \u00f8jnene under nattek\u00f8rsel.Det kompakte alt-i-et design med integreret driver g\u00f8r Philips Ultinon Pro9000 nem at installere i de fleste k\u00f8ret\u00f8jer \u2013 og den robuste konstruktion sikrer h\u00f8j ydeevne. Den indbyggede AirBoost og AirCool varmeh\u00e5ndtering forl\u00e6nger levetiden til op til 5.000 timer og sikrer, at p\u00e6ren er driftssikker selv under kr\u00e6vende forhold.Philips Ultinon Pro9000 sikrer en pr\u00e6cis lys-\/m\u00f8rkegr\u00e6nse, s\u00e5 lyset rammer vejen d\u00e9r, hvor du har mest brug for det \u2013 uden at bl\u00e6nde modk\u00f8rende trafikanter. Den h\u00f8je kvalitet og holdbarhed im\u00f8dekommer kravene fra moderne bilister og sikrer tryghed og komfort, hver gang du k\u00f8rer.Opgrader dine forlygter med Philips Ultinon Pro9000 HL LED H1 og oplev kompromisl\u00f8s synlighed, enkel montering og langtidsholdbar ydeevne.<\/p>\n<p>Sammenlign priser p\u00e5 Philips Ultinon Pro9000 HL LED H1 og k\u00f8b online til den billigste pris, samt p\u00e5 tilbud!\u00a0\u00a0Tjek den bedste pris, produkt beskrivelse, video, test, anmeldelser osv.<\/p>\n<p><strong>Brand: <\/strong>Philips<br \/>\n<strong>EAN: <\/strong>8719018007148<br \/>\n<strong>Producentens varenr.:<\/strong> 8719018007148<\/p>\n<p><strong>P.S.<\/strong><br \/>\nTilmeld dig til &#8220;Opret Gratis Prisfald Alarm&#8221;, og bliv underrettet med det samme om prisfald p\u00e5 Philips Ultinon Pro9000 HL LED H1, og f\u00e5 den billigste pris!<\/p>\n<p>&nbsp;<\/p>\n<p>&nbsp;<\/p>\n","protected":false},"excerpt":{"rendered":"<p>K\u00f8b billig Philips Ultinon Pro9000 HL LED H1! Philips Ultinon Pro9000 HL LED H1 er det ideelle valg til bilister, der \u00f8nsker maksimal synlighed og sikkerhed p\u00e5 vejen. Med op til 250 % kraftigere lys end lovens mindstekrav for halogenp\u00e6rer f\u00e5r du en markant bedre belysning og optimal ydeevne. Den avancerede Lumileds TopContact LED-teknologi sikrer [&hellip;]<\/p>\n","protected":false},"featured_media":999980000004478410,"template":"","meta":[],"store":[1272516],"product_brand":[1272519],"product_cat":[1272407],"product_tag":[1272697,1275180],"class_list":{"0":"post-447841","1":"product","2":"type-product","3":"status-publish","4":"has-post-thumbnail","6":"store-butik24","7":"product_brand-philips","8":"product_cat-belysning-2","9":"product_tag-belysning","10":"product_tag-philips","11":"pa_maerke-philips","13":"first","14":"instock","15":"product-type-external"},"_links":{"self":[{"href":"https:\/\/www.pricetornado.com\/da\/wp-json\/wp\/v2\/product\/447841","targetHints":{"allow":["GET"]}}],"collection":[{"href":"https:\/\/www.pricetornado.com\/da\/wp-json\/wp\/v2\/product"}],"about":[{"href":"https:\/\/www.pricetornado.com\/da\/wp-json\/wp\/v2\/types\/product"}],"wp:featuredmedia":[{"embeddable":true,"href":"https:\/\/www.pricetornado.com\/da\/wp-json\/"}],"wp:attachment":[{"href":"https:\/\/www.pricetornado.com\/da\/wp-json\/wp\/v2\/media?parent=447841"}],"wp:term":[{"taxonomy":"store","embeddable":true,"href":"https:\/\/www.pricetornado.com\/da\/wp-json\/wp\/v2\/store?post=447841"},{"taxonomy":"product_brand","embeddable":true,"href":"https:\/\/www.pricetornado.com\/da\/wp-json\/wp\/v2\/product_brand?post=447841"},{"taxonomy":"product_cat","embeddable":true,"href":"https:\/\/www.pricetornado.com\/da\/wp-json\/wp\/v2\/product_cat?post=447841"},{"taxonomy":"product_tag","embeddable":true,"href":"https:\/\/www.pricetornado.com\/da\/wp-json\/wp\/v2\/product_tag?post=447841"}],"curies":[{"name":"wp","href":"https:\/\/api.w.org\/{rel}","templated":true}]}}