{"id":447840,"date":"2025-02-21T17:49:07","date_gmt":"2025-02-21T16:49:07","guid":{"rendered":"https:\/\/www.pricetornado.com\/da\/produkt\/nedis-kasc110rd-koekkenvaegt\/"},"modified":"2026-04-20T11:00:32","modified_gmt":"2026-04-20T09:00:32","slug":"nedis-kasc110rd-koekkenvaegt","status":"publish","type":"product","link":"https:\/\/www.pricetornado.com\/da\/produkt\/nedis-kasc110rd-koekkenvaegt\/","title":{"rendered":"Nedis KASC110RD K\u00f8kkenv\u00e6gt"},"content":{"rendered":"<p>K\u00f8b billig Nedis KASC110RD K\u00f8kkenv\u00e6gt!<br \/>\nOplev denne analoge retro k\u00f8kkenv\u00e6gt med et tidl\u00f8st design, der kombinerer enkel betjening og holdbarhed. V\u00e6gten har en maksimal kapacitet p\u00e5 5 kg, hvilket g\u00f8r den ideel til at m\u00e5le alle typer ingredienser til madlavning og bagning. Den robuste konstruktion og brugen af rustfrit st\u00e5l sikrer b\u00e5de lang levetid og et stilrent udtryk p\u00e5 k\u00f8kkenbordet.Den aftagelige sk\u00e5l i rustfrit st\u00e5l er nem at tage af og reng\u00f8re, hvilket g\u00f8r v\u00e6gten praktisk i daglig brug. Med et kompakt format p\u00e5 210 mm i h\u00f8jde og dybde fylder v\u00e6gten minimalt og er nem at opbevare, n\u00e5r den ikke er i brug. Det analoge mekaniske system betyder, at du slipper for batterier og elektronik, hvilket \u00f8ger p\u00e5lideligheden og levetiden betydeligt.Med denne retro k\u00f8kkenv\u00e6gt f\u00e5r du en driftssikker l\u00f8sning til pr\u00e6cis afm\u00e5ling i mange \u00e5r frem. Dens klassiske udseende og solide materialer g\u00f8r den til et b\u00e5de funktionelt og dekorativt redskab til dit hjem. til dit k\u00f8kken.<\/p>\n<p>Sammenlign priser p\u00e5 Nedis KASC110RD K\u00f8kkenv\u00e6gt og k\u00f8b online til den billigste pris, samt p\u00e5 tilbud!\u00a0\u00a0Tjek den bedste pris, produkt beskrivelse, video, test, anmeldelser osv.<\/p>\n<p><strong>Brand: <\/strong>Nedis<br \/>\n<strong>EAN: <\/strong>5412810286652<br \/>\n<strong>Producentens varenr.:<\/strong> 5412810286652<\/p>\n<p><strong>P.S.<\/strong><br \/>\nTilmeld dig til &#8220;Opret Gratis Prisfald Alarm&#8221;, og bliv underrettet med det samme om prisfald p\u00e5 Nedis KASC110RD K\u00f8kkenv\u00e6gt, og f\u00e5 den billigste pris!<\/p>\n<p>&nbsp;<\/p>\n<p>&nbsp;<\/p>\n","protected":false},"excerpt":{"rendered":"<p>K\u00f8b billig Nedis KASC110RD K\u00f8kkenv\u00e6gt! Oplev denne analoge retro k\u00f8kkenv\u00e6gt med et tidl\u00f8st design, der kombinerer enkel betjening og holdbarhed. V\u00e6gten har en maksimal kapacitet p\u00e5 5 kg, hvilket g\u00f8r den ideel til at m\u00e5le alle typer ingredienser til madlavning og bagning. Den robuste konstruktion og brugen af rustfrit st\u00e5l sikrer b\u00e5de lang levetid og [&hellip;]<\/p>\n","protected":false},"featured_media":999980000004478400,"template":"","meta":[],"store":[1272516],"product_brand":[1272517],"product_cat":[1272415],"product_tag":[1272724,1275178],"class_list":{"0":"post-447840","1":"product","2":"type-product","3":"status-publish","4":"has-post-thumbnail","6":"store-butik24","7":"product_brand-nedis","8":"product_cat-husholdning","9":"product_tag-husholdning","10":"product_tag-nedis","11":"pa_maerke-nedis","13":"first","14":"instock","15":"product-type-external"},"_links":{"self":[{"href":"https:\/\/www.pricetornado.com\/da\/wp-json\/wp\/v2\/product\/447840","targetHints":{"allow":["GET"]}}],"collection":[{"href":"https:\/\/www.pricetornado.com\/da\/wp-json\/wp\/v2\/product"}],"about":[{"href":"https:\/\/www.pricetornado.com\/da\/wp-json\/wp\/v2\/types\/product"}],"wp:featuredmedia":[{"embeddable":true,"href":"https:\/\/www.pricetornado.com\/da\/wp-json\/"}],"wp:attachment":[{"href":"https:\/\/www.pricetornado.com\/da\/wp-json\/wp\/v2\/media?parent=447840"}],"wp:term":[{"taxonomy":"store","embeddable":true,"href":"https:\/\/www.pricetornado.com\/da\/wp-json\/wp\/v2\/store?post=447840"},{"taxonomy":"product_brand","embeddable":true,"href":"https:\/\/www.pricetornado.com\/da\/wp-json\/wp\/v2\/product_brand?post=447840"},{"taxonomy":"product_cat","embeddable":true,"href":"https:\/\/www.pricetornado.com\/da\/wp-json\/wp\/v2\/product_cat?post=447840"},{"taxonomy":"product_tag","embeddable":true,"href":"https:\/\/www.pricetornado.com\/da\/wp-json\/wp\/v2\/product_tag?post=447840"}],"curies":[{"name":"wp","href":"https:\/\/api.w.org\/{rel}","templated":true}]}}