{"id":447837,"date":"2025-02-23T15:35:12","date_gmt":"2025-02-23T14:35:12","guid":{"rendered":"https:\/\/www.pricetornado.com\/da\/produkt\/nedis-kaip112cbk2-induktionskogeplade-med-2-zoner\/"},"modified":"2026-04-17T10:00:19","modified_gmt":"2026-04-17T08:00:19","slug":"nedis-kaip112cbk2-induktionskogeplade-med-2-zoner","status":"publish","type":"product","link":"https:\/\/www.pricetornado.com\/da\/produkt\/nedis-kaip112cbk2-induktionskogeplade-med-2-zoner\/","title":{"rendered":"Nedis KAIP112CBK2 Induktionskogeplade med 2 zoner"},"content":{"rendered":"<p>K\u00f8b billig Nedis KAIP112CBK2 Induktionskogeplade med 2 zoner!<br \/>\nDenne moderne induktionskogeplade fra Nedis leverer h\u00f8j ydeevne med sine to uafh\u00e6ngigt kontrollerbare zoner p\u00e5 hver 22 cm i diameter. De 8 temperaturindstillinger fra 60 \u00b0C til 240 \u00b0C og 8 effekttrin giver dig fuld kontrol over madlavningen \u2013 uanset om du skal opvarme, stege, dybstege eller wokke. Den store kapacitet og tydelige kontrolpanel g\u00f8r det nemt og hurtigt at tilberede l\u00e6kre m\u00e5ltider.Kogepladens overflade best\u00e5r af en A-klasse krystalglasplade, som er b\u00e5de robust, ridsefast og nem at reng\u00f8re. Kombinationen af plastik og glas i konstruktionen sikrer let v\u00e6gt og slidstyrke, mens den glatte overflade mindsker vedligeholdelsen.Den brugervenlige touch-kontrol med LCD-display g\u00f8r det enkelt at v\u00e6lge temperatur, effekttrin og indstille den smarte timerfunktion, som kan programmeres op til 180 minutter. Funktionen til pr\u00e6cis timing g\u00f8r det let at tilberede alle slags retter efter behov.Kogepladen er udstyret med overhedningsbeskyttelse, der automatisk slukker enheden ved for h\u00f8je temperaturer. Anti-skid f\u00f8dder p\u00e5 undersiden sikrer stabilitet og minimerer risikoen for at apparatet glider under brug.Med en v\u00e6gt p\u00e5 blot 4,76 kg og m\u00e5l p\u00e5 400 x 680 x 60 mm er induktionskogepladen let at flytte efter behov og ideel til b\u00e5de hjemmek\u00f8kkenet eller steder med begr\u00e6nset plads. og v\u00e6lg det rigtige udstyr til din madlavning.<\/p>\n<p>Sammenlign priser p\u00e5 Nedis KAIP112CBK2 Induktionskogeplade med 2 zoner og k\u00f8b online til den billigste pris, samt p\u00e5 tilbud!\u00a0\u00a0Tjek den bedste pris, produkt beskrivelse, video, test, anmeldelser osv.<\/p>\n<p><strong>Brand: <\/strong>Nedis<br \/>\n<strong>EAN: <\/strong>5412810268276<br \/>\n<strong>Producentens varenr.:<\/strong> 5412810268276<\/p>\n<p><strong>P.S.<\/strong><br \/>\nTilmeld dig til &#8220;Opret Gratis Prisfald Alarm&#8221;, og bliv underrettet med det samme om prisfald p\u00e5 Nedis KAIP112CBK2 Induktionskogeplade med 2 zoner, og f\u00e5 den billigste pris!<\/p>\n<p>&nbsp;<\/p>\n<p>&nbsp;<\/p>\n","protected":false},"excerpt":{"rendered":"<p>K\u00f8b billig Nedis KAIP112CBK2 Induktionskogeplade med 2 zoner! Denne moderne induktionskogeplade fra Nedis leverer h\u00f8j ydeevne med sine to uafh\u00e6ngigt kontrollerbare zoner p\u00e5 hver 22 cm i diameter. De 8 temperaturindstillinger fra 60 \u00b0C til 240 \u00b0C og 8 effekttrin giver dig fuld kontrol over madlavningen \u2013 uanset om du skal opvarme, stege, dybstege eller [&hellip;]<\/p>\n","protected":false},"featured_media":999980000004478370,"template":"","meta":[],"store":[1272516],"product_brand":[1272517],"product_cat":[1272461],"product_tag":[1272817,1275178],"class_list":{"0":"post-447837","1":"product","2":"type-product","3":"status-publish","4":"has-post-thumbnail","6":"store-butik24","7":"product_brand-nedis","8":"product_cat-hjemmet","9":"product_tag-hjemmet","10":"product_tag-nedis","11":"pa_maerke-nedis","13":"first","14":"instock","15":"product-type-external"},"_links":{"self":[{"href":"https:\/\/www.pricetornado.com\/da\/wp-json\/wp\/v2\/product\/447837","targetHints":{"allow":["GET"]}}],"collection":[{"href":"https:\/\/www.pricetornado.com\/da\/wp-json\/wp\/v2\/product"}],"about":[{"href":"https:\/\/www.pricetornado.com\/da\/wp-json\/wp\/v2\/types\/product"}],"wp:featuredmedia":[{"embeddable":true,"href":"https:\/\/www.pricetornado.com\/da\/wp-json\/"}],"wp:attachment":[{"href":"https:\/\/www.pricetornado.com\/da\/wp-json\/wp\/v2\/media?parent=447837"}],"wp:term":[{"taxonomy":"store","embeddable":true,"href":"https:\/\/www.pricetornado.com\/da\/wp-json\/wp\/v2\/store?post=447837"},{"taxonomy":"product_brand","embeddable":true,"href":"https:\/\/www.pricetornado.com\/da\/wp-json\/wp\/v2\/product_brand?post=447837"},{"taxonomy":"product_cat","embeddable":true,"href":"https:\/\/www.pricetornado.com\/da\/wp-json\/wp\/v2\/product_cat?post=447837"},{"taxonomy":"product_tag","embeddable":true,"href":"https:\/\/www.pricetornado.com\/da\/wp-json\/wp\/v2\/product_tag?post=447837"}],"curies":[{"name":"wp","href":"https:\/\/api.w.org\/{rel}","templated":true}]}}