{"id":447836,"date":"2025-02-21T00:46:08","date_gmt":"2025-02-20T23:46:08","guid":{"rendered":"https:\/\/www.pricetornado.com\/da\/produkt\/scanpan-22-cm-bagepensel-karboniseret-ask\/"},"modified":"2026-04-17T10:00:30","modified_gmt":"2026-04-17T08:00:30","slug":"scanpan-22-cm-bagepensel-karboniseret-ask","status":"publish","type":"product","link":"https:\/\/www.pricetornado.com\/da\/produkt\/scanpan-22-cm-bagepensel-karboniseret-ask\/","title":{"rendered":"Scanpan 22 cm Bagepensel &#8211; Karboniseret Ask"},"content":{"rendered":"<p>K\u00f8b billig Scanpan 22 cm Bagepensel &#8211; Karboniseret Ask!<br \/>\nOpgrader dine bageopgaver med Scanpans 22 cm bagepensel, der er designet til b\u00e5de funktionalitet og holdbarhed. Bagepenslens greb er fremstillet af karboniseret ask i en smuk, varm og gylden farve, mens hovedet er i mat, m\u00f8rkegr\u00e5 silikone, der er b\u00e5de slidst\u00e6rkt og kan t\u00e5le temperaturer op til 230\u00b0C.Bagepenslen har et aftageligt silikonehoved, hvilket g\u00f8r reng\u00f8ringen enkel og grundig. Med denne praktiske funktion er det nemt at vedligeholde penslen, s\u00e5 den holder l\u00e6ngere og altid er klar til brug.Scanpans bagepensel er det ideelle valg til de fleste bageopgaver i k\u00f8kkenet og supplerer dine \u00f8vrige k\u00f8kkenredskaber perfekt. Se ogs\u00e5 vores udvalg af , for at fuldende dit k\u00f8kkenudstyr.<\/p>\n<p>Sammenlign priser p\u00e5 Scanpan 22 cm Bagepensel &#8211; Karboniseret Ask og k\u00f8b online til den billigste pris, samt p\u00e5 tilbud!\u00a0\u00a0Tjek den bedste pris, produkt beskrivelse, video, test, anmeldelser osv.<\/p>\n<p><strong>Brand: <\/strong>Scanpan<br \/>\n<strong>EAN: <\/strong>083421207401<br \/>\n<strong>Producentens varenr.:<\/strong> 083421207401<\/p>\n<p><strong>P.S.<\/strong><br \/>\nTilmeld dig til &#8220;Opret Gratis Prisfald Alarm&#8221;, og bliv underrettet med det samme om prisfald p\u00e5 Scanpan 22 cm Bagepensel &#8211; Karboniseret Ask, og f\u00e5 den billigste pris!<\/p>\n<p>&nbsp;<\/p>\n<p>&nbsp;<\/p>\n","protected":false},"excerpt":{"rendered":"<p>K\u00f8b billig Scanpan 22 cm Bagepensel &#8211; Karboniseret Ask! Opgrader dine bageopgaver med Scanpans 22 cm bagepensel, der er designet til b\u00e5de funktionalitet og holdbarhed. Bagepenslens greb er fremstillet af karboniseret ask i en smuk, varm og gylden farve, mens hovedet er i mat, m\u00f8rkegr\u00e5 silikone, der er b\u00e5de slidst\u00e6rkt og kan t\u00e5le temperaturer op [&hellip;]<\/p>\n","protected":false},"featured_media":999980000004478360,"template":"","meta":[],"store":[1272516],"product_brand":[1272521],"product_cat":[1272410],"product_tag":[1272681,1275184],"class_list":{"0":"post-447836","1":"product","2":"type-product","3":"status-publish","4":"has-post-thumbnail","6":"store-butik24","7":"product_brand-scanpan","8":"product_cat-koekkengrej","9":"product_tag-koekkengrej","10":"product_tag-scanpan","11":"pa_maerke-scanpan","13":"first","14":"instock","15":"product-type-external"},"_links":{"self":[{"href":"https:\/\/www.pricetornado.com\/da\/wp-json\/wp\/v2\/product\/447836","targetHints":{"allow":["GET"]}}],"collection":[{"href":"https:\/\/www.pricetornado.com\/da\/wp-json\/wp\/v2\/product"}],"about":[{"href":"https:\/\/www.pricetornado.com\/da\/wp-json\/wp\/v2\/types\/product"}],"wp:featuredmedia":[{"embeddable":true,"href":"https:\/\/www.pricetornado.com\/da\/wp-json\/"}],"wp:attachment":[{"href":"https:\/\/www.pricetornado.com\/da\/wp-json\/wp\/v2\/media?parent=447836"}],"wp:term":[{"taxonomy":"store","embeddable":true,"href":"https:\/\/www.pricetornado.com\/da\/wp-json\/wp\/v2\/store?post=447836"},{"taxonomy":"product_brand","embeddable":true,"href":"https:\/\/www.pricetornado.com\/da\/wp-json\/wp\/v2\/product_brand?post=447836"},{"taxonomy":"product_cat","embeddable":true,"href":"https:\/\/www.pricetornado.com\/da\/wp-json\/wp\/v2\/product_cat?post=447836"},{"taxonomy":"product_tag","embeddable":true,"href":"https:\/\/www.pricetornado.com\/da\/wp-json\/wp\/v2\/product_tag?post=447836"}],"curies":[{"name":"wp","href":"https:\/\/api.w.org\/{rel}","templated":true}]}}