{"id":447833,"date":"2025-02-24T15:33:59","date_gmt":"2025-02-24T14:33:59","guid":{"rendered":"https:\/\/www.pricetornado.com\/da\/produkt\/philips-tah6005bk-10-traadloese-over-ear-tv-hovedtelefoner\/"},"modified":"2026-04-17T08:19:52","modified_gmt":"2026-04-17T06:19:52","slug":"philips-tah6005bk-10-traadloese-over-ear-tv-hovedtelefoner","status":"publish","type":"product","link":"https:\/\/www.pricetornado.com\/da\/produkt\/philips-tah6005bk-10-traadloese-over-ear-tv-hovedtelefoner\/","title":{"rendered":"Philips TAH6005BK\/10 Tr\u00e5dl\u00f8se Over-Ear TV-hovedtelefoner"},"content":{"rendered":"<p>K\u00f8b billig Philips TAH6005BK\/10 Tr\u00e5dl\u00f8se Over-Ear TV-hovedtelefoner!<br \/>\nOplev fantastisk lyd til dine yndlingsprogrammer, film og serier uden at forstyrre andre i hjemmet med Philips TAH6005BK\/10 tr\u00e5dl\u00f8se over-ear hovedtelefoner. De leverer klar lyd med fyldig bas og benytter en automatisk indstillet FM-tr\u00e5dl\u00f8s forbindelse, som sikrer stabil, forsinkelsesfri lyd. Med en imponerende tr\u00e5dl\u00f8s r\u00e6kkevidde p\u00e5 op til 100 meter kan du bev\u00e6ge dig frit rundt i dit hjem, mens du stadig nyder underholdningen.Denne model er skabt til langvarig komfort med en let konstruktion, justerbar og polstret hovedb\u00f8jle samt justerbare \u00f8repuder. Over-ear-designet og de bl\u00f8de \u00f8repuder af kunstl\u00e6der giver effektiv passiv st\u00f8jisolering, der b\u00e5de reducerer baggrundsst\u00f8j og forhindrer, at lyd siver ud \u2013 perfekt til f\u00e6llesarealer eller hvis du \u00f8nsker fuld fordybelse.To genopladelige AAA-batterier giver op til 18 timers spilletid pr. opladningMed Philips TAH6005BK\/10 f\u00e5r du frihed til at bev\u00e6ge dig rundt, langvarig lyttekomfort og en brugervenlig tr\u00e5dl\u00f8s l\u00f8sning til dit TV og underholdning i hjemmet. Se hele vores udvalg fra her p\u00e5 Butik24.<\/p>\n<p>Sammenlign priser p\u00e5 Philips TAH6005BK\/10 Tr\u00e5dl\u00f8se Over-Ear TV-hovedtelefoner og k\u00f8b online til den billigste pris, samt p\u00e5 tilbud!\u00a0\u00a0Tjek den bedste pris, produkt beskrivelse, video, test, anmeldelser osv.<\/p>\n<p><strong>Brand: <\/strong>Philips<br \/>\n<strong>EAN: <\/strong>4895229111219<br \/>\n<strong>Producentens varenr.:<\/strong> 4895229111219<\/p>\n<p><strong>P.S.<\/strong><br \/>\nTilmeld dig til &#8220;Opret Gratis Prisfald Alarm&#8221;, og bliv underrettet med det samme om prisfald p\u00e5 Philips TAH6005BK\/10 Tr\u00e5dl\u00f8se Over-Ear TV-hovedtelefoner, og f\u00e5 den billigste pris!<\/p>\n<p>&nbsp;<\/p>\n<p>&nbsp;<\/p>\n","protected":false},"excerpt":{"rendered":"<p>K\u00f8b billig Philips TAH6005BK\/10 Tr\u00e5dl\u00f8se Over-Ear TV-hovedtelefoner! Oplev fantastisk lyd til dine yndlingsprogrammer, film og serier uden at forstyrre andre i hjemmet med Philips TAH6005BK\/10 tr\u00e5dl\u00f8se over-ear hovedtelefoner. De leverer klar lyd med fyldig bas og benytter en automatisk indstillet FM-tr\u00e5dl\u00f8s forbindelse, som sikrer stabil, forsinkelsesfri lyd. Med en imponerende tr\u00e5dl\u00f8s r\u00e6kkevidde p\u00e5 op til [&hellip;]<\/p>\n","protected":false},"featured_media":999980000004478330,"template":"","meta":[],"store":[1272516],"product_brand":[1272519],"product_cat":[1272434],"product_tag":[1272843,1275180],"class_list":{"0":"post-447833","1":"product","2":"type-product","3":"status-publish","4":"has-post-thumbnail","6":"store-butik24","7":"product_brand-philips","8":"product_cat-hovedtelefoner","9":"product_tag-hovedtelefoner","10":"product_tag-philips","11":"pa_maerke-philips","13":"first","14":"instock","15":"product-type-external"},"_links":{"self":[{"href":"https:\/\/www.pricetornado.com\/da\/wp-json\/wp\/v2\/product\/447833","targetHints":{"allow":["GET"]}}],"collection":[{"href":"https:\/\/www.pricetornado.com\/da\/wp-json\/wp\/v2\/product"}],"about":[{"href":"https:\/\/www.pricetornado.com\/da\/wp-json\/wp\/v2\/types\/product"}],"wp:featuredmedia":[{"embeddable":true,"href":"https:\/\/www.pricetornado.com\/da\/wp-json\/"}],"wp:attachment":[{"href":"https:\/\/www.pricetornado.com\/da\/wp-json\/wp\/v2\/media?parent=447833"}],"wp:term":[{"taxonomy":"store","embeddable":true,"href":"https:\/\/www.pricetornado.com\/da\/wp-json\/wp\/v2\/store?post=447833"},{"taxonomy":"product_brand","embeddable":true,"href":"https:\/\/www.pricetornado.com\/da\/wp-json\/wp\/v2\/product_brand?post=447833"},{"taxonomy":"product_cat","embeddable":true,"href":"https:\/\/www.pricetornado.com\/da\/wp-json\/wp\/v2\/product_cat?post=447833"},{"taxonomy":"product_tag","embeddable":true,"href":"https:\/\/www.pricetornado.com\/da\/wp-json\/wp\/v2\/product_tag?post=447833"}],"curies":[{"name":"wp","href":"https:\/\/api.w.org\/{rel}","templated":true}]}}