{"id":447831,"date":"2025-02-27T05:27:20","date_gmt":"2025-02-27T04:27:20","guid":{"rendered":"https:\/\/www.pricetornado.com\/da\/produkt\/ledinaire-projektoer-gen2-lille-bvp154-led-1050lm-840-10w-meget-bredstraalende-vwb\/"},"modified":"2026-04-20T09:20:26","modified_gmt":"2026-04-20T07:20:26","slug":"ledinaire-projektoer-gen2-lille-bvp154-led-1050lm-840-10w-meget-bredstraalende-vwb","status":"publish","type":"product","link":"https:\/\/www.pricetornado.com\/da\/produkt\/ledinaire-projektoer-gen2-lille-bvp154-led-1050lm-840-10w-meget-bredstraalende-vwb\/","title":{"rendered":"Ledinaire Projekt\u00f8r Gen2 Lille BVP154 LED 1050lm\/840 10W Meget bredstr\u00e5lende (VWB)"},"content":{"rendered":"<p>K\u00f8b billig Ledinaire Projekt\u00f8r Gen2 Lille BVP154 LED 1050lm\/840 10W Meget bredstr\u00e5lende (VWB)!<br \/>\nLevetid: 50.000 timer L70Lyskildetype: LED Ledinaire Projekt\u00f8r er en energieffektiv, professionel og budgetvenlig LED-projekt\u00f8r til bl.a. udend\u00f8rsbelysning, beboelsesomr\u00e5der og industri. Ledinaire Projekt\u00f8r-serien er energibesparende, har lang levetid og er nem at installere. Den nye Ledinaire Projekt\u00f8r f\u00e5s nu i versioner med 3000 Kelvin, og asymmetrisk fordeling af lyset. &#8211; Mange anvendelsesomr\u00e5der med et lysudbytte fra 1.000 lm og op til 21.000 lm &#8211; Versioner i varm hvid (3.000 K) og neutral hvid (4.000 K) &#8211; Lang levetid p\u00e5 50.000 timer<\/p>\n<p>Sammenlign priser p\u00e5 Ledinaire Projekt\u00f8r Gen2 Lille BVP154 LED 1050lm\/840 10W Meget bredstr\u00e5lende (VWB) og k\u00f8b online til den billigste pris, samt p\u00e5 tilbud!\u00a0\u00a0Tjek den bedste pris, produkt beskrivelse, video, test, anmeldelser osv.<\/p>\n<p><strong>Brand: <\/strong>Philips<br \/>\n<strong>EAN: <\/strong>8710163329710<br \/>\n<strong>Producentens varenr.:<\/strong> 8710163329710<\/p>\n<p><strong>P.S.<\/strong><br \/>\nTilmeld dig til &#8220;Opret Gratis Prisfald Alarm&#8221;, og bliv underrettet med det samme om prisfald p\u00e5 Ledinaire Projekt\u00f8r Gen2 Lille BVP154 LED 1050lm\/840 10W Meget bredstr\u00e5lende (VWB), og f\u00e5 den billigste pris!<\/p>\n<p>&nbsp;<\/p>\n<p>&nbsp;<\/p>\n","protected":false},"excerpt":{"rendered":"<p>K\u00f8b billig Ledinaire Projekt\u00f8r Gen2 Lille BVP154 LED 1050lm\/840 10W Meget bredstr\u00e5lende (VWB)! Levetid: 50.000 timer L70Lyskildetype: LED Ledinaire Projekt\u00f8r er en energieffektiv, professionel og budgetvenlig LED-projekt\u00f8r til bl.a. udend\u00f8rsbelysning, beboelsesomr\u00e5der og industri. Ledinaire Projekt\u00f8r-serien er energibesparende, har lang levetid og er nem at installere. Den nye Ledinaire Projekt\u00f8r f\u00e5s nu i versioner med 3000 [&hellip;]<\/p>\n","protected":false},"featured_media":999980000004478310,"template":"","meta":[],"store":[1272516],"product_brand":[1272519],"product_cat":[1272407],"product_tag":[1272697,1275180],"class_list":{"0":"post-447831","1":"product","2":"type-product","3":"status-publish","4":"has-post-thumbnail","6":"store-butik24","7":"product_brand-philips","8":"product_cat-belysning-2","9":"product_tag-belysning","10":"product_tag-philips","11":"pa_maerke-philips","13":"first","14":"instock","15":"product-type-external"},"_links":{"self":[{"href":"https:\/\/www.pricetornado.com\/da\/wp-json\/wp\/v2\/product\/447831","targetHints":{"allow":["GET"]}}],"collection":[{"href":"https:\/\/www.pricetornado.com\/da\/wp-json\/wp\/v2\/product"}],"about":[{"href":"https:\/\/www.pricetornado.com\/da\/wp-json\/wp\/v2\/types\/product"}],"wp:featuredmedia":[{"embeddable":true,"href":"https:\/\/www.pricetornado.com\/da\/wp-json\/"}],"wp:attachment":[{"href":"https:\/\/www.pricetornado.com\/da\/wp-json\/wp\/v2\/media?parent=447831"}],"wp:term":[{"taxonomy":"store","embeddable":true,"href":"https:\/\/www.pricetornado.com\/da\/wp-json\/wp\/v2\/store?post=447831"},{"taxonomy":"product_brand","embeddable":true,"href":"https:\/\/www.pricetornado.com\/da\/wp-json\/wp\/v2\/product_brand?post=447831"},{"taxonomy":"product_cat","embeddable":true,"href":"https:\/\/www.pricetornado.com\/da\/wp-json\/wp\/v2\/product_cat?post=447831"},{"taxonomy":"product_tag","embeddable":true,"href":"https:\/\/www.pricetornado.com\/da\/wp-json\/wp\/v2\/product_tag?post=447831"}],"curies":[{"name":"wp","href":"https:\/\/api.w.org\/{rel}","templated":true}]}}