{"id":447830,"date":"2025-02-25T05:06:56","date_gmt":"2025-02-25T04:06:56","guid":{"rendered":"https:\/\/www.pricetornado.com\/da\/produkt\/nedis-btsm1gy-smartlife-jordfugtmaaler-bluetooth-batteri-ip55-0-100-android-ios\/"},"modified":"2026-04-01T01:19:13","modified_gmt":"2026-03-31T23:19:13","slug":"nedis-btsm1gy-smartlife-jordfugtmaaler-bluetooth-batteri-ip55-0-100-android-ios","status":"publish","type":"product","link":"https:\/\/www.pricetornado.com\/da\/produkt\/nedis-btsm1gy-smartlife-jordfugtmaaler-bluetooth-batteri-ip55-0-100-android-ios\/","title":{"rendered":"Nedis BTSM1GY SmartLife Jordfugtm\u00e5ler Bluetooth\u00ae | Batteri | IP55 | 0 &#8211; 100 % | Android\u2122 \/ IOS"},"content":{"rendered":"<p>K\u00f8b billig Nedis BTSM1GY SmartLife Jordfugtm\u00e5ler Bluetooth\u00ae | Batteri | IP55 | 0 &#8211; 100 % | Android\u2122 \/ IOS!<br \/>\nNedis Bluetooth Smart Sensor giver dig optimale betingelser for dine planter og g\u00f8r det nemt at skabe det perfekte milj\u00f8 \u2013 b\u00e5de ude og inde. Sensoren m\u00e5ler b\u00e5de jordfugtighed og omgivelsestemperatur direkte ved plantens r\u00f8dder, s\u00e5 du altid f\u00e5r pr\u00e6cise data til vanding og pleje. Med denne smarte m\u00e5ler elimineres g\u00e6tterier, og du f\u00e5r komplet kontrol over dine planters trivsel.Sensoren forbinder tr\u00e5dl\u00f8st via Bluetooth og overf\u00f8rer m\u00e5linger i realtid til Nedis SmartLife-appen, s\u00e5 du nemt kan monitorere planterne via din smartphone \u2013 uanset om du er hjemme eller v\u00e6k. Du kan endda ops\u00e6tte automatiserede tidsplaner og styre sensoren i samspil med andre SmartLife-produkter. Bem\u00e6rk, at integrationen af automatisering kr\u00e6ver en Nedis gateway WIFIZBT10CWT (s\u00e6lges separat).Sensoren er konstrueret med IP55-certificering, hvilket beskytter mod st\u00f8vindtr\u00e6ngning og vandstr\u00e5ler \u2013 perfekt til b\u00e5de udend\u00f8rs og indend\u00f8rs brug, ogs\u00e5 under skiftende vejrforhold. Enheden drives af 3 AAA-batterier (medf\u00f8lger ikke) og takket v\u00e6re Bluetooth Low Energy-teknologi kan sensoren fungere i op til 12 m\u00e5neder f\u00f8r batteriskift, hvilket sikrer minimal vedligeholdelse og maksimal bekvemmelighed.* Kr\u00e6ver Nedis gateway WIFIZBT10CWT, som s\u00e6lges separat.. Giv dine planter de optimale v\u00e6kstbetingelser \u2013 enkelt, bekvemt og effektivt.<\/p>\n<p>Sammenlign priser p\u00e5 Nedis BTSM1GY SmartLife Jordfugtm\u00e5ler Bluetooth\u00ae | Batteri | IP55 | 0 &#8211; 100 % | Android\u2122 \/ IOS og k\u00f8b online til den billigste pris, samt p\u00e5 tilbud!\u00a0\u00a0Tjek den bedste pris, produkt beskrivelse, video, test, anmeldelser osv.<\/p>\n<p><strong>Brand: <\/strong>NEDIS<br \/>\n<strong>EAN: <\/strong>5412810451692<br \/>\n<strong>Producentens varenr.:<\/strong> 5412810451692<\/p>\n<p><strong>P.S.<\/strong><br \/>\nTilmeld dig til &#8220;Opret Gratis Prisfald Alarm&#8221;, og bliv underrettet med det samme om prisfald p\u00e5 Nedis BTSM1GY SmartLife Jordfugtm\u00e5ler Bluetooth\u00ae | Batteri | IP55 | 0 &#8211; 100 % | Android\u2122 \/ IOS, og f\u00e5 den billigste pris!<\/p>\n<p>&nbsp;<\/p>\n<p>&nbsp;<\/p>\n","protected":false},"excerpt":{"rendered":"<p>K\u00f8b billig Nedis BTSM1GY SmartLife Jordfugtm\u00e5ler Bluetooth\u00ae | Batteri | IP55 | 0 &#8211; 100 % | Android\u2122 \/ IOS! Nedis Bluetooth Smart Sensor giver dig optimale betingelser for dine planter og g\u00f8r det nemt at skabe det perfekte milj\u00f8 \u2013 b\u00e5de ude og inde. Sensoren m\u00e5ler b\u00e5de jordfugtighed og omgivelsestemperatur direkte ved plantens r\u00f8dder, [&hellip;]<\/p>\n","protected":false},"featured_media":0,"template":"","meta":[],"store":[1272516],"product_brand":[1272517],"product_cat":[1272462],"product_tag":[1275178,1272692],"class_list":{"0":"post-447830","1":"product","2":"type-product","3":"status-publish","5":"store-butik24","6":"product_brand-nedis","7":"product_cat-smart-home","8":"product_tag-nedis","9":"product_tag-smart-home","10":"pa_maerke-nedis","12":"first","13":"instock","14":"product-type-external"},"_links":{"self":[{"href":"https:\/\/www.pricetornado.com\/da\/wp-json\/wp\/v2\/product\/447830","targetHints":{"allow":["GET"]}}],"collection":[{"href":"https:\/\/www.pricetornado.com\/da\/wp-json\/wp\/v2\/product"}],"about":[{"href":"https:\/\/www.pricetornado.com\/da\/wp-json\/wp\/v2\/types\/product"}],"wp:attachment":[{"href":"https:\/\/www.pricetornado.com\/da\/wp-json\/wp\/v2\/media?parent=447830"}],"wp:term":[{"taxonomy":"store","embeddable":true,"href":"https:\/\/www.pricetornado.com\/da\/wp-json\/wp\/v2\/store?post=447830"},{"taxonomy":"product_brand","embeddable":true,"href":"https:\/\/www.pricetornado.com\/da\/wp-json\/wp\/v2\/product_brand?post=447830"},{"taxonomy":"product_cat","embeddable":true,"href":"https:\/\/www.pricetornado.com\/da\/wp-json\/wp\/v2\/product_cat?post=447830"},{"taxonomy":"product_tag","embeddable":true,"href":"https:\/\/www.pricetornado.com\/da\/wp-json\/wp\/v2\/product_tag?post=447830"}],"curies":[{"name":"wp","href":"https:\/\/api.w.org\/{rel}","templated":true}]}}