{"id":447828,"date":"2025-02-22T09:21:01","date_gmt":"2025-02-22T08:21:01","guid":{"rendered":"https:\/\/www.pricetornado.com\/da\/produkt\/scanpan-to-go-termoflaske-500ml-aluminium-reynolde-red\/"},"modified":"2026-04-20T08:10:47","modified_gmt":"2026-04-20T06:10:47","slug":"scanpan-to-go-termoflaske-500ml-aluminium-reynolde-red","status":"publish","type":"product","link":"https:\/\/www.pricetornado.com\/da\/produkt\/scanpan-to-go-termoflaske-500ml-aluminium-reynolde-red\/","title":{"rendered":"Scanpan To Go Termoflaske &#8211; 500ml &#8211; Aluminium &#8211; Reynolde Red"},"content":{"rendered":"<p>K\u00f8b billig Scanpan To Go Termoflaske &#8211; 500ml &#8211; Aluminium &#8211; Reynolde Red!<br \/>\ntermoflasker er designet til dig, der \u00f8nsker b\u00e5de mode, funktionalitet og b\u00e6redygtighed i \u00e9n l\u00f8sning. Scanpan To Go termoflasken p\u00e5 500 ml er lavet i let aluminium, hvilket g\u00f8r den nem at tage med overalt \u2013 uanset om du er p\u00e5 vej til fitnesscentret eller blot p\u00e5 farten. Det stilrene design og de flotte farver g\u00f8r flasken til et oplagt tilbeh\u00f8r, der passer til enhver garderobe.Termoflasken holder dine drikke kolde i op til 24 timer og varme i op til 12 timer, s\u00e5 du altid kan nyde perfekt tempererede drikkevarer. Det luftt\u00e6tte skruel\u00e5g sikrer, at indholdet ikke l\u00e6kker og forhindrer gennembl\u00f8dte tasker. Ydermere er flasken kondensfri, s\u00e5 du slipper for fugt udenp\u00e5 flasken.Scanpan To Go termoflasken er et b\u00e6redygtigt valg, da den er genanvendelig og fri for BPA. Den ridsefaste pulverlakering sikrer, at flasken holder sig flot og modstandsdygtig mod slid i hverdagen. Du kan nemt v\u00e6lge den farve, der matcher dagens outfit, og g\u00f8re din termoflaske til en fast del af dine accessories..<\/p>\n<p>Sammenlign priser p\u00e5 Scanpan To Go Termoflaske &#8211; 500ml &#8211; Aluminium &#8211; Reynolde Red og k\u00f8b online til den billigste pris, samt p\u00e5 tilbud!\u00a0\u00a0Tjek den bedste pris, produkt beskrivelse, video, test, anmeldelser osv.<\/p>\n<p><strong>Brand: <\/strong>Scanpan<br \/>\n<strong>EAN: <\/strong>083421197542<br \/>\n<strong>Producentens varenr.:<\/strong> 083421197542<\/p>\n<p><strong>P.S.<\/strong><br \/>\nTilmeld dig til &#8220;Opret Gratis Prisfald Alarm&#8221;, og bliv underrettet med det samme om prisfald p\u00e5 Scanpan To Go Termoflaske &#8211; 500ml &#8211; Aluminium &#8211; Reynolde Red, og f\u00e5 den billigste pris!<\/p>\n<p>&nbsp;<\/p>\n<p>&nbsp;<\/p>\n","protected":false},"excerpt":{"rendered":"<p>K\u00f8b billig Scanpan To Go Termoflaske &#8211; 500ml &#8211; Aluminium &#8211; Reynolde Red! termoflasker er designet til dig, der \u00f8nsker b\u00e5de mode, funktionalitet og b\u00e6redygtighed i \u00e9n l\u00f8sning. Scanpan To Go termoflasken p\u00e5 500 ml er lavet i let aluminium, hvilket g\u00f8r den nem at tage med overalt \u2013 uanset om du er p\u00e5 vej [&hellip;]<\/p>\n","protected":false},"featured_media":999980000004478280,"template":"","meta":[],"store":[1272516],"product_brand":[1272521],"product_cat":[831418],"product_tag":[1272683,1275184],"class_list":{"0":"post-447828","1":"product","2":"type-product","3":"status-publish","4":"has-post-thumbnail","6":"store-butik24","7":"product_brand-scanpan","8":"product_cat-koekkenudstyr","9":"product_tag-koekkenudstyr","10":"product_tag-scanpan","11":"pa_maerke-scanpan","13":"first","14":"instock","15":"product-type-external"},"_links":{"self":[{"href":"https:\/\/www.pricetornado.com\/da\/wp-json\/wp\/v2\/product\/447828","targetHints":{"allow":["GET"]}}],"collection":[{"href":"https:\/\/www.pricetornado.com\/da\/wp-json\/wp\/v2\/product"}],"about":[{"href":"https:\/\/www.pricetornado.com\/da\/wp-json\/wp\/v2\/types\/product"}],"wp:featuredmedia":[{"embeddable":true,"href":"https:\/\/www.pricetornado.com\/da\/wp-json\/"}],"wp:attachment":[{"href":"https:\/\/www.pricetornado.com\/da\/wp-json\/wp\/v2\/media?parent=447828"}],"wp:term":[{"taxonomy":"store","embeddable":true,"href":"https:\/\/www.pricetornado.com\/da\/wp-json\/wp\/v2\/store?post=447828"},{"taxonomy":"product_brand","embeddable":true,"href":"https:\/\/www.pricetornado.com\/da\/wp-json\/wp\/v2\/product_brand?post=447828"},{"taxonomy":"product_cat","embeddable":true,"href":"https:\/\/www.pricetornado.com\/da\/wp-json\/wp\/v2\/product_cat?post=447828"},{"taxonomy":"product_tag","embeddable":true,"href":"https:\/\/www.pricetornado.com\/da\/wp-json\/wp\/v2\/product_tag?post=447828"}],"curies":[{"name":"wp","href":"https:\/\/api.w.org\/{rel}","templated":true}]}}