{"id":447825,"date":"2025-02-21T09:03:46","date_gmt":"2025-02-21T08:03:46","guid":{"rendered":"https:\/\/www.pricetornado.com\/da\/produkt\/nedis-kabt210eal-broedrister-2-brede-aabninger-rustfrit-staal\/"},"modified":"2026-04-17T08:50:07","modified_gmt":"2026-04-17T06:50:07","slug":"nedis-kabt210eal-broedrister-2-brede-aabninger-rustfrit-staal","status":"publish","type":"product","link":"https:\/\/www.pricetornado.com\/da\/produkt\/nedis-kabt210eal-broedrister-2-brede-aabninger-rustfrit-staal\/","title":{"rendered":"Nedis KABT210EAL Br\u00f8drister 2 brede \u00e5bninger Rustfrit St\u00e5l"},"content":{"rendered":"<p>K\u00f8b billig Nedis KABT210EAL Br\u00f8drister 2 brede \u00e5bninger Rustfrit St\u00e5l!<br \/>\nOpgrader dit k\u00f8kken med en br\u00f8drister i robust rustfrit st\u00e5l, der kombinerer et flot design med holdbarhed og praktiske funktioner. De to ekstra brede \u00e5bninger g\u00f8r det muligt at riste alt fra almindeligt skivesk\u00e5ret br\u00f8d til tykke, h\u00e5ndsk\u00e5rne skiver, bagels eller muffins \u2013 perfekt til hele familiens morgenrutine.Med seks forskellige indstillinger kan du pr\u00e6cist tilpasse ristningsgraden, s\u00e5 br\u00f8det passer til dine \u00f8nsker hver gang. Genopvarmnings-, opt\u00f8nings- og stopfunktionerne sikrer, at du altid har fuld kontrol over processen, uanset om du vil have br\u00f8det let gylden eller helt spr\u00f8dt.Den udtagelige krummebakke g\u00f8r det let at holde br\u00f8dristeren ren, mens rustfri st\u00e5l sikrer varmebestandighed og lang levetid. Kombinationen af rustfrit st\u00e5l med tr\u00e6- og gummifinish giver et stilfuldt og moderne udseende, der passer ind i ethvert k\u00f8kken.Pakkens indhold: Br\u00f8drister og brugervejledning.<\/p>\n<p>Sammenlign priser p\u00e5 Nedis KABT210EAL Br\u00f8drister 2 brede \u00e5bninger Rustfrit St\u00e5l og k\u00f8b online til den billigste pris, samt p\u00e5 tilbud!\u00a0\u00a0Tjek den bedste pris, produkt beskrivelse, video, test, anmeldelser osv.<\/p>\n<p><strong>Brand: <\/strong>Nedis<br \/>\n<strong>EAN: <\/strong>5412810270811<br \/>\n<strong>Producentens varenr.:<\/strong> 5412810270811<\/p>\n<p><strong>P.S.<\/strong><br \/>\nTilmeld dig til &#8220;Opret Gratis Prisfald Alarm&#8221;, og bliv underrettet med det samme om prisfald p\u00e5 Nedis KABT210EAL Br\u00f8drister 2 brede \u00e5bninger Rustfrit St\u00e5l, og f\u00e5 den billigste pris!<\/p>\n<p>&nbsp;<\/p>\n<p>&nbsp;<\/p>\n","protected":false},"excerpt":{"rendered":"<p>K\u00f8b billig Nedis KABT210EAL Br\u00f8drister 2 brede \u00e5bninger Rustfrit St\u00e5l! Opgrader dit k\u00f8kken med en br\u00f8drister i robust rustfrit st\u00e5l, der kombinerer et flot design med holdbarhed og praktiske funktioner. De to ekstra brede \u00e5bninger g\u00f8r det muligt at riste alt fra almindeligt skivesk\u00e5ret br\u00f8d til tykke, h\u00e5ndsk\u00e5rne skiver, bagels eller muffins \u2013 perfekt til [&hellip;]<\/p>\n","protected":false},"featured_media":999980000004478250,"template":"","meta":[],"store":[1272516],"product_brand":[1272517],"product_cat":[831418],"product_tag":[1272683,1275178],"class_list":{"0":"post-447825","1":"product","2":"type-product","3":"status-publish","4":"has-post-thumbnail","6":"store-butik24","7":"product_brand-nedis","8":"product_cat-koekkenudstyr","9":"product_tag-koekkenudstyr","10":"product_tag-nedis","11":"pa_maerke-nedis","13":"first","14":"instock","15":"product-type-external"},"_links":{"self":[{"href":"https:\/\/www.pricetornado.com\/da\/wp-json\/wp\/v2\/product\/447825","targetHints":{"allow":["GET"]}}],"collection":[{"href":"https:\/\/www.pricetornado.com\/da\/wp-json\/wp\/v2\/product"}],"about":[{"href":"https:\/\/www.pricetornado.com\/da\/wp-json\/wp\/v2\/types\/product"}],"wp:featuredmedia":[{"embeddable":true,"href":"https:\/\/www.pricetornado.com\/da\/wp-json\/"}],"wp:attachment":[{"href":"https:\/\/www.pricetornado.com\/da\/wp-json\/wp\/v2\/media?parent=447825"}],"wp:term":[{"taxonomy":"store","embeddable":true,"href":"https:\/\/www.pricetornado.com\/da\/wp-json\/wp\/v2\/store?post=447825"},{"taxonomy":"product_brand","embeddable":true,"href":"https:\/\/www.pricetornado.com\/da\/wp-json\/wp\/v2\/product_brand?post=447825"},{"taxonomy":"product_cat","embeddable":true,"href":"https:\/\/www.pricetornado.com\/da\/wp-json\/wp\/v2\/product_cat?post=447825"},{"taxonomy":"product_tag","embeddable":true,"href":"https:\/\/www.pricetornado.com\/da\/wp-json\/wp\/v2\/product_tag?post=447825"}],"curies":[{"name":"wp","href":"https:\/\/api.w.org\/{rel}","templated":true}]}}