{"id":447824,"date":"2025-02-27T18:11:55","date_gmt":"2025-02-27T17:11:55","guid":{"rendered":"https:\/\/www.pricetornado.com\/da\/produkt\/nedis-kabt150ewt-broedrister-hvid\/"},"modified":"2026-04-18T10:40:25","modified_gmt":"2026-04-18T08:40:25","slug":"nedis-kabt150ewt-broedrister-hvid","status":"publish","type":"product","link":"https:\/\/www.pricetornado.com\/da\/produkt\/nedis-kabt150ewt-broedrister-hvid\/","title":{"rendered":"Nedis KABT150EWT Br\u00f8drister &#8211; Hvid"},"content":{"rendered":"<p>K\u00f8b billig Nedis KABT150EWT Br\u00f8drister &#8211; Hvid!<br \/>\nDenne effektive og kompakte br\u00f8drister er ideel til den daglige morgenmad eller en hurtig snack. Br\u00f8dristeren har to br\u00f8dspr\u00e6kker, s\u00e5 du nemt kan riste to almindelige skiver br\u00f8d ad gangen. Med seks forskellige risteindstillinger kan du nemt tilpasse ristningsgraden, fra let til helt gyldenbrun, s\u00e5 du f\u00e5r det perfekte resultat hver gang.Br\u00f8dristeren er designet med fokus p\u00e5 funktionalitet og pladsbesparelse. Med sine kompakte m\u00e5l p\u00e5 249 x 145 x 166 mm fylder den minimalt p\u00e5 k\u00f8kkenbordet. Den praktiske krummebakke kan vippes ud for nem reng\u00f8ring og opsamling af krummer. Med integreret ledningsopbevaring er det nemt at holde k\u00f8kkenet ryddeligt, n\u00e5r br\u00f8dristeren ikke er i brug.Br\u00f8dristeren er udviklet til almindelige risteopgaver i hjemmet og er et funktionelt valg til hverdagsbrug. For yderligere oplysninger om materialer og sikkerhed henvises der til den medf\u00f8lgende brugervejledning. produkter for flere smarte k\u00f8kkenl\u00f8sninger og praktiske gadgets.<\/p>\n<p>Sammenlign priser p\u00e5 Nedis KABT150EWT Br\u00f8drister &#8211; Hvid og k\u00f8b online til den billigste pris, samt p\u00e5 tilbud!\u00a0\u00a0Tjek den bedste pris, produkt beskrivelse, video, test, anmeldelser osv.<\/p>\n<p><strong>Brand: <\/strong>Nedis<br \/>\n<strong>EAN: <\/strong>5412810335671<br \/>\n<strong>Producentens varenr.:<\/strong> 5412810335671<\/p>\n<p><strong>P.S.<\/strong><br \/>\nTilmeld dig til &#8220;Opret Gratis Prisfald Alarm&#8221;, og bliv underrettet med det samme om prisfald p\u00e5 Nedis KABT150EWT Br\u00f8drister &#8211; Hvid, og f\u00e5 den billigste pris!<\/p>\n<p>&nbsp;<\/p>\n<p>&nbsp;<\/p>\n","protected":false},"excerpt":{"rendered":"<p>K\u00f8b billig Nedis KABT150EWT Br\u00f8drister &#8211; Hvid! Denne effektive og kompakte br\u00f8drister er ideel til den daglige morgenmad eller en hurtig snack. Br\u00f8dristeren har to br\u00f8dspr\u00e6kker, s\u00e5 du nemt kan riste to almindelige skiver br\u00f8d ad gangen. Med seks forskellige risteindstillinger kan du nemt tilpasse ristningsgraden, fra let til helt gyldenbrun, s\u00e5 du f\u00e5r det [&hellip;]<\/p>\n","protected":false},"featured_media":999980000004478240,"template":"","meta":[],"store":[1272516],"product_brand":[1272517],"product_cat":[831418],"product_tag":[1272683,1275178],"class_list":{"0":"post-447824","1":"product","2":"type-product","3":"status-publish","4":"has-post-thumbnail","6":"store-butik24","7":"product_brand-nedis","8":"product_cat-koekkenudstyr","9":"product_tag-koekkenudstyr","10":"product_tag-nedis","11":"pa_maerke-nedis","13":"first","14":"instock","15":"product-type-external"},"_links":{"self":[{"href":"https:\/\/www.pricetornado.com\/da\/wp-json\/wp\/v2\/product\/447824","targetHints":{"allow":["GET"]}}],"collection":[{"href":"https:\/\/www.pricetornado.com\/da\/wp-json\/wp\/v2\/product"}],"about":[{"href":"https:\/\/www.pricetornado.com\/da\/wp-json\/wp\/v2\/types\/product"}],"wp:featuredmedia":[{"embeddable":true,"href":"https:\/\/www.pricetornado.com\/da\/wp-json\/"}],"wp:attachment":[{"href":"https:\/\/www.pricetornado.com\/da\/wp-json\/wp\/v2\/media?parent=447824"}],"wp:term":[{"taxonomy":"store","embeddable":true,"href":"https:\/\/www.pricetornado.com\/da\/wp-json\/wp\/v2\/store?post=447824"},{"taxonomy":"product_brand","embeddable":true,"href":"https:\/\/www.pricetornado.com\/da\/wp-json\/wp\/v2\/product_brand?post=447824"},{"taxonomy":"product_cat","embeddable":true,"href":"https:\/\/www.pricetornado.com\/da\/wp-json\/wp\/v2\/product_cat?post=447824"},{"taxonomy":"product_tag","embeddable":true,"href":"https:\/\/www.pricetornado.com\/da\/wp-json\/wp\/v2\/product_tag?post=447824"}],"curies":[{"name":"wp","href":"https:\/\/api.w.org\/{rel}","templated":true}]}}