{"id":447822,"date":"2025-02-27T19:06:24","date_gmt":"2025-02-27T18:06:24","guid":{"rendered":"https:\/\/www.pricetornado.com\/da\/produkt\/nedis-vcwi230wt-vinduesvasker\/"},"modified":"2026-04-17T01:30:23","modified_gmt":"2026-04-16T23:30:23","slug":"nedis-vcwi230wt-vinduesvasker","status":"publish","type":"product","link":"https:\/\/www.pricetornado.com\/da\/produkt\/nedis-vcwi230wt-vinduesvasker\/","title":{"rendered":"Nedis VCWI230WT Vinduesvasker"},"content":{"rendered":"<p>K\u00f8b billig Nedis VCWI230WT Vinduesvasker!<br \/>\nMed Nedis vinduesvasker f\u00e5r du en let og b\u00e6rbar l\u00f8sning til nem og hurtig reng\u00f8ring af glatte overflader i hjemmet. Den kraftfulde enhed opsuger ubesv\u00e6ret fugt og efterlader vinduer, spejle, fliser og brusekabiner 100% t\u00f8rre og fri for striber \u2013 hele op til 3 gange hurtigere end traditionelle metoder. Det brede reng\u00f8ringshoved p\u00e5 28 cm sikrer grundig d\u00e6kning for effektiv reng\u00f8ring ved hvert str\u00f8g.Vinduesvaskeren er fremstillet i robust plast, hvilket sikrer et lavt v\u00e6gt og g\u00f8r den nem at h\u00e5ndtere og flytte rundt. Det ergonomiske design lader dig bruge maskinen i enhver 360\u00b0 vinkel \u2013 lodret, vandret eller overhead \u2013 for fleksibel og komfortabel brug. Den aftagelige 60 ml vandtank g\u00f8r t\u00f8mning og reng\u00f8ring hurtig og enkel, s\u00e5 du altid er klar til n\u00e6ste opgave.Med den store sprayflaske p\u00e5 360 ml og mikrofibervisker har du alt, hvad du skal bruge for nem p\u00e5f\u00f8ring af reng\u00f8ringsmiddel og stribefri resultater hver gang.Nedis vinduesvasker er udstyret med et genopladeligt lithium-ion-batteri med lang levetid, der giver op til 45 minutters drift pr. opladning. Opladningen klares hurtigt p\u00e5 cirka 2,5 timer via USB-C, s\u00e5 du hurtigt kan forts\u00e6tte reng\u00f8ringen uden lange pauser.Med en IPX4-certificering er vinduesvaskeren beskyttet mod vandst\u00e6nk fra alle retninger, hvilket g\u00f8r den ideel og sikker til brug i b\u00e5de badev\u00e6relse og k\u00f8kkenmilj\u00f8er.Opn\u00e5 skinnende rene og stribefri vinduer nemt med Nedis vinduesvasker \u2013 den perfekte l\u00f8sning til moderne og effektiv husholdningsreng\u00f8ring. Opdag ogs\u00e5 andre produkter til hjemmet for flere smarte reng\u00f8ringsl\u00f8sninger.<\/p>\n<p>Sammenlign priser p\u00e5 Nedis VCWI230WT Vinduesvasker og k\u00f8b online til den billigste pris, samt p\u00e5 tilbud!\u00a0\u00a0Tjek den bedste pris, produkt beskrivelse, video, test, anmeldelser osv.<\/p>\n<p><strong>Brand: <\/strong>Nedis<br \/>\n<strong>EAN: <\/strong>5412810455232<br \/>\n<strong>Producentens varenr.:<\/strong> 5412810455232<\/p>\n<p><strong>P.S.<\/strong><br \/>\nTilmeld dig til &#8220;Opret Gratis Prisfald Alarm&#8221;, og bliv underrettet med det samme om prisfald p\u00e5 Nedis VCWI230WT Vinduesvasker, og f\u00e5 den billigste pris!<\/p>\n<p>&nbsp;<\/p>\n<p>&nbsp;<\/p>\n","protected":false},"excerpt":{"rendered":"<p>K\u00f8b billig Nedis VCWI230WT Vinduesvasker! Med Nedis vinduesvasker f\u00e5r du en let og b\u00e6rbar l\u00f8sning til nem og hurtig reng\u00f8ring af glatte overflader i hjemmet. Den kraftfulde enhed opsuger ubesv\u00e6ret fugt og efterlader vinduer, spejle, fliser og brusekabiner 100% t\u00f8rre og fri for striber \u2013 hele op til 3 gange hurtigere end traditionelle metoder. Det [&hellip;]<\/p>\n","protected":false},"featured_media":999980000004478220,"template":"","meta":[],"store":[1272516],"product_brand":[1272517],"product_cat":[1272461],"product_tag":[1272817,1275178],"class_list":{"0":"post-447822","1":"product","2":"type-product","3":"status-publish","4":"has-post-thumbnail","6":"store-butik24","7":"product_brand-nedis","8":"product_cat-hjemmet","9":"product_tag-hjemmet","10":"product_tag-nedis","11":"pa_maerke-nedis","13":"first","14":"instock","15":"product-type-external"},"_links":{"self":[{"href":"https:\/\/www.pricetornado.com\/da\/wp-json\/wp\/v2\/product\/447822","targetHints":{"allow":["GET"]}}],"collection":[{"href":"https:\/\/www.pricetornado.com\/da\/wp-json\/wp\/v2\/product"}],"about":[{"href":"https:\/\/www.pricetornado.com\/da\/wp-json\/wp\/v2\/types\/product"}],"wp:featuredmedia":[{"embeddable":true,"href":"https:\/\/www.pricetornado.com\/da\/wp-json\/"}],"wp:attachment":[{"href":"https:\/\/www.pricetornado.com\/da\/wp-json\/wp\/v2\/media?parent=447822"}],"wp:term":[{"taxonomy":"store","embeddable":true,"href":"https:\/\/www.pricetornado.com\/da\/wp-json\/wp\/v2\/store?post=447822"},{"taxonomy":"product_brand","embeddable":true,"href":"https:\/\/www.pricetornado.com\/da\/wp-json\/wp\/v2\/product_brand?post=447822"},{"taxonomy":"product_cat","embeddable":true,"href":"https:\/\/www.pricetornado.com\/da\/wp-json\/wp\/v2\/product_cat?post=447822"},{"taxonomy":"product_tag","embeddable":true,"href":"https:\/\/www.pricetornado.com\/da\/wp-json\/wp\/v2\/product_tag?post=447822"}],"curies":[{"name":"wp","href":"https:\/\/api.w.org\/{rel}","templated":true}]}}