{"id":447807,"date":"2025-02-21T23:41:46","date_gmt":"2025-02-21T22:41:46","guid":{"rendered":"https:\/\/www.pricetornado.com\/da\/produkt\/alecto-premium-full-eco-dect-audio-baby-monitor-med-projektor-display-natlys-og-vuggeviser-hvid-graa-dbx150\/"},"modified":"2026-04-17T11:20:08","modified_gmt":"2026-04-17T09:20:08","slug":"alecto-premium-full-eco-dect-audio-baby-monitor-med-projektor-display-natlys-og-vuggeviser-hvid-graa-dbx150","status":"publish","type":"product","link":"https:\/\/www.pricetornado.com\/da\/produkt\/alecto-premium-full-eco-dect-audio-baby-monitor-med-projektor-display-natlys-og-vuggeviser-hvid-graa-dbx150\/","title":{"rendered":"Alecto &#8211; Premium Full Eco DECT Audio Baby Monitor med projektor, display, natlys og vuggeviser Hvid\/gr\u00e5 &#8211; DBX150"},"content":{"rendered":"<p>K\u00f8b billig Alecto &#8211; Premium Full Eco DECT Audio Baby Monitor med projektor, display, natlys og vuggeviser Hvid\/gr\u00e5 &#8211; DBX150!<br \/>\nMed Alecto DBX150 f\u00e5r du en moderne, komplet og p\u00e5lidelig DECT babyalarm til daglig brug i hjemmet. Babyalarmen har et kompakt, let og ergonomisk design i holdbart plastmateriale, s\u00e5 den er nem at h\u00e5ndtere og flytte fra rum til rum. Den stabile konstruktion g\u00f8r den ideel til b\u00e5de nybagte og erfarne for\u00e6ldre, der \u00f8nsker maksimal tryghed og fleksibilitet.Alecto DBX150 anvender DECT-teknologi, som sikrer en 100 % interferensfri og privat lydforbindelse. Ingen kan lytte med, og der er ingen generende forstyrrelser fra andre enheder. Det betyder ro i sindet \u2013 altid t\u00e6t kontakt til dit barn, uanset hvor du befinder dig i hjemmet.Babyalarmen har en r\u00e6kkevidde p\u00e5 op til 50 meter indend\u00f8rs og op til 300 meter udend\u00f8rs, s\u00e5 du frit kan bev\u00e6ge dig rundt i hele huset og haven. Full Eco-tilstanden minimerer b\u00e5de str\u00e5ling og str\u00f8mforbrug, hvilket giver en standbytid p\u00e5 op til 16 timer. Du f\u00e5r en tydelig advarsel, hvis forbindelsen afbrydes eller batteriet er ved at l\u00f8be t\u00f8r, s\u00e5 du altid kan reagere i tide. For\u00e6ldreenheden oplades nemt via den medf\u00f8lgende ladestation.Den baggrundsbelyste for\u00e6ldreenhed viser b\u00e5de temperatur og luftfugtighed i barnets v\u00e6relse p\u00e5 et tydeligt farvedisplay. Dette hj\u00e6lper dig med at opretholde optimale forhold for din baby. Derudover viser en LED-lydniveauindikator det aktuelle st\u00f8jniveau, hvilket er s\u00e6rligt nyttigt, hvis du har lyden skruet ned.VOX-funktion \u2013 babyalarmen aktiveres automatisk, n\u00e5r der registreres lyd. Mikrofonf\u00f8lsomheden kan indstilles individuelt for at undg\u00e5 un\u00f8dvendige afbrydelser.To-vejs kommunikation g\u00f8r det muligt at tale direkte til dit barn fra for\u00e6ldreenheden.Indikatorer for lavt batteri og mistet forbindelse giver dig besked, n\u00e5r der kr\u00e6ves handling.LED-farveindikator og vibrationsalarm for lydniveau.Roterende b\u00e6lteclips for nem brug og oph\u00e6ngning.Babyenheden er udstyret med en projector, der kaster beroligende lysm\u00f8nstre i loftet og hj\u00e6lper dit barn med at falde til ro. Projektoren kan bruges sammen med vuggeviser, naturlige lyde og natlys for en afslappende sengetid, uden at forstyrre s\u00f8vnen.V\u00e6lg Alecto DBX150 babyalarm for en kombination af avanceret teknologi, energieffektiv drift og praktiske, brugervenlige funktioner. Du f\u00e5r maksimal sikkerhed, krystalklar lydkvalitet og ekstra komfort, s\u00e5 du kan v\u00e6re t\u00e6t p\u00e5 dit barn \u2013 dag og nat.<\/p>\n<p>Sammenlign priser p\u00e5 Alecto &#8211; Premium Full Eco DECT Audio Baby Monitor med projektor, display, natlys og vuggeviser Hvid\/gr\u00e5 &#8211; DBX150 og k\u00f8b online til den billigste pris, samt p\u00e5 tilbud!\u00a0\u00a0Tjek den bedste pris, produkt beskrivelse, video, test, anmeldelser osv.<\/p>\n<p><strong>Brand: <\/strong>Alecto<br \/>\n<strong>EAN: <\/strong>8711902085607<br \/>\n<strong>Producentens varenr.:<\/strong> 8711902085607<\/p>\n<p><strong>P.S.<\/strong><br \/>\nTilmeld dig til &#8220;Opret Gratis Prisfald Alarm&#8221;, og bliv underrettet med det samme om prisfald p\u00e5 Alecto &#8211; Premium Full Eco DECT Audio Baby Monitor med projektor, display, natlys og vuggeviser Hvid\/gr\u00e5 &#8211; DBX150, og f\u00e5 den billigste pris!<\/p>\n<p>&nbsp;<\/p>\n<p>&nbsp;<\/p>\n","protected":false},"excerpt":{"rendered":"<p>K\u00f8b billig Alecto &#8211; Premium Full Eco DECT Audio Baby Monitor med projektor, display, natlys og vuggeviser Hvid\/gr\u00e5 &#8211; DBX150! Med Alecto DBX150 f\u00e5r du en moderne, komplet og p\u00e5lidelig DECT babyalarm til daglig brug i hjemmet. Babyalarmen har et kompakt, let og ergonomisk design i holdbart plastmateriale, s\u00e5 den er nem at h\u00e5ndtere og [&hellip;]<\/p>\n","protected":false},"featured_media":999980000004478070,"template":"","meta":[],"store":[1272516],"product_brand":[1272518],"product_cat":[1272510],"product_tag":[1275186,1272728],"class_list":{"0":"post-447807","1":"product","2":"type-product","3":"status-publish","4":"has-post-thumbnail","6":"store-butik24","7":"product_brand-alecto","8":"product_cat-babypleje","9":"product_tag-alecto","10":"product_tag-babypleje","11":"pa_maerke-alecto","13":"first","14":"instock","15":"product-type-external"},"_links":{"self":[{"href":"https:\/\/www.pricetornado.com\/da\/wp-json\/wp\/v2\/product\/447807","targetHints":{"allow":["GET"]}}],"collection":[{"href":"https:\/\/www.pricetornado.com\/da\/wp-json\/wp\/v2\/product"}],"about":[{"href":"https:\/\/www.pricetornado.com\/da\/wp-json\/wp\/v2\/types\/product"}],"wp:featuredmedia":[{"embeddable":true,"href":"https:\/\/www.pricetornado.com\/da\/wp-json\/"}],"wp:attachment":[{"href":"https:\/\/www.pricetornado.com\/da\/wp-json\/wp\/v2\/media?parent=447807"}],"wp:term":[{"taxonomy":"store","embeddable":true,"href":"https:\/\/www.pricetornado.com\/da\/wp-json\/wp\/v2\/store?post=447807"},{"taxonomy":"product_brand","embeddable":true,"href":"https:\/\/www.pricetornado.com\/da\/wp-json\/wp\/v2\/product_brand?post=447807"},{"taxonomy":"product_cat","embeddable":true,"href":"https:\/\/www.pricetornado.com\/da\/wp-json\/wp\/v2\/product_cat?post=447807"},{"taxonomy":"product_tag","embeddable":true,"href":"https:\/\/www.pricetornado.com\/da\/wp-json\/wp\/v2\/product_tag?post=447807"}],"curies":[{"name":"wp","href":"https:\/\/api.w.org\/{rel}","templated":true}]}}