{"id":447805,"date":"2025-02-26T21:01:37","date_gmt":"2025-02-26T20:01:37","guid":{"rendered":"https:\/\/www.pricetornado.com\/da\/produkt\/alecto-digital-varmer-til-flasker-og-babymad-bw900\/"},"modified":"2026-04-19T11:40:19","modified_gmt":"2026-04-19T09:40:19","slug":"alecto-digital-varmer-til-flasker-og-babymad-bw900","status":"publish","type":"product","link":"https:\/\/www.pricetornado.com\/da\/produkt\/alecto-digital-varmer-til-flasker-og-babymad-bw900\/","title":{"rendered":"Alecto &#8211; Digital varmer til flasker og babymad &#8211; BW900"},"content":{"rendered":"<p>K\u00f8b billig Alecto &#8211; Digital varmer til flasker og babymad &#8211; BW900!<br \/>\nAlecto BW900 digital flaske- og babymadvarmer er designet til at opvarme babym\u00e6lkeflasker og madglas hurtigt, sikkert og alsidigt. Den brugervenlige og effektive l\u00f8sning g\u00f8r hverdagen lettere for sm\u00e5b\u00f8rnsfor\u00e6ldre, og sikrer optimal temperatur hver gang.Med et kraftfuldt 500W varmelegeme s\u00f8rger BW900 for hurtig og j\u00e6vn opvarmning af b\u00e5de m\u00e6lk og babymad. Den digitale sk\u00e6rm g\u00f8r det let at v\u00e6lge mellem flere forudindstillede programmer: opvarmning, holde varm, opt\u00f8ning og sterilisering. N\u00e5r den \u00f8nskede temperatur er n\u00e5et, slukker apparatet automatisk, hvilket \u00f8ger sikkerheden og forhindrer overophedning.Selvom der ikke er angivet pr\u00e6cise materialetyper, er Alecto BW900 fremstillet af holdbare og varmebestandige plast- og metaldele, der er velegnede til k\u00f8kkenbrug. Det medf\u00f8lgende dampl\u00e5g er typisk lavet af varmebestandig plast, s\u00e5 du trygt kan sterilisere b\u00e5de flasker og sutter.Alecto BW900 er ideel til for\u00e6ldre, der \u00f8nsker hurtig, sikker og nem opvarmning samt sterilisering af babymad og flasker. Takket v\u00e6re de digitale funktioner og indbyggede sikkerhedsforanstaltninger er denne varmer en p\u00e5lidelig og moderne hj\u00e6lp i enhver sm\u00e5b\u00f8rnsfamilie.G\u00f8r opvarmning og sterilisering nemmere \u2013 bestil din Alecto digital flaske- og babymadvarmer hos Butik24 i dag.<\/p>\n<p>Sammenlign priser p\u00e5 Alecto &#8211; Digital varmer til flasker og babymad &#8211; BW900 og k\u00f8b online til den billigste pris, samt p\u00e5 tilbud!\u00a0\u00a0Tjek den bedste pris, produkt beskrivelse, video, test, anmeldelser osv.<\/p>\n<p><strong>Brand: <\/strong>Alecto<br \/>\n<strong>EAN: <\/strong>8711902087816<br \/>\n<strong>Producentens varenr.:<\/strong> 8711902087816<\/p>\n<p><strong>P.S.<\/strong><br \/>\nTilmeld dig til &#8220;Opret Gratis Prisfald Alarm&#8221;, og bliv underrettet med det samme om prisfald p\u00e5 Alecto &#8211; Digital varmer til flasker og babymad &#8211; BW900, og f\u00e5 den billigste pris!<\/p>\n<p>&nbsp;<\/p>\n<p>&nbsp;<\/p>\n","protected":false},"excerpt":{"rendered":"<p>K\u00f8b billig Alecto &#8211; Digital varmer til flasker og babymad &#8211; BW900! Alecto BW900 digital flaske- og babymadvarmer er designet til at opvarme babym\u00e6lkeflasker og madglas hurtigt, sikkert og alsidigt. Den brugervenlige og effektive l\u00f8sning g\u00f8r hverdagen lettere for sm\u00e5b\u00f8rnsfor\u00e6ldre, og sikrer optimal temperatur hver gang.Med et kraftfuldt 500W varmelegeme s\u00f8rger BW900 for hurtig og [&hellip;]<\/p>\n","protected":false},"featured_media":999980000004478050,"template":"","meta":[],"store":[1272516],"product_brand":[1272518],"product_cat":[1272510],"product_tag":[1275186,1272728],"class_list":{"0":"post-447805","1":"product","2":"type-product","3":"status-publish","4":"has-post-thumbnail","6":"store-butik24","7":"product_brand-alecto","8":"product_cat-babypleje","9":"product_tag-alecto","10":"product_tag-babypleje","11":"pa_maerke-alecto","13":"first","14":"instock","15":"product-type-external"},"_links":{"self":[{"href":"https:\/\/www.pricetornado.com\/da\/wp-json\/wp\/v2\/product\/447805","targetHints":{"allow":["GET"]}}],"collection":[{"href":"https:\/\/www.pricetornado.com\/da\/wp-json\/wp\/v2\/product"}],"about":[{"href":"https:\/\/www.pricetornado.com\/da\/wp-json\/wp\/v2\/types\/product"}],"wp:featuredmedia":[{"embeddable":true,"href":"https:\/\/www.pricetornado.com\/da\/wp-json\/"}],"wp:attachment":[{"href":"https:\/\/www.pricetornado.com\/da\/wp-json\/wp\/v2\/media?parent=447805"}],"wp:term":[{"taxonomy":"store","embeddable":true,"href":"https:\/\/www.pricetornado.com\/da\/wp-json\/wp\/v2\/store?post=447805"},{"taxonomy":"product_brand","embeddable":true,"href":"https:\/\/www.pricetornado.com\/da\/wp-json\/wp\/v2\/product_brand?post=447805"},{"taxonomy":"product_cat","embeddable":true,"href":"https:\/\/www.pricetornado.com\/da\/wp-json\/wp\/v2\/product_cat?post=447805"},{"taxonomy":"product_tag","embeddable":true,"href":"https:\/\/www.pricetornado.com\/da\/wp-json\/wp\/v2\/product_tag?post=447805"}],"curies":[{"name":"wp","href":"https:\/\/api.w.org\/{rel}","templated":true}]}}