{"id":447802,"date":"2025-02-27T11:50:38","date_gmt":"2025-02-27T10:50:38","guid":{"rendered":"https:\/\/www.pricetornado.com\/da\/produkt\/alecto-43-tommer-video-babyalarm-groen-dvm149gn\/"},"modified":"2026-04-17T09:00:04","modified_gmt":"2026-04-17T07:00:04","slug":"alecto-43-tommer-video-babyalarm-groen-dvm149gn","status":"publish","type":"product","link":"https:\/\/www.pricetornado.com\/da\/produkt\/alecto-43-tommer-video-babyalarm-groen-dvm149gn\/","title":{"rendered":"Alecto &#8211; 4,3 tommer video-babyalarm Gr\u00f8n &#8211; DVM149GN"},"content":{"rendered":"<p>K\u00f8b billig Alecto &#8211; 4,3 tommer video-babyalarm Gr\u00f8n &#8211; DVM149GN!<br \/>\nAlecto DVM149GN video-babyalarm hj\u00e6lper dig med at holde trygt \u00f8je med dit barn d\u00f8gnet rundt. Babyalarmen best\u00e5r af et robust kamera i slidst\u00e6rkt plastik og en stor 4,3\u201d farvesk\u00e6rm, s\u00e5 du altid kan f\u00f8lge med \u2013 b\u00e5de dag og nat \u2013 takket v\u00e6re den indbyggede nattesynsfunktion. Det lette og solide design g\u00f8r babyalarmen nem at have med rundt i hjemmet og sikrer nem h\u00e5ndtering for travle for\u00e6ldre.Med Alecto DVM149GN f\u00e5r du brugervenlig og sikker babyoverv\u00e5gning gennem en krypteret digital forbindelse. P\u00e5 den store farvesk\u00e6rm kan du f\u00f8lge klare livebilleder og nemt afl\u00e6se rumtemperaturen, s\u00e5 du altid ved, om barnet har det behageligt. Lydkvaliteten er h\u00f8j, og sk\u00e6rm samt lyd aktiveres automatisk ved lyd via VOX-funktionen, hvilket sparer str\u00f8m og reducerer un\u00f8dvendig sk\u00e6rmtid.Kameraet kan monteres nemt og sikkert med det medf\u00f8lgende monteringsmateriale, s\u00e5 du f\u00e5r det perfekte overblik over barnet. For\u00e6ldreenheden har en brugervenlig farvesk\u00e6rm, der viser den nuv\u00e6rende temperatur i barnets rum. Begge enheder leveres med adaptere og batteri til for\u00e6ldreenheden. Manualer f\u00f8lger med p\u00e5 flere sprog for enkel ops\u00e6tning.Alecto DVM149GN video-babyalarm giver dig p\u00e5lidelig overv\u00e5gning, energibesparende funktioner og maksimal tryghed \u2013 alt samlet i en brugervenlig og fleksibel l\u00f8sning. G\u00f8r hverdagen mere overskuelig og rolig med et hurtigt overblik over dit barns velbefindende.<\/p>\n<p>Sammenlign priser p\u00e5 Alecto &#8211; 4,3 tommer video-babyalarm Gr\u00f8n &#8211; DVM149GN og k\u00f8b online til den billigste pris, samt p\u00e5 tilbud!\u00a0\u00a0Tjek den bedste pris, produkt beskrivelse, video, test, anmeldelser osv.<\/p>\n<p><strong>Brand: <\/strong>Alecto<br \/>\n<strong>EAN: <\/strong>8711902078814<br \/>\n<strong>Producentens varenr.:<\/strong> 8711902078814<\/p>\n<p><strong>P.S.<\/strong><br \/>\nTilmeld dig til &#8220;Opret Gratis Prisfald Alarm&#8221;, og bliv underrettet med det samme om prisfald p\u00e5 Alecto &#8211; 4,3 tommer video-babyalarm Gr\u00f8n &#8211; DVM149GN, og f\u00e5 den billigste pris!<\/p>\n<p>&nbsp;<\/p>\n<p>&nbsp;<\/p>\n","protected":false},"excerpt":{"rendered":"<p>K\u00f8b billig Alecto &#8211; 4,3 tommer video-babyalarm Gr\u00f8n &#8211; DVM149GN! Alecto DVM149GN video-babyalarm hj\u00e6lper dig med at holde trygt \u00f8je med dit barn d\u00f8gnet rundt. Babyalarmen best\u00e5r af et robust kamera i slidst\u00e6rkt plastik og en stor 4,3\u201d farvesk\u00e6rm, s\u00e5 du altid kan f\u00f8lge med \u2013 b\u00e5de dag og nat \u2013 takket v\u00e6re den indbyggede [&hellip;]<\/p>\n","protected":false},"featured_media":999980000004478020,"template":"","meta":[],"store":[1272516],"product_brand":[1272518],"product_cat":[1272510],"product_tag":[1275186,1272728],"class_list":{"0":"post-447802","1":"product","2":"type-product","3":"status-publish","4":"has-post-thumbnail","6":"store-butik24","7":"product_brand-alecto","8":"product_cat-babypleje","9":"product_tag-alecto","10":"product_tag-babypleje","11":"pa_maerke-alecto","13":"first","14":"instock","15":"product-type-external"},"_links":{"self":[{"href":"https:\/\/www.pricetornado.com\/da\/wp-json\/wp\/v2\/product\/447802","targetHints":{"allow":["GET"]}}],"collection":[{"href":"https:\/\/www.pricetornado.com\/da\/wp-json\/wp\/v2\/product"}],"about":[{"href":"https:\/\/www.pricetornado.com\/da\/wp-json\/wp\/v2\/types\/product"}],"wp:featuredmedia":[{"embeddable":true,"href":"https:\/\/www.pricetornado.com\/da\/wp-json\/"}],"wp:attachment":[{"href":"https:\/\/www.pricetornado.com\/da\/wp-json\/wp\/v2\/media?parent=447802"}],"wp:term":[{"taxonomy":"store","embeddable":true,"href":"https:\/\/www.pricetornado.com\/da\/wp-json\/wp\/v2\/store?post=447802"},{"taxonomy":"product_brand","embeddable":true,"href":"https:\/\/www.pricetornado.com\/da\/wp-json\/wp\/v2\/product_brand?post=447802"},{"taxonomy":"product_cat","embeddable":true,"href":"https:\/\/www.pricetornado.com\/da\/wp-json\/wp\/v2\/product_cat?post=447802"},{"taxonomy":"product_tag","embeddable":true,"href":"https:\/\/www.pricetornado.com\/da\/wp-json\/wp\/v2\/product_tag?post=447802"}],"curies":[{"name":"wp","href":"https:\/\/api.w.org\/{rel}","templated":true}]}}