{"id":447794,"date":"2025-02-22T17:04:37","date_gmt":"2025-02-22T16:04:37","guid":{"rendered":"https:\/\/www.pricetornado.com\/da\/produkt\/philips-lr20p2b-10-power-alkaline-d-2-stk-batteri\/"},"modified":"2026-04-20T09:30:15","modified_gmt":"2026-04-20T07:30:15","slug":"philips-lr20p2b-10-power-alkaline-d-2-stk-batteri","status":"publish","type":"product","link":"https:\/\/www.pricetornado.com\/da\/produkt\/philips-lr20p2b-10-power-alkaline-d-2-stk-batteri\/","title":{"rendered":"Philips LR20P2B\/10 Power Alkaline D 2-stk Batteri"},"content":{"rendered":"<p>K\u00f8b billig Philips LR20P2B\/10 Power Alkaline D 2-stk Batteri!<br \/>\nPhilips Power Alkaline D-batterier er ideelle til elektroniske apparater, der kr\u00e6ver meget energi \u2013 s\u00e5som elektronisk leget\u00f8j og b\u00e6rbare lydafspillere. Med disse batterier holder dine enheder l\u00e6ngere, uden at du skal bekymre dig om hyppig udskiftning.Batterierne er fremstillet med alkaline-teknologi og uden skadelige tungmetaller som cadmium, kviks\u00f8lv og bly. Det g\u00f8r dem mere sikre at bruge og nemmere at bortskaffe med omtanke for milj\u00f8et. De har en holdbarhed p\u00e5 op til 10 \u00e5r og bevarer mindst 80 % af deres oprindelige energi i denne periode.Philips Power Alkaline D-batterier er kompatible med flere almindelige batterityper, herunder D, LR20, AM1, 13A og MN1300. Emballagen er milj\u00f8ansvarlig og best\u00e5r af PET blister og karton. Den er desuden udstyret med tydelige farvekoder og universale symboler, s\u00e5 det er nemt at se batteritype og anvendelse uanset sprog.V\u00e6lg Philips Power Alkaline D-batterier, og f\u00e5 stabil og sikker str\u00f8m til dine mest kr\u00e6vende elektroniske enheder. Se ogs\u00e5 vores \u00f8vrige -produkter for flere smarte l\u00f8sninger.<\/p>\n<p>Sammenlign priser p\u00e5 Philips LR20P2B\/10 Power Alkaline D 2-stk Batteri og k\u00f8b online til den billigste pris, samt p\u00e5 tilbud!\u00a0\u00a0Tjek den bedste pris, produkt beskrivelse, video, test, anmeldelser osv.<\/p>\n<p><strong>Brand: <\/strong>Philips<br \/>\n<strong>EAN: <\/strong>8712581550011<br \/>\n<strong>Producentens varenr.:<\/strong> 8712581550011<\/p>\n<p><strong>P.S.<\/strong><br \/>\nTilmeld dig til &#8220;Opret Gratis Prisfald Alarm&#8221;, og bliv underrettet med det samme om prisfald p\u00e5 Philips LR20P2B\/10 Power Alkaline D 2-stk Batteri, og f\u00e5 den billigste pris!<\/p>\n<p>&nbsp;<\/p>\n<p>&nbsp;<\/p>\n","protected":false},"excerpt":{"rendered":"<p>K\u00f8b billig Philips LR20P2B\/10 Power Alkaline D 2-stk Batteri! Philips Power Alkaline D-batterier er ideelle til elektroniske apparater, der kr\u00e6ver meget energi \u2013 s\u00e5som elektronisk leget\u00f8j og b\u00e6rbare lydafspillere. Med disse batterier holder dine enheder l\u00e6ngere, uden at du skal bekymre dig om hyppig udskiftning.Batterierne er fremstillet med alkaline-teknologi og uden skadelige tungmetaller som cadmium, [&hellip;]<\/p>\n","protected":false},"featured_media":999980000004477940,"template":"","meta":[],"store":[1272516],"product_brand":[1272519],"product_cat":[1272435],"product_tag":[1272701,1275180],"class_list":{"0":"post-447794","1":"product","2":"type-product","3":"status-publish","4":"has-post-thumbnail","6":"store-butik24","7":"product_brand-philips","8":"product_cat-batteri","9":"product_tag-batteri","10":"product_tag-philips","11":"pa_maerke-philips","13":"first","14":"instock","15":"product-type-external"},"_links":{"self":[{"href":"https:\/\/www.pricetornado.com\/da\/wp-json\/wp\/v2\/product\/447794","targetHints":{"allow":["GET"]}}],"collection":[{"href":"https:\/\/www.pricetornado.com\/da\/wp-json\/wp\/v2\/product"}],"about":[{"href":"https:\/\/www.pricetornado.com\/da\/wp-json\/wp\/v2\/types\/product"}],"wp:featuredmedia":[{"embeddable":true,"href":"https:\/\/www.pricetornado.com\/da\/wp-json\/"}],"wp:attachment":[{"href":"https:\/\/www.pricetornado.com\/da\/wp-json\/wp\/v2\/media?parent=447794"}],"wp:term":[{"taxonomy":"store","embeddable":true,"href":"https:\/\/www.pricetornado.com\/da\/wp-json\/wp\/v2\/store?post=447794"},{"taxonomy":"product_brand","embeddable":true,"href":"https:\/\/www.pricetornado.com\/da\/wp-json\/wp\/v2\/product_brand?post=447794"},{"taxonomy":"product_cat","embeddable":true,"href":"https:\/\/www.pricetornado.com\/da\/wp-json\/wp\/v2\/product_cat?post=447794"},{"taxonomy":"product_tag","embeddable":true,"href":"https:\/\/www.pricetornado.com\/da\/wp-json\/wp\/v2\/product_tag?post=447794"}],"curies":[{"name":"wp","href":"https:\/\/api.w.org\/{rel}","templated":true}]}}