{"id":447790,"date":"2025-02-22T20:22:22","date_gmt":"2025-02-22T19:22:22","guid":{"rendered":"https:\/\/www.pricetornado.com\/da\/produkt\/philips-s9974-63-elektrisk-shaver-til-vaad-og-toer-barbering-med-skiniq-series-9000\/"},"modified":"2026-04-17T07:40:41","modified_gmt":"2026-04-17T05:40:41","slug":"philips-s9974-63-elektrisk-shaver-til-vaad-og-toer-barbering-med-skiniq-series-9000","status":"publish","type":"product","link":"https:\/\/www.pricetornado.com\/da\/produkt\/philips-s9974-63-elektrisk-shaver-til-vaad-og-toer-barbering-med-skiniq-series-9000\/","title":{"rendered":"Philips S9974\/63 Elektrisk shaver til v\u00e5d og t\u00f8r barbering med SkinIQ series 9000"},"content":{"rendered":"<p>K\u00f8b billig Philips S9974\/63 Elektrisk shaver til v\u00e5d og t\u00f8r barbering med SkinIQ series 9000!<br \/>\nOplev verdens mest intelligente elektriske barbermaskine drevet af AI \u2013 Philips Shaver i 9000-serien. Denne avancerede shaver giver en suver\u00e6n t\u00e6t barbering helt ned p\u00e5 hudniveau takket v\u00e6re det patenterede Lift &amp; Cut-barberingssystem, der l\u00f8fter h\u00e5rene f\u00f8r klipning for maksimal t\u00e6thed uden direkte kontakt mellem blad og hud. SkinIQ-teknologien tilbyder realtids trykfeedback for at beskytte din hud mod irritation og giver en personlig barberingsoplevelse hver gang.Philips Shaver i 9000-serien giver op til 60 minutters tr\u00e5dl\u00f8s brug efter kun 1 times opladning, og en hurtigopladning p\u00e5 5 minutter giver str\u00f8m til \u00e9n fuld barbering. Den medf\u00f8lgende Quick Clean Pod reng\u00f8r og sm\u00f8rer maskinen p\u00e5 kun 1 minut \u2013 op til 10 gange mere effektivt end reng\u00f8ring med vand alene, hvilket sikrer optimal hygiejne og maskinens levetid.Barbermaskinen er udstyret med selvslibende Dual SteelPrecision-blade for langvarig ydeevne og holdbarhed. Produktet leveres med op til 5 \u00e5rs garanti (afh\u00e6nger af region), s\u00e5 du er sikret en p\u00e5lidelig barberingsoplevelse i lang tid fremover. og find det perfekte udstyr til din personlige pleje.<\/p>\n<p>Sammenlign priser p\u00e5 Philips S9974\/63 Elektrisk shaver til v\u00e5d og t\u00f8r barbering med SkinIQ series 9000 og k\u00f8b online til den billigste pris, samt p\u00e5 tilbud!\u00a0\u00a0Tjek den bedste pris, produkt beskrivelse, video, test, anmeldelser osv.<\/p>\n<p><strong>Brand: <\/strong>Philips<br \/>\n<strong>EAN: <\/strong>8720689018166<br \/>\n<strong>Producentens varenr.:<\/strong> 8720689018166<\/p>\n<p><strong>P.S.<\/strong><br \/>\nTilmeld dig til &#8220;Opret Gratis Prisfald Alarm&#8221;, og bliv underrettet med det samme om prisfald p\u00e5 Philips S9974\/63 Elektrisk shaver til v\u00e5d og t\u00f8r barbering med SkinIQ series 9000, og f\u00e5 den billigste pris!<\/p>\n<p>&nbsp;<\/p>\n<p>&nbsp;<\/p>\n","protected":false},"excerpt":{"rendered":"<p>K\u00f8b billig Philips S9974\/63 Elektrisk shaver til v\u00e5d og t\u00f8r barbering med SkinIQ series 9000! Oplev verdens mest intelligente elektriske barbermaskine drevet af AI \u2013 Philips Shaver i 9000-serien. Denne avancerede shaver giver en suver\u00e6n t\u00e6t barbering helt ned p\u00e5 hudniveau takket v\u00e6re det patenterede Lift &amp; Cut-barberingssystem, der l\u00f8fter h\u00e5rene f\u00f8r klipning for maksimal [&hellip;]<\/p>\n","protected":false},"featured_media":999980000004477900,"template":"","meta":[],"store":[1272516],"product_brand":[1272519],"product_cat":[1272413],"product_tag":[1272706,1275180],"class_list":{"0":"post-447790","1":"product","2":"type-product","3":"status-publish","4":"has-post-thumbnail","6":"store-butik24","7":"product_brand-philips","8":"product_cat-personlig-pleje","9":"product_tag-personlig-pleje","10":"product_tag-philips","11":"pa_maerke-philips","13":"first","14":"instock","15":"product-type-external"},"_links":{"self":[{"href":"https:\/\/www.pricetornado.com\/da\/wp-json\/wp\/v2\/product\/447790","targetHints":{"allow":["GET"]}}],"collection":[{"href":"https:\/\/www.pricetornado.com\/da\/wp-json\/wp\/v2\/product"}],"about":[{"href":"https:\/\/www.pricetornado.com\/da\/wp-json\/wp\/v2\/types\/product"}],"wp:featuredmedia":[{"embeddable":true,"href":"https:\/\/www.pricetornado.com\/da\/wp-json\/"}],"wp:attachment":[{"href":"https:\/\/www.pricetornado.com\/da\/wp-json\/wp\/v2\/media?parent=447790"}],"wp:term":[{"taxonomy":"store","embeddable":true,"href":"https:\/\/www.pricetornado.com\/da\/wp-json\/wp\/v2\/store?post=447790"},{"taxonomy":"product_brand","embeddable":true,"href":"https:\/\/www.pricetornado.com\/da\/wp-json\/wp\/v2\/product_brand?post=447790"},{"taxonomy":"product_cat","embeddable":true,"href":"https:\/\/www.pricetornado.com\/da\/wp-json\/wp\/v2\/product_cat?post=447790"},{"taxonomy":"product_tag","embeddable":true,"href":"https:\/\/www.pricetornado.com\/da\/wp-json\/wp\/v2\/product_tag?post=447790"}],"curies":[{"name":"wp","href":"https:\/\/api.w.org\/{rel}","templated":true}]}}